{"id":53,"date":"2015-11-24T15:52:02","date_gmt":"2015-11-24T14:52:02","guid":{"rendered":"http:\/\/www.moedlareuth.de\/?page_id=53"},"modified":"2026-01-08T11:30:12","modified_gmt":"2026-01-08T10:30:12","slug":"impressum","status":"publish","type":"page","link":"https:\/\/www.moedlareuth.de\/nl\/impressum\/","title":{"rendered":"Afdruk"},"content":{"rendered":"<div data-elementor-type=\"wp-page\" data-elementor-id=\"53\" class=\"elementor elementor-53\" data-elementor-post-type=\"page\">\n\t\t\t\t\t\t<section class=\"ob-is-breaking-bad elementor-section elementor-top-section elementor-element elementor-element-24ae8f05 elementor-section-boxed elementor-section-height-default elementor-section-height-default\" data-id=\"24ae8f05\" data-element_type=\"section\" data-e-type=\"section\" data-settings=\"{&quot;_ob_bbad_use_it&quot;:&quot;yes&quot;,&quot;_ob_bbad_sssic_use&quot;:&quot;no&quot;}\">\n\t\t\t\t\t\t<div class=\"elementor-container elementor-column-gap-default\">\n\t\t\t\t\t<div class=\"elementor-column elementor-col-100 elementor-top-column elementor-element elementor-element-556d6e4c\" data-id=\"556d6e4c\" data-element_type=\"column\" data-e-type=\"column\" data-settings=\"{&quot;_ob_bbad_is_stalker&quot;:&quot;no&quot;,&quot;_ob_column_hoveranimator&quot;:&quot;no&quot;,&quot;_ob_column_has_pseudo&quot;:&quot;no&quot;}\">\n\t\t\t<div class=\"elementor-widget-wrap elementor-element-populated\">\n\t\t\t\t\t\t<div class=\"elementor-element elementor-element-246bed00 ob-harakiri-inherit ob-has-background-overlay elementor-widget elementor-widget-text-editor\" data-id=\"246bed00\" data-element_type=\"widget\" data-e-type=\"widget\" data-settings=\"{&quot;_ob_use_harakiri&quot;:&quot;yes&quot;,&quot;_ob_harakiri_writing_mode&quot;:&quot;inherit&quot;,&quot;_ob_postman_use&quot;:&quot;no&quot;,&quot;_ob_poopart_use&quot;:&quot;yes&quot;,&quot;_ob_allow_hoveranimator&quot;:&quot;no&quot;,&quot;_ob_widget_stalker_use&quot;:&quot;no&quot;}\" data-widget_type=\"text-editor.default\">\n\t\t\t\t<div class=\"elementor-widget-container\">\n\t\t\t\t\t\t\t\t\t<div class=\"wp-block-kadence-rowlayout alignnone\">\n<div id=\"kt-layout-id_96dbca-81\" class=\"kt-row-layout-inner kt-layout-id_96dbca-81\">\n<div class=\"kt-row-column-wrap kt-has-2-columns kt-gutter-none kt-v-gutter-none kt-row-valign-top kt-row-layout-equal kt-tab-layout-inherit kt-m-colapse-left-to-right kt-mobile-layout-row\">\n<p><style>.kadence-column_337039-9c > .kt-inside-inner-col{padding-left:50px;}.kadence-column_337039-9c > .kt-inside-inner-col{border-top-width:0px;border-right-width:0px;border-bottom-width:0px;border-left-width:0px;}.kadence-column_337039-9c > .kt-inside-inner-col,.kadence-column_337039-9c > .kt-inside-inner-col:before{border-top-left-radius:0px;border-top-right-radius:0px;border-bottom-right-radius:0px;border-bottom-left-radius:0px;}.kadence-column_337039-9c > .kt-inside-inner-col{column-gap:var(--global-kb-gap-sm, 1rem);}.kadence-column_337039-9c > .kt-inside-inner-col{flex-direction:column;}.kadence-column_337039-9c > .kt-inside-inner-col > .aligncenter{width:100%;}.kadence-column_337039-9c > .kt-inside-inner-col:before{opacity:0.3;}.kadence-column_337039-9c{position:relative;}@media all and (max-width: 1024px){.kadence-column_337039-9c > .kt-inside-inner-col{flex-direction:column;justify-content:center;}}@media all and (max-width: 767px){.kadence-column_337039-9c > .kt-inside-inner-col{flex-direction:column;justify-content:center;}}<\/style><\/p>\n<div class=\"wp-block-kadence-column inner-column-1 kadence-column_337039-9c\">\n<div class=\"kt-inside-inner-col\">\n<p><\/p>\n<p><strong>Editor:<\/strong><br \/>Vereniging van Duits-Duits Museum M\u00f6dlareuth,<br \/>Christine Franz<br \/>Schaumbergstrae 14<br \/>95032 meter<\/p>\n<p><\/p>\n<p>Telefoon: 09281\/57-288<br \/>E-mailadres: <a href=\"mailto:christine.franz@landkreis-hof.de\">christine.franz@landkreis-hof.de<\/a><\/p>\n<p><\/p>\n<p>Het Zweckverband is een vennootschap d.\u00f6.R., vertegenwoordigd door de districtsadministrateur Dr. Oliver Baer.<br \/>Toezichthoudende autoriteit: regering van Opper-Franken<\/p>\n<p><\/p>\n<p><strong>Verantwoordelijk volgens de perswet:<br \/><\/strong>Robert Lebegern MA<br \/>Duits-Duits Museum M\u00f6dlareuth<br \/>M\u00f6dlareuth 14<br \/>95183 T\u00f6pen<br \/>Tel. 09295-91501-22<br \/>e-mail <a href=\"mailto:robert.lebegern@museum-moedlareuth.de\">robert.lebegern@museum-moedlareuth.de<\/a><\/p>\n<p><\/p>\n<p><strong>Technisch contactpersoon:<\/strong><br \/>wijk Hof<br \/>Digitale media<br \/>Alexander Volkmar<br \/>Telefoon: 09281\/57-0<br \/>Fax:\u00a0 09281\/57-11-294<br \/>E-mailadres:\u00a0<a href=\"mailto:webmaster@landkreis-hof.de\">alexander.volkmar@landkreis-hof.de<\/a><\/p>\n<p><\/p>\n<p><strong>Gesteund door:<\/strong><\/p>\n<p><a href=\"https:\/\/kulturstaatsminister.de\/\">https:\/\/kulturstaatsminister.de\/<\/a><\/p>\n<p><\/p>\n<\/div>\n<\/div>\n<p><style>.kadence-column_e5f81e-20 > .kt-inside-inner-col{padding-left:50px;}.kadence-column_e5f81e-20 > .kt-inside-inner-col{border-top-width:0px;border-right-width:0px;border-bottom-width:0px;border-left-width:0px;}.kadence-column_e5f81e-20 > .kt-inside-inner-col,.kadence-column_e5f81e-20 > .kt-inside-inner-col:before{border-top-left-radius:0px;border-top-right-radius:0px;border-bottom-right-radius:0px;border-bottom-left-radius:0px;}.kadence-column_e5f81e-20 > .kt-inside-inner-col{column-gap:var(--global-kb-gap-sm, 1rem);}.kadence-column_e5f81e-20 > .kt-inside-inner-col{flex-direction:column;}.kadence-column_e5f81e-20 > .kt-inside-inner-col > .aligncenter{width:100%;}.kadence-column_e5f81e-20 > .kt-inside-inner-col:before{opacity:0.3;}.kadence-column_e5f81e-20{position:relative;}@media all and (max-width: 1024px){.kadence-column_e5f81e-20 > .kt-inside-inner-col{flex-direction:column;justify-content:center;}}@media all and (max-width: 767px){.kadence-column_e5f81e-20 > .kt-inside-inner-col{flex-direction:column;justify-content:center;}}<\/style><\/p>\n<div class=\"wp-block-kadence-column inner-column-2 kadence-column_e5f81e-20\">\n<div class=\"kt-inside-inner-col\">\n<p><\/p>\n<p><strong>Externe referenties (links):<\/strong><br \/>Ondanks zorgvuldige inhoudelijke controle aanvaarden wij geen aansprakelijkheid voor de inhoud van externe links. De exploitanten van de gelinkte pagina&#039;s zijn als enige verantwoordelijk voor de inhoud ervan.<\/p>\n<p><\/p>\n<p><strong>Vrijwaring:<\/strong><br \/>Stadsdeelkantoor Hof heeft naar beste weten en overtuiging alle informatie op haar gebied verzameld en gecontroleerd. Er wordt echter geen garantie gegeven voor de actualiteit, juistheid, volledigheid of kwaliteit en constante beschikbaarheid van de aangeboden informatie.<\/p>\n<p><\/p>\n<p>Stadsdeelkantoor Hof en haar medewerkers zijn niet aansprakelijk voor schade ontstaan door het al dan niet gebruiken van de op de website van stadsdeelkantoor Hof aangeboden informatie. Wij zijn niet aansprakelijk voor eventuele schade veroorzaakt door computervirussen bij het openen of downloaden van gegevens of het installeren of gebruiken van software. Het Landratsamt Hof behoudt zich uitdrukkelijk het recht voor om afzonderlijke websites of het gehele aanbod zonder voorafgaande kennisgeving te wijzigen, aan te vullen, te verwijderen of de publicatie tijdelijk of definitief stop te zetten.<\/p>\n<p><\/p>\n<p><strong>Elektronische communicatie:<\/strong><br \/>Om technische en organisatorische redenen kunnen we momenteel geen versleutelde e-mails ontvangen of elektronische handtekeningen controleren op geldigheid en authenticiteit.<\/p>\n<p><\/p>\n<p>Documenten die onderworpen zijn aan de schriftelijke vorm (bijvoorbeeld bezwaren) of een formele betekening kunnen niet per e-mail worden verzonden. Dergelijke juridisch bindende intentieverklaringen, die per e-mail worden verzonden, worden geacht niet te zijn ingediend. In deze gevallen wordt u verzocht gebruik te maken van de bestaande communicatiekanalen (brief, fax).<\/p>\n<p><\/p>\n<p><strong>Ontwerp &amp; realisatie van de website:\u00a0\u00a0<\/strong><\/p>\n<p><\/p>\n<p>Kreativunion Werbeagentur <br \/>Schnetterstraat 4<br \/>98667 Sch\u00f6nbrunn b. Hildburghausen<br \/><a title=\"Werbeagentur Th\u00fcringen Webdesign Suhl\" href=\"https:\/\/www.kreativunion.de\" target=\"_blank\" rel=\"noopener\">www.kreativunion.de<\/a><\/p>\n<p><\/p>\n<\/div>\n<\/div>\n<p><\/p>\n<\/div>\n<\/div>\n<\/div>\n<p><!-- \/wp:kadence\/rowlayout --><\/p>\t\t\t\t\t\t\t\t<\/div>\n\t\t\t\t<\/div>\n\t\t\t\t\t<\/div>\n\t\t<\/div>\n\t\t\t\t\t<\/div>\n\t\t<\/section>\n\t\t\t\t<\/div>","protected":false},"excerpt":{"rendered":"<p>Herausgeber:Zweckverband Deutsch-Deutsches Museum M\u00f6dlareuth,Christine FranzSchaumbergstra\u00dfe 1495032 Hof Telefon: 09281\/57-288E-Mail: christine.franz@landkreis-hof.de Der Zweckverband ist eine K\u00f6rperschaft d.\u00f6.R., vertreten durch den Landrat Dr. Oliver B\u00e4r.Aufsichtsbeh\u00f6rde: Regierung von Oberfranken Verantwortlich im Sinne des Presserechts:Robert Lebegern M.A.Deutsch-Deutsches Museum M\u00f6dlareuthM\u00f6dlareuth 1495183 T\u00f6penTel. 09295-91501-22E-Mail robert.lebegern@museum-moedlareuth.de Technischer Ansprechpartner:Landkreis HofDigitale MedienAlexander VolkmarTelefon: 09281\/57-0Fax:\u00a0 09281\/57-11-294E-Mail:\u00a0alexander.volkmar@landkreis-hof.de Gef\u00f6rdert von: https:\/\/kulturstaatsminister.de\/ Externe Verweise (Links):Trotz sorgf\u00e4ltiger inhaltlicher Kontrolle&#8230;<\/p>","protected":false},"author":1,"featured_media":0,"parent":0,"menu_order":0,"comment_status":"closed","ping_status":"closed","template":"","meta":{"_acf_changed":false,"inline_featured_image":false,"_kad_post_transparent":"","_kad_post_title":"","_kad_post_layout":"","_kad_post_sidebar_id":"","_kad_post_content_style":"","_kad_post_vertical_padding":"","_kad_post_feature":"","_kad_post_feature_position":"","_kad_post_header":false,"_kad_post_footer":false,"_kad_post_classname":"","footnotes":""},"kategorien":[],"class_list":["post-53","page","type-page","status-publish","hentry"],"acf":[],"yoast_head":"<!-- This site is optimized with the Yoast SEO plugin v27.5 - https:\/\/yoast.com\/product\/yoast-seo-wordpress\/ -->\n<title>Impressum - Deutsch-Deutsches Museum M\u00f6dlareuth<\/title>\n<meta name=\"robots\" content=\"index, follow, max-snippet:-1, max-image-preview:large, max-video-preview:-1\" \/>\n<link rel=\"canonical\" href=\"https:\/\/www.moedlareuth.de\/nl\/impressum\/\" \/>\n<meta property=\"og:locale\" content=\"nl_NL\" \/>\n<meta property=\"og:type\" content=\"article\" \/>\n<meta property=\"og:title\" content=\"Impressum - Deutsch-Deutsches Museum M\u00f6dlareuth\" \/>\n<meta property=\"og:description\" content=\"Herausgeber:Zweckverband Deutsch-Deutsches Museum M\u00f6dlareuth,Christine FranzSchaumbergstra\u00dfe 1495032 Hof Telefon: 09281\/57-288E-Mail: christine.franz@landkreis-hof.de Der Zweckverband ist eine K\u00f6rperschaft d.\u00f6.R., vertreten durch den Landrat Dr. Oliver B\u00e4r.Aufsichtsbeh\u00f6rde: Regierung von Oberfranken Verantwortlich im Sinne des Presserechts:Robert Lebegern M.A.Deutsch-Deutsches Museum M\u00f6dlareuthM\u00f6dlareuth 1495183 T\u00f6penTel. 09295-91501-22E-Mail robert.lebegern@museum-moedlareuth.de Technischer Ansprechpartner:Landkreis HofDigitale MedienAlexander VolkmarTelefon: 09281\/57-0Fax:\u00a0 09281\/57-11-294E-Mail:\u00a0alexander.volkmar@landkreis-hof.de Gef\u00f6rdert von: https:\/\/kulturstaatsminister.de\/ Externe Verweise (Links):Trotz sorgf\u00e4ltiger inhaltlicher Kontrolle...\" \/>\n<meta property=\"og:url\" content=\"https:\/\/www.moedlareuth.de\/nl\/impressum\/\" \/>\n<meta property=\"og:site_name\" content=\"Deutsch-Deutsches Museum M\u00f6dlareuth\" \/>\n<meta property=\"article:modified_time\" content=\"2026-01-08T10:30:12+00:00\" \/>\n<meta name=\"twitter:card\" content=\"summary_large_image\" \/>\n<meta name=\"twitter:label1\" content=\"Geschatte leestijd\" \/>\n\t<meta name=\"twitter:data1\" content=\"2 minuten\" \/>\n<script type=\"application\/ld+json\" class=\"yoast-schema-graph\">{\"@context\":\"https:\\\/\\\/schema.org\",\"@graph\":[{\"@type\":\"WebPage\",\"@id\":\"https:\\\/\\\/www.moedlareuth.de\\\/impressum\\\/\",\"url\":\"https:\\\/\\\/www.moedlareuth.de\\\/impressum\\\/\",\"name\":\"Impressum - Deutsch-Deutsches Museum M\u00f6dlareuth\",\"isPartOf\":{\"@id\":\"https:\\\/\\\/moedlareuth.de\\\/preview\\\/#website\"},\"datePublished\":\"2015-11-24T14:52:02+00:00\",\"dateModified\":\"2026-01-08T10:30:12+00:00\",\"breadcrumb\":{\"@id\":\"https:\\\/\\\/www.moedlareuth.de\\\/impressum\\\/#breadcrumb\"},\"inLanguage\":\"nl-NL\",\"potentialAction\":[{\"@type\":\"ReadAction\",\"target\":[\"https:\\\/\\\/www.moedlareuth.de\\\/impressum\\\/\"]}]},{\"@type\":\"BreadcrumbList\",\"@id\":\"https:\\\/\\\/www.moedlareuth.de\\\/impressum\\\/#breadcrumb\",\"itemListElement\":[{\"@type\":\"ListItem\",\"position\":1,\"name\":\"Startseite\",\"item\":\"https:\\\/\\\/www.moedlareuth.de\\\/\"},{\"@type\":\"ListItem\",\"position\":2,\"name\":\"Impressum\"}]},{\"@type\":\"WebSite\",\"@id\":\"https:\\\/\\\/moedlareuth.de\\\/preview\\\/#website\",\"url\":\"https:\\\/\\\/moedlareuth.de\\\/preview\\\/\",\"name\":\"Deutsch-Deutsches Museum M\u00f6dlareuth\",\"description\":\"Gedenkst\u00e4tte zur deutschen Teilung\",\"publisher\":{\"@id\":\"https:\\\/\\\/moedlareuth.de\\\/preview\\\/#organization\"},\"potentialAction\":[{\"@type\":\"SearchAction\",\"target\":{\"@type\":\"EntryPoint\",\"urlTemplate\":\"https:\\\/\\\/moedlareuth.de\\\/preview\\\/?s={search_term_string}\"},\"query-input\":{\"@type\":\"PropertyValueSpecification\",\"valueRequired\":true,\"valueName\":\"search_term_string\"}}],\"inLanguage\":\"nl-NL\"},{\"@type\":\"Organization\",\"@id\":\"https:\\\/\\\/moedlareuth.de\\\/preview\\\/#organization\",\"name\":\"Deutsch-Deutsches Museum M\u00f6dlareuth\",\"url\":\"https:\\\/\\\/moedlareuth.de\\\/preview\\\/\",\"logo\":{\"@type\":\"ImageObject\",\"inLanguage\":\"nl-NL\",\"@id\":\"https:\\\/\\\/moedlareuth.de\\\/preview\\\/#\\\/schema\\\/logo\\\/image\\\/\",\"url\":\"https:\\\/\\\/www.moedlareuth.de\\\/wp-content\\\/uploads\\\/2022\\\/02\\\/museum_moedlareuth_logo_hell_zusatz.svg\",\"contentUrl\":\"https:\\\/\\\/www.moedlareuth.de\\\/wp-content\\\/uploads\\\/2022\\\/02\\\/museum_moedlareuth_logo_hell_zusatz.svg\",\"width\":255,\"height\":62,\"caption\":\"Deutsch-Deutsches Museum M\u00f6dlareuth\"},\"image\":{\"@id\":\"https:\\\/\\\/moedlareuth.de\\\/preview\\\/#\\\/schema\\\/logo\\\/image\\\/\"}}]}<\/script>\n<!-- \/ Yoast SEO plugin. -->","yoast_head_json":{"title":"Impressum - Deutsch-Deutsches Museum M\u00f6dlareuth","robots":{"index":"index","follow":"follow","max-snippet":"max-snippet:-1","max-image-preview":"max-image-preview:large","max-video-preview":"max-video-preview:-1"},"canonical":"https:\/\/www.moedlareuth.de\/nl\/impressum\/","og_locale":"nl_NL","og_type":"article","og_title":"Impressum - Deutsch-Deutsches Museum M\u00f6dlareuth","og_description":"Herausgeber:Zweckverband Deutsch-Deutsches Museum M\u00f6dlareuth,Christine FranzSchaumbergstra\u00dfe 1495032 Hof Telefon: 09281\/57-288E-Mail: christine.franz@landkreis-hof.de Der Zweckverband ist eine K\u00f6rperschaft d.\u00f6.R., vertreten durch den Landrat Dr. Oliver B\u00e4r.Aufsichtsbeh\u00f6rde: Regierung von Oberfranken Verantwortlich im Sinne des Presserechts:Robert Lebegern M.A.Deutsch-Deutsches Museum M\u00f6dlareuthM\u00f6dlareuth 1495183 T\u00f6penTel. 09295-91501-22E-Mail robert.lebegern@museum-moedlareuth.de Technischer Ansprechpartner:Landkreis HofDigitale MedienAlexander VolkmarTelefon: 09281\/57-0Fax:\u00a0 09281\/57-11-294E-Mail:\u00a0alexander.volkmar@landkreis-hof.de Gef\u00f6rdert von: https:\/\/kulturstaatsminister.de\/ Externe Verweise (Links):Trotz sorgf\u00e4ltiger inhaltlicher Kontrolle...","og_url":"https:\/\/www.moedlareuth.de\/nl\/impressum\/","og_site_name":"Deutsch-Deutsches Museum M\u00f6dlareuth","article_modified_time":"2026-01-08T10:30:12+00:00","twitter_card":"summary_large_image","twitter_misc":{"Geschatte leestijd":"2 minuten"},"schema":{"@context":"https:\/\/schema.org","@graph":[{"@type":"WebPage","@id":"https:\/\/www.moedlareuth.de\/impressum\/","url":"https:\/\/www.moedlareuth.de\/impressum\/","name":"Impressum - Deutsch-Deutsches Museum M\u00f6dlareuth","isPartOf":{"@id":"https:\/\/moedlareuth.de\/preview\/#website"},"datePublished":"2015-11-24T14:52:02+00:00","dateModified":"2026-01-08T10:30:12+00:00","breadcrumb":{"@id":"https:\/\/www.moedlareuth.de\/impressum\/#breadcrumb"},"inLanguage":"nl-NL","potentialAction":[{"@type":"ReadAction","target":["https:\/\/www.moedlareuth.de\/impressum\/"]}]},{"@type":"BreadcrumbList","@id":"https:\/\/www.moedlareuth.de\/impressum\/#breadcrumb","itemListElement":[{"@type":"ListItem","position":1,"name":"Startseite","item":"https:\/\/www.moedlareuth.de\/"},{"@type":"ListItem","position":2,"name":"Impressum"}]},{"@type":"WebSite","@id":"https:\/\/moedlareuth.de\/preview\/#website","url":"https:\/\/moedlareuth.de\/preview\/","name":"Duits-Duits Museum M\u00f6dlareuth","description":"Gedenkteken voor de verdeling van Duitsland","publisher":{"@id":"https:\/\/moedlareuth.de\/preview\/#organization"},"potentialAction":[{"@type":"SearchAction","target":{"@type":"EntryPoint","urlTemplate":"https:\/\/moedlareuth.de\/preview\/?s={search_term_string}"},"query-input":{"@type":"PropertyValueSpecification","valueRequired":true,"valueName":"search_term_string"}}],"inLanguage":"nl-NL"},{"@type":"Organization","@id":"https:\/\/moedlareuth.de\/preview\/#organization","name":"Duits-Duits Museum M\u00f6dlareuth","url":"https:\/\/moedlareuth.de\/preview\/","logo":{"@type":"ImageObject","inLanguage":"nl-NL","@id":"https:\/\/moedlareuth.de\/preview\/#\/schema\/logo\/image\/","url":"https:\/\/www.moedlareuth.de\/wp-content\/uploads\/2022\/02\/museum_moedlareuth_logo_hell_zusatz.svg","contentUrl":"https:\/\/www.moedlareuth.de\/wp-content\/uploads\/2022\/02\/museum_moedlareuth_logo_hell_zusatz.svg","width":255,"height":62,"caption":"Deutsch-Deutsches Museum M\u00f6dlareuth"},"image":{"@id":"https:\/\/moedlareuth.de\/preview\/#\/schema\/logo\/image\/"}}]}},"_links":{"self":[{"href":"https:\/\/www.moedlareuth.de\/nl\/wp-json\/wp\/v2\/pages\/53","targetHints":{"allow":["GET"]}}],"collection":[{"href":"https:\/\/www.moedlareuth.de\/nl\/wp-json\/wp\/v2\/pages"}],"about":[{"href":"https:\/\/www.moedlareuth.de\/nl\/wp-json\/wp\/v2\/types\/page"}],"author":[{"embeddable":true,"href":"https:\/\/www.moedlareuth.de\/nl\/wp-json\/wp\/v2\/users\/1"}],"replies":[{"embeddable":true,"href":"https:\/\/www.moedlareuth.de\/nl\/wp-json\/wp\/v2\/comments?post=53"}],"version-history":[{"count":10,"href":"https:\/\/www.moedlareuth.de\/nl\/wp-json\/wp\/v2\/pages\/53\/revisions"}],"predecessor-version":[{"id":16442,"href":"https:\/\/www.moedlareuth.de\/nl\/wp-json\/wp\/v2\/pages\/53\/revisions\/16442"}],"wp:attachment":[{"href":"https:\/\/www.moedlareuth.de\/nl\/wp-json\/wp\/v2\/media?parent=53"}],"wp:term":[{"taxonomy":"kategorien","embeddable":true,"href":"https:\/\/www.moedlareuth.de\/nl\/wp-json\/wp\/v2\/kategorien?post=53"}],"curies":[{"name":"wp","href":"https:\/\/api.w.org\/{rel}","templated":true}]}}