{"id":4386,"date":"2021-12-02T12:11:48","date_gmt":"2021-12-02T11:11:48","guid":{"rendered":"http:\/\/moedlareuth.kreativunion.de\/?page_id=4386"},"modified":"2026-01-30T08:28:02","modified_gmt":"2026-01-30T07:28:02","slug":"ueber-das-museum","status":"publish","type":"page","link":"https:\/\/www.moedlareuth.de\/nl\/museum\/ueber-das-museum\/","title":{"rendered":"Over het museum"},"content":{"rendered":"<style>.kb-row-layout-id4386_be732f-cd > .kt-row-column-wrap{align-content:start;}:where(.kb-row-layout-id4386_be732f-cd > .kt-row-column-wrap) > .wp-block-kadence-column{justify-content:start;}.kb-row-layout-id4386_be732f-cd > .kt-row-column-wrap{column-gap:var(--global-kb-gap-none, 0rem );row-gap:var(--global-kb-gap-none, 0rem );padding-top:var(--global-kb-spacing-sm, 1.5rem);padding-bottom:var(--global-kb-spacing-sm, 1.5rem);grid-template-columns:minmax(0, calc(30% - ((var(--global-kb-gap-none, 0rem ) * 2 )\/3)))minmax(0, calc(10% - ((var(--global-kb-gap-none, 0rem ) * 2 )\/3)))minmax(0, calc(60% - ((var(--global-kb-gap-none, 0rem ) * 2 )\/3)));}.kb-row-layout-id4386_be732f-cd > .kt-row-layout-overlay{opacity:0.30;}@media all and (max-width: 1024px){.kb-row-layout-id4386_be732f-cd > .kt-row-column-wrap > div:not(.added-for-specificity){grid-column:initial;}}@media all and (max-width: 1024px){.kb-row-layout-id4386_be732f-cd > .kt-row-column-wrap{grid-template-columns:repeat(3, minmax(0, 1fr));}}@media all and (max-width: 767px){.kb-row-layout-id4386_be732f-cd > .kt-row-column-wrap > div:not(.added-for-specificity){grid-column:initial;}.kb-row-layout-id4386_be732f-cd > .kt-row-column-wrap{grid-template-columns:minmax(0, 1fr);}}<\/style><article class=\"kb-row-layout-wrap kb-row-layout-id4386_be732f-cd aligncenter wp-block-kadence-rowlayout\"><div class=\"kt-row-column-wrap kt-has-3-columns kt-row-layout-equal kt-tab-layout-inherit kt-mobile-layout-row kt-row-valign-top\">\n<style>.kadence-column4386_7f2d2b-6b > .kt-inside-inner-col,.kadence-column4386_7f2d2b-6b > .kt-inside-inner-col:before{border-top-left-radius:0px;border-top-right-radius:0px;border-bottom-right-radius:0px;border-bottom-left-radius:0px;}.kadence-column4386_7f2d2b-6b > .kt-inside-inner-col{column-gap:var(--global-kb-gap-sm, 1rem);}.kadence-column4386_7f2d2b-6b > .kt-inside-inner-col{flex-direction:column;}.kadence-column4386_7f2d2b-6b > .kt-inside-inner-col > .aligncenter{width:100%;}.kadence-column4386_7f2d2b-6b > .kt-inside-inner-col:before{opacity:0.3;}.kadence-column4386_7f2d2b-6b{position:relative;}@media all and (max-width: 1024px){.kadence-column4386_7f2d2b-6b > .kt-inside-inner-col{flex-direction:column;justify-content:center;}}@media all and (max-width: 767px){.kadence-column4386_7f2d2b-6b > .kt-inside-inner-col{flex-direction:column;justify-content:center;}}<\/style>\n<div class=\"wp-block-kadence-column kadence-column4386_7f2d2b-6b inner-column-1\"><div class=\"kt-inside-inner-col\"><\/div><\/div>\n\n\n<style>.kadence-column4386_80b6ea-d2 > .kt-inside-inner-col,.kadence-column4386_80b6ea-d2 > .kt-inside-inner-col:before{border-top-left-radius:0px;border-top-right-radius:0px;border-bottom-right-radius:0px;border-bottom-left-radius:0px;}.kadence-column4386_80b6ea-d2 > .kt-inside-inner-col{column-gap:var(--global-kb-gap-sm, 1rem);}.kadence-column4386_80b6ea-d2 > .kt-inside-inner-col{flex-direction:column;}.kadence-column4386_80b6ea-d2 > .kt-inside-inner-col > .aligncenter{width:100%;}.kadence-column4386_80b6ea-d2 > .kt-inside-inner-col:before{opacity:0.3;}.kadence-column4386_80b6ea-d2{position:relative;}@media all and (max-width: 1024px){.kadence-column4386_80b6ea-d2 > .kt-inside-inner-col{flex-direction:column;justify-content:center;}}@media all and (max-width: 767px){.kadence-column4386_80b6ea-d2 > .kt-inside-inner-col{flex-direction:column;justify-content:center;}}<\/style>\n<div class=\"wp-block-kadence-column kadence-column4386_80b6ea-d2 inner-column-2\"><div class=\"kt-inside-inner-col\"><\/div><\/div>\n\n\n<style>.kadence-column4386_750810-8c > .kt-inside-inner-col{padding-right:50px;}.kadence-column4386_750810-8c > .kt-inside-inner-col,.kadence-column4386_750810-8c > .kt-inside-inner-col:before{border-top-left-radius:0px;border-top-right-radius:0px;border-bottom-right-radius:0px;border-bottom-left-radius:0px;}.kadence-column4386_750810-8c > .kt-inside-inner-col{column-gap:var(--global-kb-gap-sm, 1rem);}.kadence-column4386_750810-8c > .kt-inside-inner-col{flex-direction:column;}.kadence-column4386_750810-8c > .kt-inside-inner-col > .aligncenter{width:100%;}.kadence-column4386_750810-8c > .kt-inside-inner-col:before{opacity:0.3;}.kadence-column4386_750810-8c{text-align:left;}.kadence-column4386_750810-8c{position:relative;}@media all and (max-width: 1024px){.kadence-column4386_750810-8c > .kt-inside-inner-col{flex-direction:column;justify-content:center;}}@media all and (max-width: 767px){.kadence-column4386_750810-8c > .kt-inside-inner-col{padding-top:50px;flex-direction:column;justify-content:center;}}<\/style>\n<div class=\"wp-block-kadence-column kadence-column4386_750810-8c inner-column-3\"><div class=\"kt-inside-inner-col\">\n<h3 class=\"wp-block-heading\">Het M\u00f6dlareuth Museum<\/h3>\n\n\n\n<p class=\"has-text-align-left\">Het Museum M\u00f6dlareuth ziet zichzelf als een museaal project over de geschiedenis van de Duitse deling. Na de oprichting van het museum in 1990 werd al snel duidelijk dat het totale project \"Museum M\u00f6dlareuth\" om financi\u00eble en tijdsredenen moest worden opgedeeld in hanteerbare en realiseerbare projecteenheden, die na onderlinge afstemming uiteindelijk bouwstenen zouden vormen op weg naar het totale project.<\/p>\n\n\n\n<p>Daarom werd van 1991 tot 1994 tegelijk met de bouw van een openluchtmuseum begonnen met de bouw van een \"museuminfrastructuur\" in de vorm van administratie, archieven, bibliotheek en depots.<\/p>\n\n\n\n<p>De bestaande depotruimten werden in 1997\/98 uitgebreid met de bouw van een nieuw voertuigdepot.<\/p>\n\n\n\n<p>Tussen 1999 en 2003 werden door verbouwings- en renovatiemaatregelen twee film-\/lezingenzalen, een speciale tentoonstellingszaal, een informatiebalie en een museumwinkel gecre\u00eberd.<\/p>\n\n\n\n<p>Mit einem Architektenwettbewerb zum Bau eines neuen Hauptgeb\u00e4udes und Umgestaltung des Au\u00dfengel\u00e4ndes startete im Jahr die Museumserweiterung. Zuerst wurde der Au\u00dfenbereich umgestaltet, mit neuen Infotafeln und barrierefreien Besucherwegen ausgestattet. Im Mai 2023 fand die feierliche Grundsteinlegung statt. Am 9. November 2025 wurde das neue Geb\u00e4ude er\u00f6ffnet.<\/p>\n\n\n\n<p>Auf insgesamt 500 Quadratmetern Ausstellungsfl\u00e4che erwarten den Besucher rund 500 Objekte. Die neue Dauerausstellung umfasst die vier Epochen vom Kriegsende 1945 bis zur Wiedervereinigung 1990.&nbsp;<\/p>\n<\/div><\/div>\n\n<\/div><\/article>\n\n\n<figure class=\"wp-block-image size-large\"><a href=\"https:\/\/www.moedlareuth.de\/wp-content\/uploads\/2025\/11\/MM-2025-10-30_Neubau-Aussen_KLEIN_DJI_20251030145444_0172_D-scaled.jpg\"><img fetchpriority=\"high\" decoding=\"async\" width=\"1024\" height=\"576\" src=\"https:\/\/www.moedlareuth.de\/wp-content\/uploads\/2025\/11\/MM-2025-10-30_Neubau-Aussen_KLEIN_DJI_20251030145444_0172_D-1024x576.jpg\" alt=\"Museumsneubau in der bayerischen Ortsh\u00e4lfte\" class=\"wp-image-15450\" srcset=\"https:\/\/www.moedlareuth.de\/wp-content\/uploads\/2025\/11\/MM-2025-10-30_Neubau-Aussen_KLEIN_DJI_20251030145444_0172_D-1024x576.jpg 1024w, https:\/\/www.moedlareuth.de\/wp-content\/uploads\/2025\/11\/MM-2025-10-30_Neubau-Aussen_KLEIN_DJI_20251030145444_0172_D-300x169.jpg 300w, https:\/\/www.moedlareuth.de\/wp-content\/uploads\/2025\/11\/MM-2025-10-30_Neubau-Aussen_KLEIN_DJI_20251030145444_0172_D-768x432.jpg 768w, https:\/\/www.moedlareuth.de\/wp-content\/uploads\/2025\/11\/MM-2025-10-30_Neubau-Aussen_KLEIN_DJI_20251030145444_0172_D-1536x864.jpg 1536w, https:\/\/www.moedlareuth.de\/wp-content\/uploads\/2025\/11\/MM-2025-10-30_Neubau-Aussen_KLEIN_DJI_20251030145444_0172_D-2048x1152.jpg 2048w, https:\/\/www.moedlareuth.de\/wp-content\/uploads\/2025\/11\/MM-2025-10-30_Neubau-Aussen_KLEIN_DJI_20251030145444_0172_D-18x10.jpg 18w\" sizes=\"(max-width: 1024px) 100vw, 1024px\" \/><\/a><figcaption class=\"wp-element-caption\">Museumsneubau in der bayerischen Ortsh\u00e4lfte<\/figcaption><\/figure>","protected":false},"excerpt":{"rendered":"<p>Das Museum M\u00f6dlareuth Das Museum M\u00f6dlareuth versteht sich als Museumsprojekt zur Geschichte der deutschen Teilung. Nach der Museumsgr\u00fcndung 1990 zeigte sich sehr bald die Notwendigkeit, das Gesamtprojekt \u00bbMuseum M\u00f6dlareuth\u00ab aus finanziellen und zeitlichen Erw\u00e4gungen heraus in \u00fcberschau- und realisierbare Projekteinheiten aufzugliedern, die aufeinander abgestimmt letztendlich Bausteine auf dem Weg zum Gesamtprojekt&nbsp;darstellen. Dementsprechend wurde zeitgleich mit&#8230;<\/p>","protected":false},"author":7,"featured_media":11757,"parent":39,"menu_order":0,"comment_status":"closed","ping_status":"closed","template":"","meta":{"_acf_changed":false,"inline_featured_image":false,"_kad_post_transparent":"","_kad_post_title":"","_kad_post_layout":"","_kad_post_sidebar_id":"","_kad_post_content_style":"","_kad_post_vertical_padding":"","_kad_post_feature":"","_kad_post_feature_position":"","_kad_post_header":false,"_kad_post_footer":false,"_kad_post_classname":"","footnotes":""},"kategorien":[51],"class_list":["post-4386","page","type-page","status-publish","has-post-thumbnail","hentry","kategorien-einrichtungen"],"acf":[],"yoast_head":"<!-- This site is optimized with the Yoast SEO plugin v27.3 - https:\/\/yoast.com\/product\/yoast-seo-wordpress\/ -->\n<title>\u00dcber das Museum - Deutsch-Deutsches Museum M\u00f6dlareuth<\/title>\n<meta name=\"robots\" content=\"index, follow, max-snippet:-1, max-image-preview:large, max-video-preview:-1\" \/>\n<link rel=\"canonical\" href=\"https:\/\/www.moedlareuth.de\/nl\/museum\/ueber-das-museum\/\" \/>\n<meta property=\"og:locale\" content=\"nl_NL\" \/>\n<meta property=\"og:type\" content=\"article\" \/>\n<meta property=\"og:title\" content=\"\u00dcber das Museum - Deutsch-Deutsches Museum M\u00f6dlareuth\" \/>\n<meta property=\"og:description\" content=\"Das Museum M\u00f6dlareuth Das Museum M\u00f6dlareuth versteht sich als Museumsprojekt zur Geschichte der deutschen Teilung. Nach der Museumsgr\u00fcndung 1990 zeigte sich sehr bald die Notwendigkeit, das Gesamtprojekt \u00bbMuseum M\u00f6dlareuth\u00ab aus finanziellen und zeitlichen Erw\u00e4gungen heraus in \u00fcberschau- und realisierbare Projekteinheiten aufzugliedern, die aufeinander abgestimmt letztendlich Bausteine auf dem Weg zum Gesamtprojekt&nbsp;darstellen. Dementsprechend wurde zeitgleich mit...\" \/>\n<meta property=\"og:url\" content=\"https:\/\/www.moedlareuth.de\/nl\/museum\/ueber-das-museum\/\" \/>\n<meta property=\"og:site_name\" content=\"Deutsch-Deutsches Museum M\u00f6dlareuth\" \/>\n<meta property=\"article:modified_time\" content=\"2026-01-30T07:28:02+00:00\" \/>\n<meta name=\"twitter:card\" content=\"summary_large_image\" \/>\n<meta name=\"twitter:label1\" content=\"Geschatte leestijd\" \/>\n\t<meta name=\"twitter:data1\" content=\"2 minuten\" \/>\n<script type=\"application\/ld+json\" class=\"yoast-schema-graph\">{\"@context\":\"https:\\\/\\\/schema.org\",\"@graph\":[{\"@type\":\"WebPage\",\"@id\":\"https:\\\/\\\/www.moedlareuth.de\\\/museum\\\/ueber-das-museum\\\/\",\"url\":\"https:\\\/\\\/www.moedlareuth.de\\\/museum\\\/ueber-das-museum\\\/\",\"name\":\"\u00dcber das Museum - Deutsch-Deutsches Museum M\u00f6dlareuth\",\"isPartOf\":{\"@id\":\"https:\\\/\\\/moedlareuth.de\\\/preview\\\/#website\"},\"primaryImageOfPage\":{\"@id\":\"https:\\\/\\\/www.moedlareuth.de\\\/museum\\\/ueber-das-museum\\\/#primaryimage\"},\"image\":{\"@id\":\"https:\\\/\\\/www.moedlareuth.de\\\/museum\\\/ueber-das-museum\\\/#primaryimage\"},\"thumbnailUrl\":\"https:\\\/\\\/www.moedlareuth.de\\\/wp-content\\\/uploads\\\/2022\\\/05\\\/museum_moedlareuth_logo_grau.svg\",\"datePublished\":\"2021-12-02T11:11:48+00:00\",\"dateModified\":\"2026-01-30T07:28:02+00:00\",\"breadcrumb\":{\"@id\":\"https:\\\/\\\/www.moedlareuth.de\\\/museum\\\/ueber-das-museum\\\/#breadcrumb\"},\"inLanguage\":\"nl-NL\",\"potentialAction\":[{\"@type\":\"ReadAction\",\"target\":[\"https:\\\/\\\/www.moedlareuth.de\\\/museum\\\/ueber-das-museum\\\/\"]}]},{\"@type\":\"ImageObject\",\"inLanguage\":\"nl-NL\",\"@id\":\"https:\\\/\\\/www.moedlareuth.de\\\/museum\\\/ueber-das-museum\\\/#primaryimage\",\"url\":\"https:\\\/\\\/www.moedlareuth.de\\\/wp-content\\\/uploads\\\/2022\\\/05\\\/museum_moedlareuth_logo_grau.svg\",\"contentUrl\":\"https:\\\/\\\/www.moedlareuth.de\\\/wp-content\\\/uploads\\\/2022\\\/05\\\/museum_moedlareuth_logo_grau.svg\",\"width\":1920,\"height\":1080},{\"@type\":\"BreadcrumbList\",\"@id\":\"https:\\\/\\\/www.moedlareuth.de\\\/museum\\\/ueber-das-museum\\\/#breadcrumb\",\"itemListElement\":[{\"@type\":\"ListItem\",\"position\":1,\"name\":\"Startseite\",\"item\":\"https:\\\/\\\/www.moedlareuth.de\\\/\"},{\"@type\":\"ListItem\",\"position\":2,\"name\":\"&#8230; \u00dcber das Museum &#8211; wahrscheinlich tot\",\"item\":\"https:\\\/\\\/www.moedlareuth.de\\\/?page_id=39\"},{\"@type\":\"ListItem\",\"position\":3,\"name\":\"\u00dcber das Museum\"}]},{\"@type\":\"WebSite\",\"@id\":\"https:\\\/\\\/moedlareuth.de\\\/preview\\\/#website\",\"url\":\"https:\\\/\\\/moedlareuth.de\\\/preview\\\/\",\"name\":\"Deutsch-Deutsches Museum M\u00f6dlareuth\",\"description\":\"Gedenkst\u00e4tte zur deutschen Teilung\",\"publisher\":{\"@id\":\"https:\\\/\\\/moedlareuth.de\\\/preview\\\/#organization\"},\"potentialAction\":[{\"@type\":\"SearchAction\",\"target\":{\"@type\":\"EntryPoint\",\"urlTemplate\":\"https:\\\/\\\/moedlareuth.de\\\/preview\\\/?s={search_term_string}\"},\"query-input\":{\"@type\":\"PropertyValueSpecification\",\"valueRequired\":true,\"valueName\":\"search_term_string\"}}],\"inLanguage\":\"nl-NL\"},{\"@type\":\"Organization\",\"@id\":\"https:\\\/\\\/moedlareuth.de\\\/preview\\\/#organization\",\"name\":\"Deutsch-Deutsches Museum M\u00f6dlareuth\",\"url\":\"https:\\\/\\\/moedlareuth.de\\\/preview\\\/\",\"logo\":{\"@type\":\"ImageObject\",\"inLanguage\":\"nl-NL\",\"@id\":\"https:\\\/\\\/moedlareuth.de\\\/preview\\\/#\\\/schema\\\/logo\\\/image\\\/\",\"url\":\"https:\\\/\\\/www.moedlareuth.de\\\/wp-content\\\/uploads\\\/2022\\\/02\\\/museum_moedlareuth_logo_hell_zusatz.svg\",\"contentUrl\":\"https:\\\/\\\/www.moedlareuth.de\\\/wp-content\\\/uploads\\\/2022\\\/02\\\/museum_moedlareuth_logo_hell_zusatz.svg\",\"width\":255,\"height\":62,\"caption\":\"Deutsch-Deutsches Museum M\u00f6dlareuth\"},\"image\":{\"@id\":\"https:\\\/\\\/moedlareuth.de\\\/preview\\\/#\\\/schema\\\/logo\\\/image\\\/\"}}]}<\/script>\n<!-- \/ Yoast SEO plugin. -->","yoast_head_json":{"title":"\u00dcber das Museum - Deutsch-Deutsches Museum M\u00f6dlareuth","robots":{"index":"index","follow":"follow","max-snippet":"max-snippet:-1","max-image-preview":"max-image-preview:large","max-video-preview":"max-video-preview:-1"},"canonical":"https:\/\/www.moedlareuth.de\/nl\/museum\/ueber-das-museum\/","og_locale":"nl_NL","og_type":"article","og_title":"\u00dcber das Museum - Deutsch-Deutsches Museum M\u00f6dlareuth","og_description":"Das Museum M\u00f6dlareuth Das Museum M\u00f6dlareuth versteht sich als Museumsprojekt zur Geschichte der deutschen Teilung. Nach der Museumsgr\u00fcndung 1990 zeigte sich sehr bald die Notwendigkeit, das Gesamtprojekt \u00bbMuseum M\u00f6dlareuth\u00ab aus finanziellen und zeitlichen Erw\u00e4gungen heraus in \u00fcberschau- und realisierbare Projekteinheiten aufzugliedern, die aufeinander abgestimmt letztendlich Bausteine auf dem Weg zum Gesamtprojekt&nbsp;darstellen. Dementsprechend wurde zeitgleich mit...","og_url":"https:\/\/www.moedlareuth.de\/nl\/museum\/ueber-das-museum\/","og_site_name":"Deutsch-Deutsches Museum M\u00f6dlareuth","article_modified_time":"2026-01-30T07:28:02+00:00","twitter_card":"summary_large_image","twitter_misc":{"Geschatte leestijd":"2 minuten"},"schema":{"@context":"https:\/\/schema.org","@graph":[{"@type":"WebPage","@id":"https:\/\/www.moedlareuth.de\/museum\/ueber-das-museum\/","url":"https:\/\/www.moedlareuth.de\/museum\/ueber-das-museum\/","name":"\u00dcber das Museum - Deutsch-Deutsches Museum M\u00f6dlareuth","isPartOf":{"@id":"https:\/\/moedlareuth.de\/preview\/#website"},"primaryImageOfPage":{"@id":"https:\/\/www.moedlareuth.de\/museum\/ueber-das-museum\/#primaryimage"},"image":{"@id":"https:\/\/www.moedlareuth.de\/museum\/ueber-das-museum\/#primaryimage"},"thumbnailUrl":"https:\/\/www.moedlareuth.de\/wp-content\/uploads\/2022\/05\/museum_moedlareuth_logo_grau.svg","datePublished":"2021-12-02T11:11:48+00:00","dateModified":"2026-01-30T07:28:02+00:00","breadcrumb":{"@id":"https:\/\/www.moedlareuth.de\/museum\/ueber-das-museum\/#breadcrumb"},"inLanguage":"nl-NL","potentialAction":[{"@type":"ReadAction","target":["https:\/\/www.moedlareuth.de\/museum\/ueber-das-museum\/"]}]},{"@type":"ImageObject","inLanguage":"nl-NL","@id":"https:\/\/www.moedlareuth.de\/museum\/ueber-das-museum\/#primaryimage","url":"https:\/\/www.moedlareuth.de\/wp-content\/uploads\/2022\/05\/museum_moedlareuth_logo_grau.svg","contentUrl":"https:\/\/www.moedlareuth.de\/wp-content\/uploads\/2022\/05\/museum_moedlareuth_logo_grau.svg","width":1920,"height":1080},{"@type":"BreadcrumbList","@id":"https:\/\/www.moedlareuth.de\/museum\/ueber-das-museum\/#breadcrumb","itemListElement":[{"@type":"ListItem","position":1,"name":"Startseite","item":"https:\/\/www.moedlareuth.de\/"},{"@type":"ListItem","position":2,"name":"&#8230; \u00dcber das Museum &#8211; wahrscheinlich tot","item":"https:\/\/www.moedlareuth.de\/?page_id=39"},{"@type":"ListItem","position":3,"name":"\u00dcber das Museum"}]},{"@type":"WebSite","@id":"https:\/\/moedlareuth.de\/preview\/#website","url":"https:\/\/moedlareuth.de\/preview\/","name":"Duits-Duits Museum M\u00f6dlareuth","description":"Gedenkteken voor de verdeling van Duitsland","publisher":{"@id":"https:\/\/moedlareuth.de\/preview\/#organization"},"potentialAction":[{"@type":"SearchAction","target":{"@type":"EntryPoint","urlTemplate":"https:\/\/moedlareuth.de\/preview\/?s={search_term_string}"},"query-input":{"@type":"PropertyValueSpecification","valueRequired":true,"valueName":"search_term_string"}}],"inLanguage":"nl-NL"},{"@type":"Organization","@id":"https:\/\/moedlareuth.de\/preview\/#organization","name":"Duits-Duits Museum M\u00f6dlareuth","url":"https:\/\/moedlareuth.de\/preview\/","logo":{"@type":"ImageObject","inLanguage":"nl-NL","@id":"https:\/\/moedlareuth.de\/preview\/#\/schema\/logo\/image\/","url":"https:\/\/www.moedlareuth.de\/wp-content\/uploads\/2022\/02\/museum_moedlareuth_logo_hell_zusatz.svg","contentUrl":"https:\/\/www.moedlareuth.de\/wp-content\/uploads\/2022\/02\/museum_moedlareuth_logo_hell_zusatz.svg","width":255,"height":62,"caption":"Deutsch-Deutsches Museum M\u00f6dlareuth"},"image":{"@id":"https:\/\/moedlareuth.de\/preview\/#\/schema\/logo\/image\/"}}]}},"_links":{"self":[{"href":"https:\/\/www.moedlareuth.de\/nl\/wp-json\/wp\/v2\/pages\/4386","targetHints":{"allow":["GET"]}}],"collection":[{"href":"https:\/\/www.moedlareuth.de\/nl\/wp-json\/wp\/v2\/pages"}],"about":[{"href":"https:\/\/www.moedlareuth.de\/nl\/wp-json\/wp\/v2\/types\/page"}],"author":[{"embeddable":true,"href":"https:\/\/www.moedlareuth.de\/nl\/wp-json\/wp\/v2\/users\/7"}],"replies":[{"embeddable":true,"href":"https:\/\/www.moedlareuth.de\/nl\/wp-json\/wp\/v2\/comments?post=4386"}],"version-history":[{"count":7,"href":"https:\/\/www.moedlareuth.de\/nl\/wp-json\/wp\/v2\/pages\/4386\/revisions"}],"predecessor-version":[{"id":16581,"href":"https:\/\/www.moedlareuth.de\/nl\/wp-json\/wp\/v2\/pages\/4386\/revisions\/16581"}],"up":[{"embeddable":true,"href":"https:\/\/www.moedlareuth.de\/nl\/wp-json\/wp\/v2\/pages\/39"}],"wp:featuredmedia":[{"embeddable":true,"href":"https:\/\/www.moedlareuth.de\/nl\/wp-json\/wp\/v2\/media\/11757"}],"wp:attachment":[{"href":"https:\/\/www.moedlareuth.de\/nl\/wp-json\/wp\/v2\/media?parent=4386"}],"wp:term":[{"taxonomy":"kategorien","embeddable":true,"href":"https:\/\/www.moedlareuth.de\/nl\/wp-json\/wp\/v2\/kategorien?post=4386"}],"curies":[{"name":"wp","href":"https:\/\/api.w.org\/{rel}","templated":true}]}}