{"id":16448,"date":"2026-01-15T09:01:06","date_gmt":"2026-01-15T08:01:06","guid":{"rendered":"https:\/\/www.moedlareuth.de\/?page_id=16448"},"modified":"2026-04-10T12:36:07","modified_gmt":"2026-04-10T10:36:07","slug":"cafeteria","status":"publish","type":"page","link":"https:\/\/www.moedlareuth.de\/it\/museum\/cafeteria\/","title":{"rendered":"Cafeteria"},"content":{"rendered":"<div class=\"wp-block-columns is-layout-flex wp-container-core-columns-is-layout-9d6595d7 wp-block-columns-is-layout-flex\">\n<div class=\"wp-block-column is-layout-flow wp-block-column-is-layout-flow\">\n<div class=\"wp-block-columns is-layout-flex wp-container-core-columns-is-layout-9d6595d7 wp-block-columns-is-layout-flex\">\n<div class=\"wp-block-column is-layout-flow wp-block-column-is-layout-flow\">\n<figure class=\"wp-block-image size-large\"><a href=\"https:\/\/www.moedlareuth.de\/wp-content\/uploads\/2026\/01\/20260113_141340kl-scaled.jpg\"><img fetchpriority=\"high\" decoding=\"async\" width=\"1024\" height=\"768\" src=\"https:\/\/www.moedlareuth.de\/wp-content\/uploads\/2026\/01\/20260113_141340kl-1024x768.jpg\" alt=\"\" class=\"wp-image-16460\" srcset=\"https:\/\/www.moedlareuth.de\/wp-content\/uploads\/2026\/01\/20260113_141340kl-1024x768.jpg 1024w, https:\/\/www.moedlareuth.de\/wp-content\/uploads\/2026\/01\/20260113_141340kl-300x225.jpg 300w, https:\/\/www.moedlareuth.de\/wp-content\/uploads\/2026\/01\/20260113_141340kl-768x576.jpg 768w, https:\/\/www.moedlareuth.de\/wp-content\/uploads\/2026\/01\/20260113_141340kl-1536x1152.jpg 1536w, https:\/\/www.moedlareuth.de\/wp-content\/uploads\/2026\/01\/20260113_141340kl-2048x1536.jpg 2048w, https:\/\/www.moedlareuth.de\/wp-content\/uploads\/2026\/01\/20260113_141340kl-16x12.jpg 16w\" sizes=\"(max-width: 1024px) 100vw, 1024px\" \/><\/a><\/figure>\n<\/div>\n\n\n\n<div class=\"wp-block-column is-layout-flow wp-block-column-is-layout-flow\">\n<p><strong>HINWEISE:<\/strong><\/p>\n<ul>\n<li>Derzeit ist in der Cafeteria noch keine Kartenzahlung verf\u00fcgbar.<\/li>\n<li>Sonderangebot f\u00fcr Schulklassen verf\u00fcgbar<\/li>\n<\/ul>\n<\/div>\n<\/div>\n<\/div>\n<\/div>\n\n\n\n<h5 class=\"wp-block-heading has-text-align-center\">Speisekarte<\/h5>\n\n\n\n<figure class=\"wp-block-image size-large\"><a href=\"https:\/\/www.moedlareuth.de\/wp-content\/uploads\/2026\/01\/2026-01_Speisekarte-Cafeteria-2.png\"><img decoding=\"async\" width=\"1024\" height=\"724\" src=\"https:\/\/www.moedlareuth.de\/wp-content\/uploads\/2026\/01\/2026-01_Speisekarte-Cafeteria-2-1024x724.png\" alt=\"\" class=\"wp-image-16503\" srcset=\"https:\/\/www.moedlareuth.de\/wp-content\/uploads\/2026\/01\/2026-01_Speisekarte-Cafeteria-2-1024x724.png 1024w, https:\/\/www.moedlareuth.de\/wp-content\/uploads\/2026\/01\/2026-01_Speisekarte-Cafeteria-2-300x212.png 300w, https:\/\/www.moedlareuth.de\/wp-content\/uploads\/2026\/01\/2026-01_Speisekarte-Cafeteria-2-768x543.png 768w, https:\/\/www.moedlareuth.de\/wp-content\/uploads\/2026\/01\/2026-01_Speisekarte-Cafeteria-2-18x12.png 18w, https:\/\/www.moedlareuth.de\/wp-content\/uploads\/2026\/01\/2026-01_Speisekarte-Cafeteria-2.png 1299w\" sizes=\"(max-width: 1024px) 100vw, 1024px\" \/><\/a><\/figure>\n\n\n\n<p><\/p>\n\n\n\n<h5 class=\"wp-block-heading has-text-align-center\">Angebot f\u00fcr Schulklassen<\/h5>\n\n\n\n<div class=\"wp-block-columns is-layout-flex wp-container-core-columns-is-layout-9d6595d7 wp-block-columns-is-layout-flex\">\n<div class=\"wp-block-column is-layout-flow wp-block-column-is-layout-flow\" style=\"flex-basis:25%\"><\/div>\n\n\n\n<div class=\"wp-block-column is-layout-flow wp-block-column-is-layout-flow\" style=\"flex-basis:50%\">\n<p><\/p>\n<\/div>\n\n\n\n<div class=\"wp-block-column is-layout-flow wp-block-column-is-layout-flow\" style=\"flex-basis:25%\"><\/div>\n<\/div>\n\n\n\n<div class=\"wp-block-columns is-layout-flex wp-container-core-columns-is-layout-9d6595d7 wp-block-columns-is-layout-flex\">\n<div class=\"wp-block-column is-layout-flow wp-block-column-is-layout-flow\"><\/div>\n\n\n\n<div class=\"wp-block-column is-layout-flow wp-block-column-is-layout-flow\">\n<figure class=\"wp-block-image size-large\"><a href=\"https:\/\/www.moedlareuth.de\/wp-content\/uploads\/2026\/03\/2026-03-Schuelerangebot.jpg\"><img decoding=\"async\" width=\"724\" height=\"1024\" src=\"https:\/\/www.moedlareuth.de\/wp-content\/uploads\/2026\/03\/2026-03-Schuelerangebot-724x1024.jpg\" alt=\"\" class=\"wp-image-16725\" srcset=\"https:\/\/www.moedlareuth.de\/wp-content\/uploads\/2026\/03\/2026-03-Schuelerangebot-724x1024.jpg 724w, https:\/\/www.moedlareuth.de\/wp-content\/uploads\/2026\/03\/2026-03-Schuelerangebot-212x300.jpg 212w, https:\/\/www.moedlareuth.de\/wp-content\/uploads\/2026\/03\/2026-03-Schuelerangebot-768x1086.jpg 768w, https:\/\/www.moedlareuth.de\/wp-content\/uploads\/2026\/03\/2026-03-Schuelerangebot-1086x1536.jpg 1086w, https:\/\/www.moedlareuth.de\/wp-content\/uploads\/2026\/03\/2026-03-Schuelerangebot-8x12.jpg 8w, https:\/\/www.moedlareuth.de\/wp-content\/uploads\/2026\/03\/2026-03-Schuelerangebot.jpg 1331w\" sizes=\"(max-width: 724px) 100vw, 724px\" \/><\/a><\/figure>\n<\/div>\n\n\n\n<div class=\"wp-block-column is-layout-flow wp-block-column-is-layout-flow\"><\/div>\n<\/div>\n\n\n\n<div class=\"wp-block-columns is-layout-flex wp-container-core-columns-is-layout-9d6595d7 wp-block-columns-is-layout-flex\">\n<div class=\"wp-block-column is-layout-flow wp-block-column-is-layout-flow\"><\/div>\n\n\n\n<div class=\"wp-block-column is-layout-flow wp-block-column-is-layout-flow\"><\/div>\n\n\n\n<div class=\"wp-block-column is-layout-flow wp-block-column-is-layout-flow\"><\/div>\n<\/div>","protected":false},"excerpt":{"rendered":"<p>HINWEISE: Derzeit ist in der Cafeteria noch keine Kartenzahlung verf\u00fcgbar. Sonderangebot f\u00fcr Schulklassen verf\u00fcgbar Speisekarte Angebot f\u00fcr Schulklassen<\/p>","protected":false},"author":10,"featured_media":13766,"parent":39,"menu_order":0,"comment_status":"closed","ping_status":"closed","template":"","meta":{"_acf_changed":false,"inline_featured_image":false,"_kad_post_transparent":"","_kad_post_title":"","_kad_post_layout":"","_kad_post_sidebar_id":"","_kad_post_content_style":"","_kad_post_vertical_padding":"","_kad_post_feature":"","_kad_post_feature_position":"","_kad_post_header":false,"_kad_post_footer":false,"_kad_post_classname":"","footnotes":""},"kategorien":[46],"class_list":["post-16448","page","type-page","status-publish","has-post-thumbnail","hentry","kategorien-service"],"acf":[],"yoast_head":"<!-- This site is optimized with the Yoast SEO plugin v27.4 - https:\/\/yoast.com\/product\/yoast-seo-wordpress\/ -->\n<title>Cafeteria - Deutsch-Deutsches Museum M\u00f6dlareuth<\/title>\n<meta name=\"robots\" content=\"index, follow, max-snippet:-1, max-image-preview:large, max-video-preview:-1\" \/>\n<link rel=\"canonical\" href=\"https:\/\/www.moedlareuth.de\/it\/museum\/cafeteria\/\" \/>\n<meta property=\"og:locale\" content=\"it_IT\" \/>\n<meta property=\"og:type\" content=\"article\" \/>\n<meta property=\"og:title\" content=\"Cafeteria - Deutsch-Deutsches Museum M\u00f6dlareuth\" \/>\n<meta property=\"og:description\" content=\"HINWEISE: Derzeit ist in der Cafeteria noch keine Kartenzahlung verf\u00fcgbar. Sonderangebot f\u00fcr Schulklassen verf\u00fcgbar Speisekarte Angebot f\u00fcr Schulklassen\" \/>\n<meta property=\"og:url\" content=\"https:\/\/www.moedlareuth.de\/it\/museum\/cafeteria\/\" \/>\n<meta property=\"og:site_name\" content=\"Deutsch-Deutsches Museum M\u00f6dlareuth\" \/>\n<meta property=\"article:modified_time\" content=\"2026-04-10T10:36:07+00:00\" \/>\n<meta property=\"og:image\" content=\"https:\/\/www.moedlareuth.de\/wp-content\/uploads\/2024\/08\/Moedlareuth_052024012_kl.jpg\" \/>\n\t<meta property=\"og:image:width\" content=\"1000\" \/>\n\t<meta property=\"og:image:height\" content=\"668\" \/>\n\t<meta property=\"og:image:type\" content=\"image\/jpeg\" \/>\n<meta name=\"twitter:card\" content=\"summary_large_image\" \/>\n<meta name=\"twitter:label1\" content=\"Tempo di lettura stimato\" \/>\n\t<meta name=\"twitter:data1\" content=\"1 minuto\" \/>\n<script type=\"application\/ld+json\" class=\"yoast-schema-graph\">{\"@context\":\"https:\\\/\\\/schema.org\",\"@graph\":[{\"@type\":\"WebPage\",\"@id\":\"https:\\\/\\\/www.moedlareuth.de\\\/museum\\\/cafeteria\\\/\",\"url\":\"https:\\\/\\\/www.moedlareuth.de\\\/museum\\\/cafeteria\\\/\",\"name\":\"Cafeteria - Deutsch-Deutsches Museum M\u00f6dlareuth\",\"isPartOf\":{\"@id\":\"https:\\\/\\\/moedlareuth.de\\\/preview\\\/#website\"},\"primaryImageOfPage\":{\"@id\":\"https:\\\/\\\/www.moedlareuth.de\\\/museum\\\/cafeteria\\\/#primaryimage\"},\"image\":{\"@id\":\"https:\\\/\\\/www.moedlareuth.de\\\/museum\\\/cafeteria\\\/#primaryimage\"},\"thumbnailUrl\":\"https:\\\/\\\/www.moedlareuth.de\\\/wp-content\\\/uploads\\\/2024\\\/08\\\/Moedlareuth_052024012_kl.jpg\",\"datePublished\":\"2026-01-15T08:01:06+00:00\",\"dateModified\":\"2026-04-10T10:36:07+00:00\",\"breadcrumb\":{\"@id\":\"https:\\\/\\\/www.moedlareuth.de\\\/museum\\\/cafeteria\\\/#breadcrumb\"},\"inLanguage\":\"it-IT\",\"potentialAction\":[{\"@type\":\"ReadAction\",\"target\":[\"https:\\\/\\\/www.moedlareuth.de\\\/museum\\\/cafeteria\\\/\"]}]},{\"@type\":\"ImageObject\",\"inLanguage\":\"it-IT\",\"@id\":\"https:\\\/\\\/www.moedlareuth.de\\\/museum\\\/cafeteria\\\/#primaryimage\",\"url\":\"https:\\\/\\\/www.moedlareuth.de\\\/wp-content\\\/uploads\\\/2024\\\/08\\\/Moedlareuth_052024012_kl.jpg\",\"contentUrl\":\"https:\\\/\\\/www.moedlareuth.de\\\/wp-content\\\/uploads\\\/2024\\\/08\\\/Moedlareuth_052024012_kl.jpg\",\"width\":1000,\"height\":668},{\"@type\":\"BreadcrumbList\",\"@id\":\"https:\\\/\\\/www.moedlareuth.de\\\/museum\\\/cafeteria\\\/#breadcrumb\",\"itemListElement\":[{\"@type\":\"ListItem\",\"position\":1,\"name\":\"Startseite\",\"item\":\"https:\\\/\\\/www.moedlareuth.de\\\/\"},{\"@type\":\"ListItem\",\"position\":2,\"name\":\"&#8230; \u00dcber das Museum &#8211; wahrscheinlich tot\",\"item\":\"https:\\\/\\\/www.moedlareuth.de\\\/?page_id=39\"},{\"@type\":\"ListItem\",\"position\":3,\"name\":\"Cafeteria\"}]},{\"@type\":\"WebSite\",\"@id\":\"https:\\\/\\\/moedlareuth.de\\\/preview\\\/#website\",\"url\":\"https:\\\/\\\/moedlareuth.de\\\/preview\\\/\",\"name\":\"Deutsch-Deutsches Museum M\u00f6dlareuth\",\"description\":\"Gedenkst\u00e4tte zur deutschen Teilung\",\"publisher\":{\"@id\":\"https:\\\/\\\/moedlareuth.de\\\/preview\\\/#organization\"},\"potentialAction\":[{\"@type\":\"SearchAction\",\"target\":{\"@type\":\"EntryPoint\",\"urlTemplate\":\"https:\\\/\\\/moedlareuth.de\\\/preview\\\/?s={search_term_string}\"},\"query-input\":{\"@type\":\"PropertyValueSpecification\",\"valueRequired\":true,\"valueName\":\"search_term_string\"}}],\"inLanguage\":\"it-IT\"},{\"@type\":\"Organization\",\"@id\":\"https:\\\/\\\/moedlareuth.de\\\/preview\\\/#organization\",\"name\":\"Deutsch-Deutsches Museum M\u00f6dlareuth\",\"url\":\"https:\\\/\\\/moedlareuth.de\\\/preview\\\/\",\"logo\":{\"@type\":\"ImageObject\",\"inLanguage\":\"it-IT\",\"@id\":\"https:\\\/\\\/moedlareuth.de\\\/preview\\\/#\\\/schema\\\/logo\\\/image\\\/\",\"url\":\"https:\\\/\\\/www.moedlareuth.de\\\/wp-content\\\/uploads\\\/2022\\\/02\\\/museum_moedlareuth_logo_hell_zusatz.svg\",\"contentUrl\":\"https:\\\/\\\/www.moedlareuth.de\\\/wp-content\\\/uploads\\\/2022\\\/02\\\/museum_moedlareuth_logo_hell_zusatz.svg\",\"width\":255,\"height\":62,\"caption\":\"Deutsch-Deutsches Museum M\u00f6dlareuth\"},\"image\":{\"@id\":\"https:\\\/\\\/moedlareuth.de\\\/preview\\\/#\\\/schema\\\/logo\\\/image\\\/\"}}]}<\/script>\n<!-- \/ Yoast SEO plugin. -->","yoast_head_json":{"title":"Cafeteria - Deutsch-Deutsches Museum M\u00f6dlareuth","robots":{"index":"index","follow":"follow","max-snippet":"max-snippet:-1","max-image-preview":"max-image-preview:large","max-video-preview":"max-video-preview:-1"},"canonical":"https:\/\/www.moedlareuth.de\/it\/museum\/cafeteria\/","og_locale":"it_IT","og_type":"article","og_title":"Cafeteria - Deutsch-Deutsches Museum M\u00f6dlareuth","og_description":"HINWEISE: Derzeit ist in der Cafeteria noch keine Kartenzahlung verf\u00fcgbar. Sonderangebot f\u00fcr Schulklassen verf\u00fcgbar Speisekarte Angebot f\u00fcr Schulklassen","og_url":"https:\/\/www.moedlareuth.de\/it\/museum\/cafeteria\/","og_site_name":"Deutsch-Deutsches Museum M\u00f6dlareuth","article_modified_time":"2026-04-10T10:36:07+00:00","og_image":[{"width":1000,"height":668,"url":"https:\/\/www.moedlareuth.de\/wp-content\/uploads\/2024\/08\/Moedlareuth_052024012_kl.jpg","type":"image\/jpeg"}],"twitter_card":"summary_large_image","twitter_misc":{"Tempo di lettura stimato":"1 minuto"},"schema":{"@context":"https:\/\/schema.org","@graph":[{"@type":"WebPage","@id":"https:\/\/www.moedlareuth.de\/museum\/cafeteria\/","url":"https:\/\/www.moedlareuth.de\/museum\/cafeteria\/","name":"Cafeteria - Deutsch-Deutsches Museum M\u00f6dlareuth","isPartOf":{"@id":"https:\/\/moedlareuth.de\/preview\/#website"},"primaryImageOfPage":{"@id":"https:\/\/www.moedlareuth.de\/museum\/cafeteria\/#primaryimage"},"image":{"@id":"https:\/\/www.moedlareuth.de\/museum\/cafeteria\/#primaryimage"},"thumbnailUrl":"https:\/\/www.moedlareuth.de\/wp-content\/uploads\/2024\/08\/Moedlareuth_052024012_kl.jpg","datePublished":"2026-01-15T08:01:06+00:00","dateModified":"2026-04-10T10:36:07+00:00","breadcrumb":{"@id":"https:\/\/www.moedlareuth.de\/museum\/cafeteria\/#breadcrumb"},"inLanguage":"it-IT","potentialAction":[{"@type":"ReadAction","target":["https:\/\/www.moedlareuth.de\/museum\/cafeteria\/"]}]},{"@type":"ImageObject","inLanguage":"it-IT","@id":"https:\/\/www.moedlareuth.de\/museum\/cafeteria\/#primaryimage","url":"https:\/\/www.moedlareuth.de\/wp-content\/uploads\/2024\/08\/Moedlareuth_052024012_kl.jpg","contentUrl":"https:\/\/www.moedlareuth.de\/wp-content\/uploads\/2024\/08\/Moedlareuth_052024012_kl.jpg","width":1000,"height":668},{"@type":"BreadcrumbList","@id":"https:\/\/www.moedlareuth.de\/museum\/cafeteria\/#breadcrumb","itemListElement":[{"@type":"ListItem","position":1,"name":"Startseite","item":"https:\/\/www.moedlareuth.de\/"},{"@type":"ListItem","position":2,"name":"&#8230; \u00dcber das Museum &#8211; wahrscheinlich tot","item":"https:\/\/www.moedlareuth.de\/?page_id=39"},{"@type":"ListItem","position":3,"name":"Cafeteria"}]},{"@type":"WebSite","@id":"https:\/\/moedlareuth.de\/preview\/#website","url":"https:\/\/moedlareuth.de\/preview\/","name":"Museo tedesco-tedesco M\u00f6dlareuth","description":"Memoriale alla divisione della Germania","publisher":{"@id":"https:\/\/moedlareuth.de\/preview\/#organization"},"potentialAction":[{"@type":"SearchAction","target":{"@type":"EntryPoint","urlTemplate":"https:\/\/moedlareuth.de\/preview\/?s={search_term_string}"},"query-input":{"@type":"PropertyValueSpecification","valueRequired":true,"valueName":"search_term_string"}}],"inLanguage":"it-IT"},{"@type":"Organization","@id":"https:\/\/moedlareuth.de\/preview\/#organization","name":"Museo tedesco-tedesco M\u00f6dlareuth","url":"https:\/\/moedlareuth.de\/preview\/","logo":{"@type":"ImageObject","inLanguage":"it-IT","@id":"https:\/\/moedlareuth.de\/preview\/#\/schema\/logo\/image\/","url":"https:\/\/www.moedlareuth.de\/wp-content\/uploads\/2022\/02\/museum_moedlareuth_logo_hell_zusatz.svg","contentUrl":"https:\/\/www.moedlareuth.de\/wp-content\/uploads\/2022\/02\/museum_moedlareuth_logo_hell_zusatz.svg","width":255,"height":62,"caption":"Deutsch-Deutsches Museum M\u00f6dlareuth"},"image":{"@id":"https:\/\/moedlareuth.de\/preview\/#\/schema\/logo\/image\/"}}]}},"_links":{"self":[{"href":"https:\/\/www.moedlareuth.de\/it\/wp-json\/wp\/v2\/pages\/16448","targetHints":{"allow":["GET"]}}],"collection":[{"href":"https:\/\/www.moedlareuth.de\/it\/wp-json\/wp\/v2\/pages"}],"about":[{"href":"https:\/\/www.moedlareuth.de\/it\/wp-json\/wp\/v2\/types\/page"}],"author":[{"embeddable":true,"href":"https:\/\/www.moedlareuth.de\/it\/wp-json\/wp\/v2\/users\/10"}],"replies":[{"embeddable":true,"href":"https:\/\/www.moedlareuth.de\/it\/wp-json\/wp\/v2\/comments?post=16448"}],"version-history":[{"count":9,"href":"https:\/\/www.moedlareuth.de\/it\/wp-json\/wp\/v2\/pages\/16448\/revisions"}],"predecessor-version":[{"id":16732,"href":"https:\/\/www.moedlareuth.de\/it\/wp-json\/wp\/v2\/pages\/16448\/revisions\/16732"}],"up":[{"embeddable":true,"href":"https:\/\/www.moedlareuth.de\/it\/wp-json\/wp\/v2\/pages\/39"}],"wp:featuredmedia":[{"embeddable":true,"href":"https:\/\/www.moedlareuth.de\/it\/wp-json\/wp\/v2\/media\/13766"}],"wp:attachment":[{"href":"https:\/\/www.moedlareuth.de\/it\/wp-json\/wp\/v2\/media?parent=16448"}],"wp:term":[{"taxonomy":"kategorien","embeddable":true,"href":"https:\/\/www.moedlareuth.de\/it\/wp-json\/wp\/v2\/kategorien?post=16448"}],"curies":[{"name":"wp","href":"https:\/\/api.w.org\/{rel}","templated":true}]}}