{"id":4386,"date":"2021-12-02T12:11:48","date_gmt":"2021-12-02T11:11:48","guid":{"rendered":"http:\/\/moedlareuth.kreativunion.de\/?page_id=4386"},"modified":"2026-01-30T08:28:02","modified_gmt":"2026-01-30T07:28:02","slug":"ueber-das-museum","status":"publish","type":"page","link":"https:\/\/www.moedlareuth.de\/fr\/museum\/ueber-das-museum\/","title":{"rendered":"\u00c0 propos du mus\u00e9e"},"content":{"rendered":"<style>.kb-row-layout-id4386_be732f-cd > .kt-row-column-wrap{align-content:start;}:where(.kb-row-layout-id4386_be732f-cd > .kt-row-column-wrap) > .wp-block-kadence-column{justify-content:start;}.kb-row-layout-id4386_be732f-cd > .kt-row-column-wrap{column-gap:var(--global-kb-gap-none, 0rem );row-gap:var(--global-kb-gap-none, 0rem );padding-top:var(--global-kb-spacing-sm, 1.5rem);padding-bottom:var(--global-kb-spacing-sm, 1.5rem);grid-template-columns:minmax(0, calc(30% - ((var(--global-kb-gap-none, 0rem ) * 2 )\/3)))minmax(0, calc(10% - ((var(--global-kb-gap-none, 0rem ) * 2 )\/3)))minmax(0, calc(60% - ((var(--global-kb-gap-none, 0rem ) * 2 )\/3)));}.kb-row-layout-id4386_be732f-cd > .kt-row-layout-overlay{opacity:0.30;}@media all and (max-width: 1024px){.kb-row-layout-id4386_be732f-cd > .kt-row-column-wrap > div:not(.added-for-specificity){grid-column:initial;}}@media all and (max-width: 1024px){.kb-row-layout-id4386_be732f-cd > .kt-row-column-wrap{grid-template-columns:repeat(3, minmax(0, 1fr));}}@media all and (max-width: 767px){.kb-row-layout-id4386_be732f-cd > .kt-row-column-wrap > div:not(.added-for-specificity){grid-column:initial;}.kb-row-layout-id4386_be732f-cd > .kt-row-column-wrap{grid-template-columns:minmax(0, 1fr);}}<\/style><article class=\"kb-row-layout-wrap kb-row-layout-id4386_be732f-cd aligncenter wp-block-kadence-rowlayout\"><div class=\"kt-row-column-wrap kt-has-3-columns kt-row-layout-equal kt-tab-layout-inherit kt-mobile-layout-row kt-row-valign-top\">\n<style>.kadence-column4386_7f2d2b-6b > .kt-inside-inner-col,.kadence-column4386_7f2d2b-6b > .kt-inside-inner-col:before{border-top-left-radius:0px;border-top-right-radius:0px;border-bottom-right-radius:0px;border-bottom-left-radius:0px;}.kadence-column4386_7f2d2b-6b > .kt-inside-inner-col{column-gap:var(--global-kb-gap-sm, 1rem);}.kadence-column4386_7f2d2b-6b > .kt-inside-inner-col{flex-direction:column;}.kadence-column4386_7f2d2b-6b > .kt-inside-inner-col > .aligncenter{width:100%;}.kadence-column4386_7f2d2b-6b > .kt-inside-inner-col:before{opacity:0.3;}.kadence-column4386_7f2d2b-6b{position:relative;}@media all and (max-width: 1024px){.kadence-column4386_7f2d2b-6b > .kt-inside-inner-col{flex-direction:column;justify-content:center;}}@media all and (max-width: 767px){.kadence-column4386_7f2d2b-6b > .kt-inside-inner-col{flex-direction:column;justify-content:center;}}<\/style>\n<div class=\"wp-block-kadence-column kadence-column4386_7f2d2b-6b inner-column-1\"><div class=\"kt-inside-inner-col\"><\/div><\/div>\n\n\n<style>.kadence-column4386_80b6ea-d2 > .kt-inside-inner-col,.kadence-column4386_80b6ea-d2 > .kt-inside-inner-col:before{border-top-left-radius:0px;border-top-right-radius:0px;border-bottom-right-radius:0px;border-bottom-left-radius:0px;}.kadence-column4386_80b6ea-d2 > .kt-inside-inner-col{column-gap:var(--global-kb-gap-sm, 1rem);}.kadence-column4386_80b6ea-d2 > .kt-inside-inner-col{flex-direction:column;}.kadence-column4386_80b6ea-d2 > .kt-inside-inner-col > .aligncenter{width:100%;}.kadence-column4386_80b6ea-d2 > .kt-inside-inner-col:before{opacity:0.3;}.kadence-column4386_80b6ea-d2{position:relative;}@media all and (max-width: 1024px){.kadence-column4386_80b6ea-d2 > .kt-inside-inner-col{flex-direction:column;justify-content:center;}}@media all and (max-width: 767px){.kadence-column4386_80b6ea-d2 > .kt-inside-inner-col{flex-direction:column;justify-content:center;}}<\/style>\n<div class=\"wp-block-kadence-column kadence-column4386_80b6ea-d2 inner-column-2\"><div class=\"kt-inside-inner-col\"><\/div><\/div>\n\n\n<style>.kadence-column4386_750810-8c > .kt-inside-inner-col{padding-right:50px;}.kadence-column4386_750810-8c > .kt-inside-inner-col,.kadence-column4386_750810-8c > .kt-inside-inner-col:before{border-top-left-radius:0px;border-top-right-radius:0px;border-bottom-right-radius:0px;border-bottom-left-radius:0px;}.kadence-column4386_750810-8c > .kt-inside-inner-col{column-gap:var(--global-kb-gap-sm, 1rem);}.kadence-column4386_750810-8c > .kt-inside-inner-col{flex-direction:column;}.kadence-column4386_750810-8c > .kt-inside-inner-col > .aligncenter{width:100%;}.kadence-column4386_750810-8c > .kt-inside-inner-col:before{opacity:0.3;}.kadence-column4386_750810-8c{text-align:left;}.kadence-column4386_750810-8c{position:relative;}@media all and (max-width: 1024px){.kadence-column4386_750810-8c > .kt-inside-inner-col{flex-direction:column;justify-content:center;}}@media all and (max-width: 767px){.kadence-column4386_750810-8c > .kt-inside-inner-col{padding-top:50px;flex-direction:column;justify-content:center;}}<\/style>\n<div class=\"wp-block-kadence-column kadence-column4386_750810-8c inner-column-3\"><div class=\"kt-inside-inner-col\">\n<h3 class=\"wp-block-heading\">Le mus\u00e9e de M\u00f6dlareuth<\/h3>\n\n\n\n<p class=\"has-text-align-left\">Le mus\u00e9e de M\u00f6dlareuth se consid\u00e8re comme un projet de mus\u00e9e sur l'histoire de la division de l'Allemagne. Apr\u00e8s la fondation du mus\u00e9e en 1990, il est vite devenu \u00e9vident que le projet global \"Mus\u00e9e de M\u00f6dlareuth\" devait \u00eatre d\u00e9compos\u00e9 en unit\u00e9s de projet g\u00e9rables et r\u00e9alisables pour des raisons financi\u00e8res et de temps, qui, une fois coordonn\u00e9es entre elles, repr\u00e9senteraient en fin de compte les \u00e9l\u00e9ments du projet global.<\/p>\n\n\n\n<p>Ainsi, parall\u00e8lement \u00e0 la construction d'un espace en plein air de 1991 \u00e0 1994, d\u00e9butent les travaux de construction d'une \u201cinfrastructure mus\u00e9ale\u201c sous forme d'administration, d'archives, de biblioth\u00e8que et de d\u00e9p\u00f4ts.<\/p>\n\n\n\n<p>Les zones de d\u00e9p\u00f4t existantes furent agrandies en 1997\/98 avec la construction d'un nouveau d\u00e9p\u00f4t de v\u00e9hicules.<\/p>\n\n\n\n<p>Entre 1999 et 2003, deux salles de cin\u00e9ma\/conf\u00e9rence, une salle d'exposition sp\u00e9ciale, un bureau d'information et une boutique du mus\u00e9e ont vu le jour gr\u00e2ce \u00e0 des mesures de reconstruction et de r\u00e9novation.<\/p>\n\n\n\n<p>Mit einem Architektenwettbewerb zum Bau eines neuen Hauptgeb\u00e4udes und Umgestaltung des Au\u00dfengel\u00e4ndes startete im Jahr die Museumserweiterung. Zuerst wurde der Au\u00dfenbereich umgestaltet, mit neuen Infotafeln und barrierefreien Besucherwegen ausgestattet. Im Mai 2023 fand die feierliche Grundsteinlegung statt. Am 9. November 2025 wurde das neue Geb\u00e4ude er\u00f6ffnet.<\/p>\n\n\n\n<p>Auf insgesamt 500 Quadratmetern Ausstellungsfl\u00e4che erwarten den Besucher rund 500 Objekte. Die neue Dauerausstellung umfasst die vier Epochen vom Kriegsende 1945 bis zur Wiedervereinigung 1990.&nbsp;<\/p>\n<\/div><\/div>\n\n<\/div><\/article>\n\n\n<figure class=\"wp-block-image size-large\"><a href=\"https:\/\/www.moedlareuth.de\/wp-content\/uploads\/2025\/11\/MM-2025-10-30_Neubau-Aussen_KLEIN_DJI_20251030145444_0172_D-scaled.jpg\"><img fetchpriority=\"high\" decoding=\"async\" width=\"1024\" height=\"576\" src=\"https:\/\/www.moedlareuth.de\/wp-content\/uploads\/2025\/11\/MM-2025-10-30_Neubau-Aussen_KLEIN_DJI_20251030145444_0172_D-1024x576.jpg\" alt=\"Museumsneubau in der bayerischen Ortsh\u00e4lfte\" class=\"wp-image-15450\" srcset=\"https:\/\/www.moedlareuth.de\/wp-content\/uploads\/2025\/11\/MM-2025-10-30_Neubau-Aussen_KLEIN_DJI_20251030145444_0172_D-1024x576.jpg 1024w, https:\/\/www.moedlareuth.de\/wp-content\/uploads\/2025\/11\/MM-2025-10-30_Neubau-Aussen_KLEIN_DJI_20251030145444_0172_D-300x169.jpg 300w, https:\/\/www.moedlareuth.de\/wp-content\/uploads\/2025\/11\/MM-2025-10-30_Neubau-Aussen_KLEIN_DJI_20251030145444_0172_D-768x432.jpg 768w, https:\/\/www.moedlareuth.de\/wp-content\/uploads\/2025\/11\/MM-2025-10-30_Neubau-Aussen_KLEIN_DJI_20251030145444_0172_D-1536x864.jpg 1536w, https:\/\/www.moedlareuth.de\/wp-content\/uploads\/2025\/11\/MM-2025-10-30_Neubau-Aussen_KLEIN_DJI_20251030145444_0172_D-2048x1152.jpg 2048w, https:\/\/www.moedlareuth.de\/wp-content\/uploads\/2025\/11\/MM-2025-10-30_Neubau-Aussen_KLEIN_DJI_20251030145444_0172_D-18x10.jpg 18w\" sizes=\"(max-width: 1024px) 100vw, 1024px\" \/><\/a><figcaption class=\"wp-element-caption\">Museumsneubau in der bayerischen Ortsh\u00e4lfte<\/figcaption><\/figure>","protected":false},"excerpt":{"rendered":"<p>Das Museum M\u00f6dlareuth Das Museum M\u00f6dlareuth versteht sich als Museumsprojekt zur Geschichte der deutschen Teilung. Nach der Museumsgr\u00fcndung 1990 zeigte sich sehr bald die Notwendigkeit, das Gesamtprojekt \u00bbMuseum M\u00f6dlareuth\u00ab aus finanziellen und zeitlichen Erw\u00e4gungen heraus in \u00fcberschau- und realisierbare Projekteinheiten aufzugliedern, die aufeinander abgestimmt letztendlich Bausteine auf dem Weg zum Gesamtprojekt&nbsp;darstellen. Dementsprechend wurde zeitgleich mit&#8230;<\/p>","protected":false},"author":7,"featured_media":11757,"parent":39,"menu_order":0,"comment_status":"closed","ping_status":"closed","template":"","meta":{"_acf_changed":false,"inline_featured_image":false,"_kad_post_transparent":"","_kad_post_title":"","_kad_post_layout":"","_kad_post_sidebar_id":"","_kad_post_content_style":"","_kad_post_vertical_padding":"","_kad_post_feature":"","_kad_post_feature_position":"","_kad_post_header":false,"_kad_post_footer":false,"_kad_post_classname":"","footnotes":""},"kategorien":[51],"class_list":["post-4386","page","type-page","status-publish","has-post-thumbnail","hentry","kategorien-einrichtungen"],"acf":[],"yoast_head":"<!-- This site is optimized with the Yoast SEO plugin v27.3 - https:\/\/yoast.com\/product\/yoast-seo-wordpress\/ -->\n<title>\u00dcber das Museum - Deutsch-Deutsches Museum M\u00f6dlareuth<\/title>\n<meta name=\"robots\" content=\"index, follow, max-snippet:-1, max-image-preview:large, max-video-preview:-1\" \/>\n<link rel=\"canonical\" href=\"https:\/\/www.moedlareuth.de\/fr\/museum\/ueber-das-museum\/\" \/>\n<meta property=\"og:locale\" content=\"fr_FR\" \/>\n<meta property=\"og:type\" content=\"article\" \/>\n<meta property=\"og:title\" content=\"\u00dcber das Museum - Deutsch-Deutsches Museum M\u00f6dlareuth\" \/>\n<meta property=\"og:description\" content=\"Das Museum M\u00f6dlareuth Das Museum M\u00f6dlareuth versteht sich als Museumsprojekt zur Geschichte der deutschen Teilung. Nach der Museumsgr\u00fcndung 1990 zeigte sich sehr bald die Notwendigkeit, das Gesamtprojekt \u00bbMuseum M\u00f6dlareuth\u00ab aus finanziellen und zeitlichen Erw\u00e4gungen heraus in \u00fcberschau- und realisierbare Projekteinheiten aufzugliedern, die aufeinander abgestimmt letztendlich Bausteine auf dem Weg zum Gesamtprojekt&nbsp;darstellen. Dementsprechend wurde zeitgleich mit...\" \/>\n<meta property=\"og:url\" content=\"https:\/\/www.moedlareuth.de\/fr\/museum\/ueber-das-museum\/\" \/>\n<meta property=\"og:site_name\" content=\"Deutsch-Deutsches Museum M\u00f6dlareuth\" \/>\n<meta property=\"article:modified_time\" content=\"2026-01-30T07:28:02+00:00\" \/>\n<meta name=\"twitter:card\" content=\"summary_large_image\" \/>\n<meta name=\"twitter:label1\" content=\"Dur\u00e9e de lecture estim\u00e9e\" \/>\n\t<meta name=\"twitter:data1\" content=\"2 minutes\" \/>\n<script type=\"application\/ld+json\" class=\"yoast-schema-graph\">{\"@context\":\"https:\\\/\\\/schema.org\",\"@graph\":[{\"@type\":\"WebPage\",\"@id\":\"https:\\\/\\\/www.moedlareuth.de\\\/museum\\\/ueber-das-museum\\\/\",\"url\":\"https:\\\/\\\/www.moedlareuth.de\\\/museum\\\/ueber-das-museum\\\/\",\"name\":\"\u00dcber das Museum - Deutsch-Deutsches Museum M\u00f6dlareuth\",\"isPartOf\":{\"@id\":\"https:\\\/\\\/moedlareuth.de\\\/preview\\\/#website\"},\"primaryImageOfPage\":{\"@id\":\"https:\\\/\\\/www.moedlareuth.de\\\/museum\\\/ueber-das-museum\\\/#primaryimage\"},\"image\":{\"@id\":\"https:\\\/\\\/www.moedlareuth.de\\\/museum\\\/ueber-das-museum\\\/#primaryimage\"},\"thumbnailUrl\":\"https:\\\/\\\/www.moedlareuth.de\\\/wp-content\\\/uploads\\\/2022\\\/05\\\/museum_moedlareuth_logo_grau.svg\",\"datePublished\":\"2021-12-02T11:11:48+00:00\",\"dateModified\":\"2026-01-30T07:28:02+00:00\",\"breadcrumb\":{\"@id\":\"https:\\\/\\\/www.moedlareuth.de\\\/museum\\\/ueber-das-museum\\\/#breadcrumb\"},\"inLanguage\":\"fr-FR\",\"potentialAction\":[{\"@type\":\"ReadAction\",\"target\":[\"https:\\\/\\\/www.moedlareuth.de\\\/museum\\\/ueber-das-museum\\\/\"]}]},{\"@type\":\"ImageObject\",\"inLanguage\":\"fr-FR\",\"@id\":\"https:\\\/\\\/www.moedlareuth.de\\\/museum\\\/ueber-das-museum\\\/#primaryimage\",\"url\":\"https:\\\/\\\/www.moedlareuth.de\\\/wp-content\\\/uploads\\\/2022\\\/05\\\/museum_moedlareuth_logo_grau.svg\",\"contentUrl\":\"https:\\\/\\\/www.moedlareuth.de\\\/wp-content\\\/uploads\\\/2022\\\/05\\\/museum_moedlareuth_logo_grau.svg\",\"width\":1920,\"height\":1080},{\"@type\":\"BreadcrumbList\",\"@id\":\"https:\\\/\\\/www.moedlareuth.de\\\/museum\\\/ueber-das-museum\\\/#breadcrumb\",\"itemListElement\":[{\"@type\":\"ListItem\",\"position\":1,\"name\":\"Startseite\",\"item\":\"https:\\\/\\\/www.moedlareuth.de\\\/\"},{\"@type\":\"ListItem\",\"position\":2,\"name\":\"&#8230; \u00dcber das Museum &#8211; wahrscheinlich tot\",\"item\":\"https:\\\/\\\/www.moedlareuth.de\\\/?page_id=39\"},{\"@type\":\"ListItem\",\"position\":3,\"name\":\"\u00dcber das Museum\"}]},{\"@type\":\"WebSite\",\"@id\":\"https:\\\/\\\/moedlareuth.de\\\/preview\\\/#website\",\"url\":\"https:\\\/\\\/moedlareuth.de\\\/preview\\\/\",\"name\":\"Deutsch-Deutsches Museum M\u00f6dlareuth\",\"description\":\"Gedenkst\u00e4tte zur deutschen Teilung\",\"publisher\":{\"@id\":\"https:\\\/\\\/moedlareuth.de\\\/preview\\\/#organization\"},\"potentialAction\":[{\"@type\":\"SearchAction\",\"target\":{\"@type\":\"EntryPoint\",\"urlTemplate\":\"https:\\\/\\\/moedlareuth.de\\\/preview\\\/?s={search_term_string}\"},\"query-input\":{\"@type\":\"PropertyValueSpecification\",\"valueRequired\":true,\"valueName\":\"search_term_string\"}}],\"inLanguage\":\"fr-FR\"},{\"@type\":\"Organization\",\"@id\":\"https:\\\/\\\/moedlareuth.de\\\/preview\\\/#organization\",\"name\":\"Deutsch-Deutsches Museum M\u00f6dlareuth\",\"url\":\"https:\\\/\\\/moedlareuth.de\\\/preview\\\/\",\"logo\":{\"@type\":\"ImageObject\",\"inLanguage\":\"fr-FR\",\"@id\":\"https:\\\/\\\/moedlareuth.de\\\/preview\\\/#\\\/schema\\\/logo\\\/image\\\/\",\"url\":\"https:\\\/\\\/www.moedlareuth.de\\\/wp-content\\\/uploads\\\/2022\\\/02\\\/museum_moedlareuth_logo_hell_zusatz.svg\",\"contentUrl\":\"https:\\\/\\\/www.moedlareuth.de\\\/wp-content\\\/uploads\\\/2022\\\/02\\\/museum_moedlareuth_logo_hell_zusatz.svg\",\"width\":255,\"height\":62,\"caption\":\"Deutsch-Deutsches Museum M\u00f6dlareuth\"},\"image\":{\"@id\":\"https:\\\/\\\/moedlareuth.de\\\/preview\\\/#\\\/schema\\\/logo\\\/image\\\/\"}}]}<\/script>\n<!-- \/ Yoast SEO plugin. -->","yoast_head_json":{"title":"\u00dcber das Museum - Deutsch-Deutsches Museum M\u00f6dlareuth","robots":{"index":"index","follow":"follow","max-snippet":"max-snippet:-1","max-image-preview":"max-image-preview:large","max-video-preview":"max-video-preview:-1"},"canonical":"https:\/\/www.moedlareuth.de\/fr\/museum\/ueber-das-museum\/","og_locale":"fr_FR","og_type":"article","og_title":"\u00dcber das Museum - Deutsch-Deutsches Museum M\u00f6dlareuth","og_description":"Das Museum M\u00f6dlareuth Das Museum M\u00f6dlareuth versteht sich als Museumsprojekt zur Geschichte der deutschen Teilung. Nach der Museumsgr\u00fcndung 1990 zeigte sich sehr bald die Notwendigkeit, das Gesamtprojekt \u00bbMuseum M\u00f6dlareuth\u00ab aus finanziellen und zeitlichen Erw\u00e4gungen heraus in \u00fcberschau- und realisierbare Projekteinheiten aufzugliedern, die aufeinander abgestimmt letztendlich Bausteine auf dem Weg zum Gesamtprojekt&nbsp;darstellen. Dementsprechend wurde zeitgleich mit...","og_url":"https:\/\/www.moedlareuth.de\/fr\/museum\/ueber-das-museum\/","og_site_name":"Deutsch-Deutsches Museum M\u00f6dlareuth","article_modified_time":"2026-01-30T07:28:02+00:00","twitter_card":"summary_large_image","twitter_misc":{"Dur\u00e9e de lecture estim\u00e9e":"2 minutes"},"schema":{"@context":"https:\/\/schema.org","@graph":[{"@type":"WebPage","@id":"https:\/\/www.moedlareuth.de\/museum\/ueber-das-museum\/","url":"https:\/\/www.moedlareuth.de\/museum\/ueber-das-museum\/","name":"\u00dcber das Museum - Deutsch-Deutsches Museum M\u00f6dlareuth","isPartOf":{"@id":"https:\/\/moedlareuth.de\/preview\/#website"},"primaryImageOfPage":{"@id":"https:\/\/www.moedlareuth.de\/museum\/ueber-das-museum\/#primaryimage"},"image":{"@id":"https:\/\/www.moedlareuth.de\/museum\/ueber-das-museum\/#primaryimage"},"thumbnailUrl":"https:\/\/www.moedlareuth.de\/wp-content\/uploads\/2022\/05\/museum_moedlareuth_logo_grau.svg","datePublished":"2021-12-02T11:11:48+00:00","dateModified":"2026-01-30T07:28:02+00:00","breadcrumb":{"@id":"https:\/\/www.moedlareuth.de\/museum\/ueber-das-museum\/#breadcrumb"},"inLanguage":"fr-FR","potentialAction":[{"@type":"ReadAction","target":["https:\/\/www.moedlareuth.de\/museum\/ueber-das-museum\/"]}]},{"@type":"ImageObject","inLanguage":"fr-FR","@id":"https:\/\/www.moedlareuth.de\/museum\/ueber-das-museum\/#primaryimage","url":"https:\/\/www.moedlareuth.de\/wp-content\/uploads\/2022\/05\/museum_moedlareuth_logo_grau.svg","contentUrl":"https:\/\/www.moedlareuth.de\/wp-content\/uploads\/2022\/05\/museum_moedlareuth_logo_grau.svg","width":1920,"height":1080},{"@type":"BreadcrumbList","@id":"https:\/\/www.moedlareuth.de\/museum\/ueber-das-museum\/#breadcrumb","itemListElement":[{"@type":"ListItem","position":1,"name":"Startseite","item":"https:\/\/www.moedlareuth.de\/"},{"@type":"ListItem","position":2,"name":"&#8230; \u00dcber das Museum &#8211; wahrscheinlich tot","item":"https:\/\/www.moedlareuth.de\/?page_id=39"},{"@type":"ListItem","position":3,"name":"\u00dcber das Museum"}]},{"@type":"WebSite","@id":"https:\/\/moedlareuth.de\/preview\/#website","url":"https:\/\/moedlareuth.de\/preview\/","name":"Mus\u00e9e germano-allemand de M\u00f6dlareuth","description":"M\u00e9morial de la division de l'Allemagne","publisher":{"@id":"https:\/\/moedlareuth.de\/preview\/#organization"},"potentialAction":[{"@type":"SearchAction","target":{"@type":"EntryPoint","urlTemplate":"https:\/\/moedlareuth.de\/preview\/?s={search_term_string}"},"query-input":{"@type":"PropertyValueSpecification","valueRequired":true,"valueName":"search_term_string"}}],"inLanguage":"fr-FR"},{"@type":"Organization","@id":"https:\/\/moedlareuth.de\/preview\/#organization","name":"Mus\u00e9e germano-allemand de M\u00f6dlareuth","url":"https:\/\/moedlareuth.de\/preview\/","logo":{"@type":"ImageObject","inLanguage":"fr-FR","@id":"https:\/\/moedlareuth.de\/preview\/#\/schema\/logo\/image\/","url":"https:\/\/www.moedlareuth.de\/wp-content\/uploads\/2022\/02\/museum_moedlareuth_logo_hell_zusatz.svg","contentUrl":"https:\/\/www.moedlareuth.de\/wp-content\/uploads\/2022\/02\/museum_moedlareuth_logo_hell_zusatz.svg","width":255,"height":62,"caption":"Deutsch-Deutsches Museum M\u00f6dlareuth"},"image":{"@id":"https:\/\/moedlareuth.de\/preview\/#\/schema\/logo\/image\/"}}]}},"_links":{"self":[{"href":"https:\/\/www.moedlareuth.de\/fr\/wp-json\/wp\/v2\/pages\/4386","targetHints":{"allow":["GET"]}}],"collection":[{"href":"https:\/\/www.moedlareuth.de\/fr\/wp-json\/wp\/v2\/pages"}],"about":[{"href":"https:\/\/www.moedlareuth.de\/fr\/wp-json\/wp\/v2\/types\/page"}],"author":[{"embeddable":true,"href":"https:\/\/www.moedlareuth.de\/fr\/wp-json\/wp\/v2\/users\/7"}],"replies":[{"embeddable":true,"href":"https:\/\/www.moedlareuth.de\/fr\/wp-json\/wp\/v2\/comments?post=4386"}],"version-history":[{"count":7,"href":"https:\/\/www.moedlareuth.de\/fr\/wp-json\/wp\/v2\/pages\/4386\/revisions"}],"predecessor-version":[{"id":16581,"href":"https:\/\/www.moedlareuth.de\/fr\/wp-json\/wp\/v2\/pages\/4386\/revisions\/16581"}],"up":[{"embeddable":true,"href":"https:\/\/www.moedlareuth.de\/fr\/wp-json\/wp\/v2\/pages\/39"}],"wp:featuredmedia":[{"embeddable":true,"href":"https:\/\/www.moedlareuth.de\/fr\/wp-json\/wp\/v2\/media\/11757"}],"wp:attachment":[{"href":"https:\/\/www.moedlareuth.de\/fr\/wp-json\/wp\/v2\/media?parent=4386"}],"wp:term":[{"taxonomy":"kategorien","embeddable":true,"href":"https:\/\/www.moedlareuth.de\/fr\/wp-json\/wp\/v2\/kategorien?post=4386"}],"curies":[{"name":"wp","href":"https:\/\/api.w.org\/{rel}","templated":true}]}}