{"id":4327,"date":"2021-12-02T11:40:50","date_gmt":"2021-12-02T10:40:50","guid":{"rendered":"http:\/\/moedlareuth.kreativunion.de\/?page_id=4327"},"modified":"2026-04-02T08:33:55","modified_gmt":"2026-04-02T06:33:55","slug":"eintrittspreise","status":"publish","type":"page","link":"https:\/\/www.moedlareuth.de\/fr\/museum\/eintrittspreise\/","title":{"rendered":"Prix d\u2018entr\u00e9e"},"content":{"rendered":"<style>.kb-row-layout-id4327_b48993-b4 > .kt-row-column-wrap{align-content:start;}:where(.kb-row-layout-id4327_b48993-b4 > .kt-row-column-wrap) > .wp-block-kadence-column{justify-content:start;}.kb-row-layout-id4327_b48993-b4 > .kt-row-column-wrap{column-gap:var(--global-kb-gap-none, 0rem );row-gap:var(--global-kb-gap-none, 0rem );padding-top:var(--global-kb-spacing-sm, 1.5rem);padding-bottom:var(--global-kb-spacing-sm, 1.5rem);grid-template-columns:minmax(0, calc(20% - ((var(--global-kb-gap-none, 0rem ) * 2 )\/3)))minmax(0, calc(45% - ((var(--global-kb-gap-none, 0rem ) * 2 )\/3)))minmax(0, calc(35% - ((var(--global-kb-gap-none, 0rem ) * 2 )\/3)));}.kb-row-layout-id4327_b48993-b4 > .kt-row-layout-overlay{opacity:0.30;}@media all and (max-width: 1024px){.kb-row-layout-id4327_b48993-b4 > .kt-row-column-wrap > div:not(.added-for-specificity){grid-column:initial;}}@media all and (max-width: 1024px){.kb-row-layout-id4327_b48993-b4 > .kt-row-column-wrap{grid-template-columns:minmax(0, 1fr) minmax(0, 2fr) minmax(0, 1fr);}}@media all and (max-width: 767px){.kb-row-layout-id4327_b48993-b4 > .kt-row-column-wrap > div:not(.added-for-specificity){grid-column:initial;}.kb-row-layout-id4327_b48993-b4 > .kt-row-column-wrap{grid-template-columns:minmax(0, 1fr);}}<\/style><article class=\"kb-row-layout-wrap kb-row-layout-id4327_b48993-b4 alignnone wp-block-kadence-rowlayout\"><div class=\"kt-row-column-wrap kt-has-3-columns kt-row-layout-center-half kt-tab-layout-inherit kt-mobile-layout-row kt-row-valign-top\">\n<style>.kadence-column4327_50ca1c-0d > .kt-inside-inner-col,.kadence-column4327_50ca1c-0d > .kt-inside-inner-col:before{border-top-left-radius:0px;border-top-right-radius:0px;border-bottom-right-radius:0px;border-bottom-left-radius:0px;}.kadence-column4327_50ca1c-0d > .kt-inside-inner-col{column-gap:var(--global-kb-gap-sm, 1rem);}.kadence-column4327_50ca1c-0d > .kt-inside-inner-col{flex-direction:column;}.kadence-column4327_50ca1c-0d > .kt-inside-inner-col > .aligncenter{width:100%;}.kadence-column4327_50ca1c-0d > .kt-inside-inner-col:before{opacity:0.3;}.kadence-column4327_50ca1c-0d{position:relative;}@media all and (max-width: 1024px){.kadence-column4327_50ca1c-0d > .kt-inside-inner-col{flex-direction:column;justify-content:center;}}@media all and (max-width: 767px){.kadence-column4327_50ca1c-0d > .kt-inside-inner-col{flex-direction:column;justify-content:center;}}<\/style>\n<div class=\"wp-block-kadence-column kadence-column4327_50ca1c-0d\"><div class=\"kt-inside-inner-col\"><\/div><\/div>\n\n\n<style>.kadence-column4327_e5a482-ba > .kt-inside-inner-col,.kadence-column4327_e5a482-ba > .kt-inside-inner-col:before{border-top-left-radius:0px;border-top-right-radius:0px;border-bottom-right-radius:0px;border-bottom-left-radius:0px;}.kadence-column4327_e5a482-ba > .kt-inside-inner-col{column-gap:var(--global-kb-gap-sm, 1rem);}.kadence-column4327_e5a482-ba > .kt-inside-inner-col{flex-direction:column;}.kadence-column4327_e5a482-ba > .kt-inside-inner-col > .aligncenter{width:100%;}.kadence-column4327_e5a482-ba > .kt-inside-inner-col:before{opacity:0.3;}.kadence-column4327_e5a482-ba{position:relative;}@media all and (max-width: 1024px){.kadence-column4327_e5a482-ba > .kt-inside-inner-col{flex-direction:column;justify-content:center;}}@media all and (max-width: 767px){.kadence-column4327_e5a482-ba > .kt-inside-inner-col{flex-direction:column;justify-content:center;}}<\/style>\n<div class=\"wp-block-kadence-column kadence-column4327_e5a482-ba\"><div class=\"kt-inside-inner-col\">\n<h3 class=\"wp-block-heading\">Prix d\u2018entr\u00e9e<\/h3>\n\n\n\n<figure class=\"wp-block-table\"><table class=\"has-fixed-layout\"><tbody><tr><td><strong>Adulte:<\/strong><\/td><td><strong>6,00 \u20ac<\/strong><\/td><\/tr><tr><td><strong>R\u00e9duit:<\/strong><br>Tarif r\u00e9duit (enfants \u00e0 partir de 7 ans - \u00e9coliers - \u00e9tudiants - retrait\u00e9s - personnes handicap\u00e9es)<\/td><td><strong>4,00 \u20ac<\/strong><\/td><\/tr><tr><td><strong>Familienkarte<\/strong>:<br>2 Erwachsene (Eltern\/ Gro\u00dfeltern)+ max. 3 Kinder\/ Jugendliche bis 18 Jahre<\/td><td><strong>15,00 \u20ac<\/strong><\/td><\/tr><tr><td><strong>Gruppen ab 10 Personen <\/strong><br><strong>(pro Person):<\/strong><\/td><td><strong>4,00 \u20ac<\/strong><\/td><\/tr><tr><td><strong>Sch\u00fclergruppen (pro Person):<\/strong><\/td><td><strong>2,00 \u20ac<\/strong><\/td><\/tr><tr><td>Entr\u00e9e gratuite pour les enfants jusqu'\u00e0 6 ans<\/td><td><\/td><\/tr><\/tbody><\/table><\/figure>\n<\/div><\/div>\n\n\n<style>.kadence-column4327_a6edf6-fc > .kt-inside-inner-col,.kadence-column4327_a6edf6-fc > .kt-inside-inner-col:before{border-top-left-radius:0px;border-top-right-radius:0px;border-bottom-right-radius:0px;border-bottom-left-radius:0px;}.kadence-column4327_a6edf6-fc > .kt-inside-inner-col{column-gap:var(--global-kb-gap-sm, 1rem);}.kadence-column4327_a6edf6-fc > .kt-inside-inner-col{flex-direction:column;}.kadence-column4327_a6edf6-fc > .kt-inside-inner-col > .aligncenter{width:100%;}.kadence-column4327_a6edf6-fc > .kt-inside-inner-col:before{opacity:0.3;}.kadence-column4327_a6edf6-fc{position:relative;}@media all and (max-width: 1024px){.kadence-column4327_a6edf6-fc > .kt-inside-inner-col{flex-direction:column;justify-content:center;}}@media all and (max-width: 767px){.kadence-column4327_a6edf6-fc > .kt-inside-inner-col{flex-direction:column;justify-content:center;}}<\/style>\n<div class=\"wp-block-kadence-column kadence-column4327_a6edf6-fc\"><div class=\"kt-inside-inner-col\"><\/div><\/div>\n\n<\/div><\/article>\n\n\n<h3 class=\"wp-block-heading\"><\/h3>\n\n\n\n<p><\/p>\n\n\n<style>.kb-row-layout-id4327_0a1975-85 > .kt-row-column-wrap{align-content:start;}:where(.kb-row-layout-id4327_0a1975-85 > .kt-row-column-wrap) > .wp-block-kadence-column{justify-content:start;}.kb-row-layout-id4327_0a1975-85 > .kt-row-column-wrap{column-gap:var(--global-kb-gap-none, 0rem );row-gap:var(--global-kb-gap-none, 0rem );padding-top:var(--global-kb-spacing-sm, 1.5rem);padding-bottom:var(--global-kb-spacing-sm, 1.5rem);grid-template-columns:minmax(0, calc(30% - ((var(--global-kb-gap-none, 0rem ) * 2 )\/3)))minmax(0, calc(10% - ((var(--global-kb-gap-none, 0rem ) * 2 )\/3)))minmax(0, calc(60% - ((var(--global-kb-gap-none, 0rem ) * 2 )\/3)));}.kb-row-layout-id4327_0a1975-85 > .kt-row-layout-overlay{opacity:0.30;}@media all and (max-width: 1024px){.kb-row-layout-id4327_0a1975-85 > .kt-row-column-wrap > div:not(.added-for-specificity){grid-column:initial;}}@media all and (max-width: 1024px){.kb-row-layout-id4327_0a1975-85 > .kt-row-column-wrap{grid-template-columns:repeat(3, minmax(0, 1fr));}}@media all and (max-width: 767px){.kb-row-layout-id4327_0a1975-85 > .kt-row-column-wrap > div:not(.added-for-specificity){grid-column:initial;}.kb-row-layout-id4327_0a1975-85 > .kt-row-column-wrap{grid-template-columns:minmax(0, 1fr);}}<\/style><article class=\"kb-row-layout-wrap kb-row-layout-id4327_0a1975-85 alignnone wp-block-kadence-rowlayout\"><div class=\"kt-row-column-wrap kt-has-3-columns kt-row-layout-equal kt-tab-layout-inherit kt-mobile-layout-row kt-row-valign-top\">\n<style>.kadence-column4327_13e6bf-c3 > .kt-inside-inner-col,.kadence-column4327_13e6bf-c3 > .kt-inside-inner-col:before{border-top-left-radius:0px;border-top-right-radius:0px;border-bottom-right-radius:0px;border-bottom-left-radius:0px;}.kadence-column4327_13e6bf-c3 > .kt-inside-inner-col{column-gap:var(--global-kb-gap-sm, 1rem);}.kadence-column4327_13e6bf-c3 > .kt-inside-inner-col{flex-direction:column;}.kadence-column4327_13e6bf-c3 > .kt-inside-inner-col > .aligncenter{width:100%;}.kadence-column4327_13e6bf-c3 > .kt-inside-inner-col:before{opacity:0.3;}.kadence-column4327_13e6bf-c3, .kadence-column4327_13e6bf-c3 h1, .kadence-column4327_13e6bf-c3 h2, .kadence-column4327_13e6bf-c3 h3, .kadence-column4327_13e6bf-c3 h4, .kadence-column4327_13e6bf-c3 h5, .kadence-column4327_13e6bf-c3 h6{color:var(--global-palette9, #ffffff);}.kadence-column4327_13e6bf-c3{position:relative;}@media all and (max-width: 1024px){.kadence-column4327_13e6bf-c3 > .kt-inside-inner-col{flex-direction:column;justify-content:center;}}@media all and (max-width: 767px){.kadence-column4327_13e6bf-c3 > .kt-inside-inner-col{flex-direction:column;justify-content:center;}}<\/style>\n<div class=\"wp-block-kadence-column kadence-column4327_13e6bf-c3 inner-column-1\"><div class=\"kt-inside-inner-col\"><style>.wp-block-kadence-advancedgallery .kb-gallery-type-masonry.kb-gallery-id-4327_dd2b17-65{margin:-5px;}.kb-gallery-type-masonry.kb-gallery-id-4327_dd2b17-65 .kadence-blocks-gallery-item{padding:5px;}.kb-gallery-id-4327_dd2b17-65 .kadence-blocks-gallery-item .kb-gal-image-radius, .kb-gallery-id-4327_dd2b17-65 .kb-slide-item .kb-gal-image-radius img{border-radius:0px 0px 0px 0px;;}.kb-gallery-id-4327_dd2b17-65 .kadence-blocks-gallery-item .kadence-blocks-gallery-item-inner .kadence-blocks-gallery-item__caption{color:var(--global-palette9, #ffffff);}.kb-gallery-caption-style-cover-hover.kb-gallery-id-4327_dd2b17-65 .kadence-blocks-gallery-item .kadence-blocks-gallery-item-inner .kadence-blocks-gallery-item__caption, .kb-gallery-caption-style-below.kb-gallery-id-4327_dd2b17-65 .kadence-blocks-gallery-item .kadence-blocks-gallery-item-inner .kadence-blocks-gallery-item__caption{background:rgba(127, 117, 117, 0.39);}<\/style><div class=\"kb-gallery-wrap-id-4327_dd2b17-65 alignnone wp-block-kadence-advancedgallery\"><ul class=\"kb-gallery-ul kb-gallery-non-static kb-gallery-type-masonry kb-masonry-init kb-gallery-id-4327_dd2b17-65 kb-gallery-caption-style-below kb-gallery-filter-none\" data-image-filter=\"none\" data-item-selector=\".kadence-blocks-gallery-item\" data-lightbox-caption=\"true\" data-columns-xxl=\"1\" data-columns-xl=\"1\" data-columns-md=\"1\" data-columns-sm=\"1\" data-columns-xs=\"1\" data-columns-ss=\"1\"><li class=\"kadence-blocks-gallery-item\"><div class=\"kadence-blocks-gallery-item-inner\"><figure class=\"kb-gallery-figure kadence-blocks-gallery-item-has-caption\" style=\"max-width:1024px;\"><div class=\"kb-gal-image-radius\" style=\"max-width:1024px;\"><div class=\"kb-gallery-image-contain kadence-blocks-gallery-intrinsic\" style=\"padding-bottom:56%;\"><img fetchpriority=\"high\" decoding=\"async\" src=\"https:\/\/www.moedlareuth.de\/wp-content\/uploads\/2025\/11\/MM-2025-10-30_Neubau-Aussen_KLEIN_DJI_20251030145444_0172_D-1024x576.jpg\" width=\"1024\" height=\"576\" alt=\"Museumsneubau in der bayerischen Ortsh\u00e4lfte\" data-full-image=\"https:\/\/www.moedlareuth.de\/wp-content\/uploads\/2025\/11\/MM-2025-10-30_Neubau-Aussen_KLEIN_DJI_20251030145444_0172_D-scaled.jpg\" data-light-image=\"https:\/\/www.moedlareuth.de\/wp-content\/uploads\/2025\/11\/MM-2025-10-30_Neubau-Aussen_KLEIN_DJI_20251030145444_0172_D-scaled.jpg\" data-id=\"15450\" class=\"wp-image-15450\" srcset=\"https:\/\/www.moedlareuth.de\/wp-content\/uploads\/2025\/11\/MM-2025-10-30_Neubau-Aussen_KLEIN_DJI_20251030145444_0172_D-1024x576.jpg 1024w, https:\/\/www.moedlareuth.de\/wp-content\/uploads\/2025\/11\/MM-2025-10-30_Neubau-Aussen_KLEIN_DJI_20251030145444_0172_D-300x169.jpg 300w, https:\/\/www.moedlareuth.de\/wp-content\/uploads\/2025\/11\/MM-2025-10-30_Neubau-Aussen_KLEIN_DJI_20251030145444_0172_D-768x432.jpg 768w, https:\/\/www.moedlareuth.de\/wp-content\/uploads\/2025\/11\/MM-2025-10-30_Neubau-Aussen_KLEIN_DJI_20251030145444_0172_D-1536x864.jpg 1536w, https:\/\/www.moedlareuth.de\/wp-content\/uploads\/2025\/11\/MM-2025-10-30_Neubau-Aussen_KLEIN_DJI_20251030145444_0172_D-2048x1152.jpg 2048w, https:\/\/www.moedlareuth.de\/wp-content\/uploads\/2025\/11\/MM-2025-10-30_Neubau-Aussen_KLEIN_DJI_20251030145444_0172_D-18x10.jpg 18w\" sizes=\"(max-width: 1024px) 100vw, 1024px\" \/><\/div><\/div><figcaption class=\"kadence-blocks-gallery-item__caption\">Museumsneubau in der bayerischen Ortsh\u00e4lfte<\/figcaption><\/figure><\/div><\/li><\/ul><\/div><\/div><\/div>\n\n\n<style>.kadence-column4327_37905c-30 > .kt-inside-inner-col,.kadence-column4327_37905c-30 > .kt-inside-inner-col:before{border-top-left-radius:0px;border-top-right-radius:0px;border-bottom-right-radius:0px;border-bottom-left-radius:0px;}.kadence-column4327_37905c-30 > .kt-inside-inner-col{column-gap:var(--global-kb-gap-sm, 1rem);}.kadence-column4327_37905c-30 > .kt-inside-inner-col{flex-direction:column;}.kadence-column4327_37905c-30 > .kt-inside-inner-col > .aligncenter{width:100%;}.kadence-column4327_37905c-30 > .kt-inside-inner-col:before{opacity:0.3;}.kadence-column4327_37905c-30{position:relative;}@media all and (max-width: 1024px){.kadence-column4327_37905c-30 > .kt-inside-inner-col{flex-direction:column;justify-content:center;}}@media all and (max-width: 767px){.kadence-column4327_37905c-30 > .kt-inside-inner-col{flex-direction:column;justify-content:center;}}<\/style>\n<div class=\"wp-block-kadence-column kadence-column4327_37905c-30 inner-column-2\"><div class=\"kt-inside-inner-col\">\n<p><\/p>\n<\/div><\/div>\n\n\n<style>.kadence-column4327_dd5a3f-f3 > .kt-inside-inner-col,.kadence-column4327_dd5a3f-f3 > .kt-inside-inner-col:before{border-top-left-radius:0px;border-top-right-radius:0px;border-bottom-right-radius:0px;border-bottom-left-radius:0px;}.kadence-column4327_dd5a3f-f3 > .kt-inside-inner-col{column-gap:var(--global-kb-gap-sm, 1rem);}.kadence-column4327_dd5a3f-f3 > .kt-inside-inner-col{flex-direction:column;}.kadence-column4327_dd5a3f-f3 > .kt-inside-inner-col > .aligncenter{width:100%;}.kadence-column4327_dd5a3f-f3 > .kt-inside-inner-col:before{opacity:0.3;}.kadence-column4327_dd5a3f-f3{position:relative;}@media all and (max-width: 1024px){.kadence-column4327_dd5a3f-f3 > .kt-inside-inner-col{flex-direction:column;justify-content:center;}}@media all and (max-width: 767px){.kadence-column4327_dd5a3f-f3 > .kt-inside-inner-col{flex-direction:column;justify-content:center;}}<\/style>\n<div class=\"wp-block-kadence-column kadence-column4327_dd5a3f-f3 inner-column-3\"><div class=\"kt-inside-inner-col\">\n<h2 class=\"wp-block-heading\"><\/h2>\n\n\n\n<p><\/p>\n<\/div><\/div>\n\n<\/div><\/article>\n\n\n<div id=\"bookingKitContainer\" data-cw=\"5935f9f3ae4fee7057ce9c17bbac3dd3\"><\/div>\n<script src=\"https:\/\/cb71f06c2450d288beef2b74d05ffc97.widget.bookingkit.net\/bkscript\/5935f9f3ae4fee7057ce9c17bbac3dd3\/\" async><\/script>","protected":false},"excerpt":{"rendered":"<p>Eintrittspreise Erwachsene: 6,00 \u20ac Erm\u00e4\u00dfigt:(Kinder ab 7 Jahre, Sch\u00fcler, Studenten, Rentner, Menschen mit Behinderung) 4,00 \u20ac Familienkarte:2 Erwachsene (Eltern\/ Gro\u00dfeltern)+ max. 3 Kinder\/ Jugendliche bis 18 Jahre 15,00 \u20ac Gruppen ab 10 Personen (pro Person): 4,00 \u20ac Sch\u00fclergruppen (pro Person): 2,00 \u20ac F\u00fcr Kinder bis 6 Jahre ist der Eintritt frei!<\/p>","protected":false},"author":7,"featured_media":10432,"parent":39,"menu_order":0,"comment_status":"closed","ping_status":"closed","template":"","meta":{"_acf_changed":false,"inline_featured_image":false,"_kad_post_transparent":"","_kad_post_title":"","_kad_post_layout":"","_kad_post_sidebar_id":"","_kad_post_content_style":"","_kad_post_vertical_padding":"","_kad_post_feature":"","_kad_post_feature_position":"","_kad_post_header":false,"_kad_post_footer":false,"_kad_post_classname":"","footnotes":""},"kategorien":[46],"class_list":["post-4327","page","type-page","status-publish","has-post-thumbnail","hentry","kategorien-service"],"acf":[],"yoast_head":"<!-- This site is optimized with the Yoast SEO plugin v27.3 - https:\/\/yoast.com\/product\/yoast-seo-wordpress\/ -->\n<title>Eintrittspreise - Deutsch-Deutsches Museum M\u00f6dlareuth<\/title>\n<meta name=\"robots\" content=\"index, follow, max-snippet:-1, max-image-preview:large, max-video-preview:-1\" \/>\n<link rel=\"canonical\" href=\"https:\/\/www.moedlareuth.de\/fr\/museum\/eintrittspreise\/\" \/>\n<meta property=\"og:locale\" content=\"fr_FR\" \/>\n<meta property=\"og:type\" content=\"article\" \/>\n<meta property=\"og:title\" content=\"Eintrittspreise - Deutsch-Deutsches Museum M\u00f6dlareuth\" \/>\n<meta property=\"og:description\" content=\"Eintrittspreise Erwachsene: 6,00 \u20ac Erm\u00e4\u00dfigt:(Kinder ab 7 Jahre, Sch\u00fcler, Studenten, Rentner, Menschen mit Behinderung) 4,00 \u20ac Familienkarte:2 Erwachsene (Eltern\/ Gro\u00dfeltern)+ max. 3 Kinder\/ Jugendliche bis 18 Jahre 15,00 \u20ac Gruppen ab 10 Personen (pro Person): 4,00 \u20ac Sch\u00fclergruppen (pro Person): 2,00 \u20ac F\u00fcr Kinder bis 6 Jahre ist der Eintritt frei!\" \/>\n<meta property=\"og:url\" content=\"https:\/\/www.moedlareuth.de\/fr\/museum\/eintrittspreise\/\" \/>\n<meta property=\"og:site_name\" content=\"Deutsch-Deutsches Museum M\u00f6dlareuth\" \/>\n<meta property=\"article:modified_time\" content=\"2026-04-02T06:33:55+00:00\" \/>\n<meta property=\"og:image\" content=\"https:\/\/www.moedlareuth.de\/wp-content\/uploads\/2021\/12\/moedlareuth_background_video.jpg\" \/>\n\t<meta property=\"og:image:width\" content=\"1920\" \/>\n\t<meta property=\"og:image:height\" content=\"1080\" \/>\n\t<meta property=\"og:image:type\" content=\"image\/jpeg\" \/>\n<meta name=\"twitter:card\" content=\"summary_large_image\" \/>\n<meta name=\"twitter:label1\" content=\"Dur\u00e9e de lecture estim\u00e9e\" \/>\n\t<meta name=\"twitter:data1\" content=\"1 minute\" \/>\n<script type=\"application\/ld+json\" class=\"yoast-schema-graph\">{\"@context\":\"https:\\\/\\\/schema.org\",\"@graph\":[{\"@type\":\"WebPage\",\"@id\":\"https:\\\/\\\/www.moedlareuth.de\\\/museum\\\/eintrittspreise\\\/\",\"url\":\"https:\\\/\\\/www.moedlareuth.de\\\/museum\\\/eintrittspreise\\\/\",\"name\":\"Eintrittspreise - Deutsch-Deutsches Museum M\u00f6dlareuth\",\"isPartOf\":{\"@id\":\"https:\\\/\\\/moedlareuth.de\\\/preview\\\/#website\"},\"primaryImageOfPage\":{\"@id\":\"https:\\\/\\\/www.moedlareuth.de\\\/museum\\\/eintrittspreise\\\/#primaryimage\"},\"image\":{\"@id\":\"https:\\\/\\\/www.moedlareuth.de\\\/museum\\\/eintrittspreise\\\/#primaryimage\"},\"thumbnailUrl\":\"https:\\\/\\\/www.moedlareuth.de\\\/wp-content\\\/uploads\\\/2021\\\/12\\\/moedlareuth_background_video.jpg\",\"datePublished\":\"2021-12-02T10:40:50+00:00\",\"dateModified\":\"2026-04-02T06:33:55+00:00\",\"breadcrumb\":{\"@id\":\"https:\\\/\\\/www.moedlareuth.de\\\/museum\\\/eintrittspreise\\\/#breadcrumb\"},\"inLanguage\":\"fr-FR\",\"potentialAction\":[{\"@type\":\"ReadAction\",\"target\":[\"https:\\\/\\\/www.moedlareuth.de\\\/museum\\\/eintrittspreise\\\/\"]}]},{\"@type\":\"ImageObject\",\"inLanguage\":\"fr-FR\",\"@id\":\"https:\\\/\\\/www.moedlareuth.de\\\/museum\\\/eintrittspreise\\\/#primaryimage\",\"url\":\"https:\\\/\\\/www.moedlareuth.de\\\/wp-content\\\/uploads\\\/2021\\\/12\\\/moedlareuth_background_video.jpg\",\"contentUrl\":\"https:\\\/\\\/www.moedlareuth.de\\\/wp-content\\\/uploads\\\/2021\\\/12\\\/moedlareuth_background_video.jpg\",\"width\":1920,\"height\":1080,\"caption\":\"moedlareuth background video\"},{\"@type\":\"BreadcrumbList\",\"@id\":\"https:\\\/\\\/www.moedlareuth.de\\\/museum\\\/eintrittspreise\\\/#breadcrumb\",\"itemListElement\":[{\"@type\":\"ListItem\",\"position\":1,\"name\":\"Startseite\",\"item\":\"https:\\\/\\\/www.moedlareuth.de\\\/\"},{\"@type\":\"ListItem\",\"position\":2,\"name\":\"&#8230; \u00dcber das Museum &#8211; wahrscheinlich tot\",\"item\":\"https:\\\/\\\/www.moedlareuth.de\\\/?page_id=39\"},{\"@type\":\"ListItem\",\"position\":3,\"name\":\"Eintrittspreise\"}]},{\"@type\":\"WebSite\",\"@id\":\"https:\\\/\\\/moedlareuth.de\\\/preview\\\/#website\",\"url\":\"https:\\\/\\\/moedlareuth.de\\\/preview\\\/\",\"name\":\"Deutsch-Deutsches Museum M\u00f6dlareuth\",\"description\":\"Gedenkst\u00e4tte zur deutschen Teilung\",\"publisher\":{\"@id\":\"https:\\\/\\\/moedlareuth.de\\\/preview\\\/#organization\"},\"potentialAction\":[{\"@type\":\"SearchAction\",\"target\":{\"@type\":\"EntryPoint\",\"urlTemplate\":\"https:\\\/\\\/moedlareuth.de\\\/preview\\\/?s={search_term_string}\"},\"query-input\":{\"@type\":\"PropertyValueSpecification\",\"valueRequired\":true,\"valueName\":\"search_term_string\"}}],\"inLanguage\":\"fr-FR\"},{\"@type\":\"Organization\",\"@id\":\"https:\\\/\\\/moedlareuth.de\\\/preview\\\/#organization\",\"name\":\"Deutsch-Deutsches Museum M\u00f6dlareuth\",\"url\":\"https:\\\/\\\/moedlareuth.de\\\/preview\\\/\",\"logo\":{\"@type\":\"ImageObject\",\"inLanguage\":\"fr-FR\",\"@id\":\"https:\\\/\\\/moedlareuth.de\\\/preview\\\/#\\\/schema\\\/logo\\\/image\\\/\",\"url\":\"https:\\\/\\\/www.moedlareuth.de\\\/wp-content\\\/uploads\\\/2022\\\/02\\\/museum_moedlareuth_logo_hell_zusatz.svg\",\"contentUrl\":\"https:\\\/\\\/www.moedlareuth.de\\\/wp-content\\\/uploads\\\/2022\\\/02\\\/museum_moedlareuth_logo_hell_zusatz.svg\",\"width\":255,\"height\":62,\"caption\":\"Deutsch-Deutsches Museum M\u00f6dlareuth\"},\"image\":{\"@id\":\"https:\\\/\\\/moedlareuth.de\\\/preview\\\/#\\\/schema\\\/logo\\\/image\\\/\"}}]}<\/script>\n<!-- \/ Yoast SEO plugin. -->","yoast_head_json":{"title":"Eintrittspreise - Deutsch-Deutsches Museum M\u00f6dlareuth","robots":{"index":"index","follow":"follow","max-snippet":"max-snippet:-1","max-image-preview":"max-image-preview:large","max-video-preview":"max-video-preview:-1"},"canonical":"https:\/\/www.moedlareuth.de\/fr\/museum\/eintrittspreise\/","og_locale":"fr_FR","og_type":"article","og_title":"Eintrittspreise - Deutsch-Deutsches Museum M\u00f6dlareuth","og_description":"Eintrittspreise Erwachsene: 6,00 \u20ac Erm\u00e4\u00dfigt:(Kinder ab 7 Jahre, Sch\u00fcler, Studenten, Rentner, Menschen mit Behinderung) 4,00 \u20ac Familienkarte:2 Erwachsene (Eltern\/ Gro\u00dfeltern)+ max. 3 Kinder\/ Jugendliche bis 18 Jahre 15,00 \u20ac Gruppen ab 10 Personen (pro Person): 4,00 \u20ac Sch\u00fclergruppen (pro Person): 2,00 \u20ac F\u00fcr Kinder bis 6 Jahre ist der Eintritt frei!","og_url":"https:\/\/www.moedlareuth.de\/fr\/museum\/eintrittspreise\/","og_site_name":"Deutsch-Deutsches Museum M\u00f6dlareuth","article_modified_time":"2026-04-02T06:33:55+00:00","og_image":[{"width":1920,"height":1080,"url":"https:\/\/www.moedlareuth.de\/wp-content\/uploads\/2021\/12\/moedlareuth_background_video.jpg","type":"image\/jpeg"}],"twitter_card":"summary_large_image","twitter_misc":{"Dur\u00e9e de lecture estim\u00e9e":"1 minute"},"schema":{"@context":"https:\/\/schema.org","@graph":[{"@type":"WebPage","@id":"https:\/\/www.moedlareuth.de\/museum\/eintrittspreise\/","url":"https:\/\/www.moedlareuth.de\/museum\/eintrittspreise\/","name":"Eintrittspreise - Deutsch-Deutsches Museum M\u00f6dlareuth","isPartOf":{"@id":"https:\/\/moedlareuth.de\/preview\/#website"},"primaryImageOfPage":{"@id":"https:\/\/www.moedlareuth.de\/museum\/eintrittspreise\/#primaryimage"},"image":{"@id":"https:\/\/www.moedlareuth.de\/museum\/eintrittspreise\/#primaryimage"},"thumbnailUrl":"https:\/\/www.moedlareuth.de\/wp-content\/uploads\/2021\/12\/moedlareuth_background_video.jpg","datePublished":"2021-12-02T10:40:50+00:00","dateModified":"2026-04-02T06:33:55+00:00","breadcrumb":{"@id":"https:\/\/www.moedlareuth.de\/museum\/eintrittspreise\/#breadcrumb"},"inLanguage":"fr-FR","potentialAction":[{"@type":"ReadAction","target":["https:\/\/www.moedlareuth.de\/museum\/eintrittspreise\/"]}]},{"@type":"ImageObject","inLanguage":"fr-FR","@id":"https:\/\/www.moedlareuth.de\/museum\/eintrittspreise\/#primaryimage","url":"https:\/\/www.moedlareuth.de\/wp-content\/uploads\/2021\/12\/moedlareuth_background_video.jpg","contentUrl":"https:\/\/www.moedlareuth.de\/wp-content\/uploads\/2021\/12\/moedlareuth_background_video.jpg","width":1920,"height":1080,"caption":"moedlareuth background video"},{"@type":"BreadcrumbList","@id":"https:\/\/www.moedlareuth.de\/museum\/eintrittspreise\/#breadcrumb","itemListElement":[{"@type":"ListItem","position":1,"name":"Startseite","item":"https:\/\/www.moedlareuth.de\/"},{"@type":"ListItem","position":2,"name":"&#8230; \u00dcber das Museum &#8211; wahrscheinlich tot","item":"https:\/\/www.moedlareuth.de\/?page_id=39"},{"@type":"ListItem","position":3,"name":"Eintrittspreise"}]},{"@type":"WebSite","@id":"https:\/\/moedlareuth.de\/preview\/#website","url":"https:\/\/moedlareuth.de\/preview\/","name":"Mus\u00e9e germano-allemand de M\u00f6dlareuth","description":"M\u00e9morial de la division de l'Allemagne","publisher":{"@id":"https:\/\/moedlareuth.de\/preview\/#organization"},"potentialAction":[{"@type":"SearchAction","target":{"@type":"EntryPoint","urlTemplate":"https:\/\/moedlareuth.de\/preview\/?s={search_term_string}"},"query-input":{"@type":"PropertyValueSpecification","valueRequired":true,"valueName":"search_term_string"}}],"inLanguage":"fr-FR"},{"@type":"Organization","@id":"https:\/\/moedlareuth.de\/preview\/#organization","name":"Mus\u00e9e germano-allemand de M\u00f6dlareuth","url":"https:\/\/moedlareuth.de\/preview\/","logo":{"@type":"ImageObject","inLanguage":"fr-FR","@id":"https:\/\/moedlareuth.de\/preview\/#\/schema\/logo\/image\/","url":"https:\/\/www.moedlareuth.de\/wp-content\/uploads\/2022\/02\/museum_moedlareuth_logo_hell_zusatz.svg","contentUrl":"https:\/\/www.moedlareuth.de\/wp-content\/uploads\/2022\/02\/museum_moedlareuth_logo_hell_zusatz.svg","width":255,"height":62,"caption":"Deutsch-Deutsches Museum M\u00f6dlareuth"},"image":{"@id":"https:\/\/moedlareuth.de\/preview\/#\/schema\/logo\/image\/"}}]}},"_links":{"self":[{"href":"https:\/\/www.moedlareuth.de\/fr\/wp-json\/wp\/v2\/pages\/4327","targetHints":{"allow":["GET"]}}],"collection":[{"href":"https:\/\/www.moedlareuth.de\/fr\/wp-json\/wp\/v2\/pages"}],"about":[{"href":"https:\/\/www.moedlareuth.de\/fr\/wp-json\/wp\/v2\/types\/page"}],"author":[{"embeddable":true,"href":"https:\/\/www.moedlareuth.de\/fr\/wp-json\/wp\/v2\/users\/7"}],"replies":[{"embeddable":true,"href":"https:\/\/www.moedlareuth.de\/fr\/wp-json\/wp\/v2\/comments?post=4327"}],"version-history":[{"count":10,"href":"https:\/\/www.moedlareuth.de\/fr\/wp-json\/wp\/v2\/pages\/4327\/revisions"}],"predecessor-version":[{"id":16791,"href":"https:\/\/www.moedlareuth.de\/fr\/wp-json\/wp\/v2\/pages\/4327\/revisions\/16791"}],"up":[{"embeddable":true,"href":"https:\/\/www.moedlareuth.de\/fr\/wp-json\/wp\/v2\/pages\/39"}],"wp:featuredmedia":[{"embeddable":true,"href":"https:\/\/www.moedlareuth.de\/fr\/wp-json\/wp\/v2\/media\/10432"}],"wp:attachment":[{"href":"https:\/\/www.moedlareuth.de\/fr\/wp-json\/wp\/v2\/media?parent=4327"}],"wp:term":[{"taxonomy":"kategorien","embeddable":true,"href":"https:\/\/www.moedlareuth.de\/fr\/wp-json\/wp\/v2\/kategorien?post=4327"}],"curies":[{"name":"wp","href":"https:\/\/api.w.org\/{rel}","templated":true}]}}