{"id":4386,"date":"2021-12-02T12:11:48","date_gmt":"2021-12-02T11:11:48","guid":{"rendered":"http:\/\/moedlareuth.kreativunion.de\/?page_id=4386"},"modified":"2026-01-30T08:28:02","modified_gmt":"2026-01-30T07:28:02","slug":"ueber-das-museum","status":"publish","type":"page","link":"https:\/\/www.moedlareuth.de\/cs\/museum\/ueber-das-museum\/","title":{"rendered":"Muzeum"},"content":{"rendered":"<style>.kb-row-layout-id4386_be732f-cd > .kt-row-column-wrap{align-content:start;}:where(.kb-row-layout-id4386_be732f-cd > .kt-row-column-wrap) > .wp-block-kadence-column{justify-content:start;}.kb-row-layout-id4386_be732f-cd > .kt-row-column-wrap{column-gap:var(--global-kb-gap-none, 0rem );row-gap:var(--global-kb-gap-none, 0rem );padding-top:var(--global-kb-spacing-sm, 1.5rem);padding-bottom:var(--global-kb-spacing-sm, 1.5rem);grid-template-columns:minmax(0, calc(30% - ((var(--global-kb-gap-none, 0rem ) * 2 )\/3)))minmax(0, calc(10% - ((var(--global-kb-gap-none, 0rem ) * 2 )\/3)))minmax(0, calc(60% - ((var(--global-kb-gap-none, 0rem ) * 2 )\/3)));}.kb-row-layout-id4386_be732f-cd > .kt-row-layout-overlay{opacity:0.30;}@media all and (max-width: 1024px){.kb-row-layout-id4386_be732f-cd > .kt-row-column-wrap > div:not(.added-for-specificity){grid-column:initial;}}@media all and (max-width: 1024px){.kb-row-layout-id4386_be732f-cd > .kt-row-column-wrap{grid-template-columns:repeat(3, minmax(0, 1fr));}}@media all and (max-width: 767px){.kb-row-layout-id4386_be732f-cd > .kt-row-column-wrap > div:not(.added-for-specificity){grid-column:initial;}.kb-row-layout-id4386_be732f-cd > .kt-row-column-wrap{grid-template-columns:minmax(0, 1fr);}}<\/style><article class=\"kb-row-layout-wrap kb-row-layout-id4386_be732f-cd aligncenter wp-block-kadence-rowlayout\"><div class=\"kt-row-column-wrap kt-has-3-columns kt-row-layout-equal kt-tab-layout-inherit kt-mobile-layout-row kt-row-valign-top\">\n<style>.kadence-column4386_7f2d2b-6b > .kt-inside-inner-col,.kadence-column4386_7f2d2b-6b > .kt-inside-inner-col:before{border-top-left-radius:0px;border-top-right-radius:0px;border-bottom-right-radius:0px;border-bottom-left-radius:0px;}.kadence-column4386_7f2d2b-6b > .kt-inside-inner-col{column-gap:var(--global-kb-gap-sm, 1rem);}.kadence-column4386_7f2d2b-6b > .kt-inside-inner-col{flex-direction:column;}.kadence-column4386_7f2d2b-6b > .kt-inside-inner-col > .aligncenter{width:100%;}.kadence-column4386_7f2d2b-6b > .kt-inside-inner-col:before{opacity:0.3;}.kadence-column4386_7f2d2b-6b{position:relative;}@media all and (max-width: 1024px){.kadence-column4386_7f2d2b-6b > .kt-inside-inner-col{flex-direction:column;justify-content:center;}}@media all and (max-width: 767px){.kadence-column4386_7f2d2b-6b > .kt-inside-inner-col{flex-direction:column;justify-content:center;}}<\/style>\n<div class=\"wp-block-kadence-column kadence-column4386_7f2d2b-6b inner-column-1\"><div class=\"kt-inside-inner-col\"><\/div><\/div>\n\n\n<style>.kadence-column4386_80b6ea-d2 > .kt-inside-inner-col,.kadence-column4386_80b6ea-d2 > .kt-inside-inner-col:before{border-top-left-radius:0px;border-top-right-radius:0px;border-bottom-right-radius:0px;border-bottom-left-radius:0px;}.kadence-column4386_80b6ea-d2 > .kt-inside-inner-col{column-gap:var(--global-kb-gap-sm, 1rem);}.kadence-column4386_80b6ea-d2 > .kt-inside-inner-col{flex-direction:column;}.kadence-column4386_80b6ea-d2 > .kt-inside-inner-col > .aligncenter{width:100%;}.kadence-column4386_80b6ea-d2 > .kt-inside-inner-col:before{opacity:0.3;}.kadence-column4386_80b6ea-d2{position:relative;}@media all and (max-width: 1024px){.kadence-column4386_80b6ea-d2 > .kt-inside-inner-col{flex-direction:column;justify-content:center;}}@media all and (max-width: 767px){.kadence-column4386_80b6ea-d2 > .kt-inside-inner-col{flex-direction:column;justify-content:center;}}<\/style>\n<div class=\"wp-block-kadence-column kadence-column4386_80b6ea-d2 inner-column-2\"><div class=\"kt-inside-inner-col\"><\/div><\/div>\n\n\n<style>.kadence-column4386_750810-8c > .kt-inside-inner-col{padding-right:50px;}.kadence-column4386_750810-8c > .kt-inside-inner-col,.kadence-column4386_750810-8c > .kt-inside-inner-col:before{border-top-left-radius:0px;border-top-right-radius:0px;border-bottom-right-radius:0px;border-bottom-left-radius:0px;}.kadence-column4386_750810-8c > .kt-inside-inner-col{column-gap:var(--global-kb-gap-sm, 1rem);}.kadence-column4386_750810-8c > .kt-inside-inner-col{flex-direction:column;}.kadence-column4386_750810-8c > .kt-inside-inner-col > .aligncenter{width:100%;}.kadence-column4386_750810-8c > .kt-inside-inner-col:before{opacity:0.3;}.kadence-column4386_750810-8c{text-align:left;}.kadence-column4386_750810-8c{position:relative;}@media all and (max-width: 1024px){.kadence-column4386_750810-8c > .kt-inside-inner-col{flex-direction:column;justify-content:center;}}@media all and (max-width: 767px){.kadence-column4386_750810-8c > .kt-inside-inner-col{padding-top:50px;flex-direction:column;justify-content:center;}}<\/style>\n<div class=\"wp-block-kadence-column kadence-column4386_750810-8c inner-column-3\"><div class=\"kt-inside-inner-col\">\n<h3 class=\"wp-block-heading\">Muzeum M\u00f6dlareuth<\/h3>\n\n\n\n<p class=\"has-text-align-left\">Muzeum M\u00f6dlareuth je koncipov\u00e1no jako muzejn\u00ed projekt historie pov\u00e1le\u010dn\u00e9ho rozd\u011blen\u00ed N\u011bmecka. Po zalo\u017een\u00ed muzea v roce 1990 se uk\u00e1zalo, \u017ee z \u010dasov\u00e9ho i finan\u010dn\u00edho hlediska bude nutn\u00e9 tento projekt roz\u010dlenit do n\u011bkolika na sebe vz\u00e1jemn\u011b navazuj\u00edc\u00edch \u00fasek\u016f.        Dne\u0161n\u00ed podoba muzea je tedy v\u00fdsledkem mnohalet\u00e9ho v\u00fdvoje.<\/p>\n\n\n\n<p>Jako prvn\u00ed byla v letech 1991-1994 z\u0159\u00edzena venkovn\u00ed expozice, spr\u00e1va muzea a zah\u00e1jena v\u00fdstavba archivu, knihovny a muzejn\u00edho depozit\u00e1\u0159e.<\/p>\n\n\n\n<p>V letech 1997\/98 byl depozit\u00e1\u0159 roz\u0161\u00ed\u0159en o nov\u011b postavenou halu pro vozidla expozice.<\/p>\n\n\n\n<p>Dal\u0161\u00ed stavebn\u00ed \u00fapravy prob\u011bhly v letech 1999-2003, kdy byly otev\u0159eny dva v\u00edce\u00fa\u010delov\u00e9 s\u00e1ly pro po\u0159\u00e1d\u00e1n\u00ed p\u0159edn\u00e1\u0161ek a videoprojekc\u00ed, d\u00e1le m\u00edstnost pro mimo\u0159\u00e1dn\u00e9 v\u00fdstavy, informa\u010dn\u00ed pult a muzejn\u00ed obchod.<\/p>\n\n\n\n<p>Mit einem Architektenwettbewerb zum Bau eines neuen Hauptgeb\u00e4udes und Umgestaltung des Au\u00dfengel\u00e4ndes startete im Jahr die Museumserweiterung. Zuerst wurde der Au\u00dfenbereich umgestaltet, mit neuen Infotafeln und barrierefreien Besucherwegen ausgestattet. Im Mai 2023 fand die feierliche Grundsteinlegung statt. Am 9. November 2025 wurde das neue Geb\u00e4ude er\u00f6ffnet.<\/p>\n\n\n\n<p>Auf insgesamt 500 Quadratmetern Ausstellungsfl\u00e4che erwarten den Besucher rund 500 Objekte. Die neue Dauerausstellung umfasst die vier Epochen vom Kriegsende 1945 bis zur Wiedervereinigung 1990.&nbsp;<\/p>\n<\/div><\/div>\n\n<\/div><\/article>\n\n\n<figure class=\"wp-block-image size-large\"><a href=\"https:\/\/www.moedlareuth.de\/wp-content\/uploads\/2025\/11\/MM-2025-10-30_Neubau-Aussen_KLEIN_DJI_20251030145444_0172_D-scaled.jpg\"><img fetchpriority=\"high\" decoding=\"async\" width=\"1024\" height=\"576\" src=\"https:\/\/www.moedlareuth.de\/wp-content\/uploads\/2025\/11\/MM-2025-10-30_Neubau-Aussen_KLEIN_DJI_20251030145444_0172_D-1024x576.jpg\" alt=\"Museumsneubau in der bayerischen Ortsh\u00e4lfte\" class=\"wp-image-15450\" srcset=\"https:\/\/www.moedlareuth.de\/wp-content\/uploads\/2025\/11\/MM-2025-10-30_Neubau-Aussen_KLEIN_DJI_20251030145444_0172_D-1024x576.jpg 1024w, https:\/\/www.moedlareuth.de\/wp-content\/uploads\/2025\/11\/MM-2025-10-30_Neubau-Aussen_KLEIN_DJI_20251030145444_0172_D-300x169.jpg 300w, https:\/\/www.moedlareuth.de\/wp-content\/uploads\/2025\/11\/MM-2025-10-30_Neubau-Aussen_KLEIN_DJI_20251030145444_0172_D-768x432.jpg 768w, https:\/\/www.moedlareuth.de\/wp-content\/uploads\/2025\/11\/MM-2025-10-30_Neubau-Aussen_KLEIN_DJI_20251030145444_0172_D-1536x864.jpg 1536w, https:\/\/www.moedlareuth.de\/wp-content\/uploads\/2025\/11\/MM-2025-10-30_Neubau-Aussen_KLEIN_DJI_20251030145444_0172_D-2048x1152.jpg 2048w, https:\/\/www.moedlareuth.de\/wp-content\/uploads\/2025\/11\/MM-2025-10-30_Neubau-Aussen_KLEIN_DJI_20251030145444_0172_D-18x10.jpg 18w\" sizes=\"(max-width: 1024px) 100vw, 1024px\" \/><\/a><figcaption class=\"wp-element-caption\">Museumsneubau in der bayerischen Ortsh\u00e4lfte<\/figcaption><\/figure>","protected":false},"excerpt":{"rendered":"<p>Das Museum M\u00f6dlareuth Das Museum M\u00f6dlareuth versteht sich als Museumsprojekt zur Geschichte der deutschen Teilung. Nach der Museumsgr\u00fcndung 1990 zeigte sich sehr bald die Notwendigkeit, das Gesamtprojekt \u00bbMuseum M\u00f6dlareuth\u00ab aus finanziellen und zeitlichen Erw\u00e4gungen heraus in \u00fcberschau- und realisierbare Projekteinheiten aufzugliedern, die aufeinander abgestimmt letztendlich Bausteine auf dem Weg zum Gesamtprojekt&nbsp;darstellen. Dementsprechend wurde zeitgleich mit&#8230;<\/p>","protected":false},"author":7,"featured_media":11757,"parent":39,"menu_order":0,"comment_status":"closed","ping_status":"closed","template":"","meta":{"_acf_changed":false,"inline_featured_image":false,"_kad_post_transparent":"","_kad_post_title":"","_kad_post_layout":"","_kad_post_sidebar_id":"","_kad_post_content_style":"","_kad_post_vertical_padding":"","_kad_post_feature":"","_kad_post_feature_position":"","_kad_post_header":false,"_kad_post_footer":false,"_kad_post_classname":"","footnotes":""},"kategorien":[51],"class_list":["post-4386","page","type-page","status-publish","has-post-thumbnail","hentry","kategorien-einrichtungen"],"acf":[],"yoast_head":"<!-- This site is optimized with the Yoast SEO plugin v27.3 - https:\/\/yoast.com\/product\/yoast-seo-wordpress\/ -->\n<title>\u00dcber das Museum - Deutsch-Deutsches Museum M\u00f6dlareuth<\/title>\n<meta name=\"robots\" content=\"index, follow, max-snippet:-1, max-image-preview:large, max-video-preview:-1\" \/>\n<link rel=\"canonical\" href=\"https:\/\/www.moedlareuth.de\/cs\/museum\/ueber-das-museum\/\" \/>\n<meta property=\"og:locale\" content=\"cs_CZ\" \/>\n<meta property=\"og:type\" content=\"article\" \/>\n<meta property=\"og:title\" content=\"\u00dcber das Museum - Deutsch-Deutsches Museum M\u00f6dlareuth\" \/>\n<meta property=\"og:description\" content=\"Das Museum M\u00f6dlareuth Das Museum M\u00f6dlareuth versteht sich als Museumsprojekt zur Geschichte der deutschen Teilung. Nach der Museumsgr\u00fcndung 1990 zeigte sich sehr bald die Notwendigkeit, das Gesamtprojekt \u00bbMuseum M\u00f6dlareuth\u00ab aus finanziellen und zeitlichen Erw\u00e4gungen heraus in \u00fcberschau- und realisierbare Projekteinheiten aufzugliedern, die aufeinander abgestimmt letztendlich Bausteine auf dem Weg zum Gesamtprojekt&nbsp;darstellen. Dementsprechend wurde zeitgleich mit...\" \/>\n<meta property=\"og:url\" content=\"https:\/\/www.moedlareuth.de\/cs\/museum\/ueber-das-museum\/\" \/>\n<meta property=\"og:site_name\" content=\"Deutsch-Deutsches Museum M\u00f6dlareuth\" \/>\n<meta property=\"article:modified_time\" content=\"2026-01-30T07:28:02+00:00\" \/>\n<meta name=\"twitter:card\" content=\"summary_large_image\" \/>\n<meta name=\"twitter:label1\" content=\"Odhadovan\u00e1 doba \u010dten\u00ed\" \/>\n\t<meta name=\"twitter:data1\" content=\"2 minuty\" \/>\n<script type=\"application\/ld+json\" class=\"yoast-schema-graph\">{\"@context\":\"https:\\\/\\\/schema.org\",\"@graph\":[{\"@type\":\"WebPage\",\"@id\":\"https:\\\/\\\/www.moedlareuth.de\\\/museum\\\/ueber-das-museum\\\/\",\"url\":\"https:\\\/\\\/www.moedlareuth.de\\\/museum\\\/ueber-das-museum\\\/\",\"name\":\"\u00dcber das Museum - Deutsch-Deutsches Museum M\u00f6dlareuth\",\"isPartOf\":{\"@id\":\"https:\\\/\\\/moedlareuth.de\\\/preview\\\/#website\"},\"primaryImageOfPage\":{\"@id\":\"https:\\\/\\\/www.moedlareuth.de\\\/museum\\\/ueber-das-museum\\\/#primaryimage\"},\"image\":{\"@id\":\"https:\\\/\\\/www.moedlareuth.de\\\/museum\\\/ueber-das-museum\\\/#primaryimage\"},\"thumbnailUrl\":\"https:\\\/\\\/www.moedlareuth.de\\\/wp-content\\\/uploads\\\/2022\\\/05\\\/museum_moedlareuth_logo_grau.svg\",\"datePublished\":\"2021-12-02T11:11:48+00:00\",\"dateModified\":\"2026-01-30T07:28:02+00:00\",\"breadcrumb\":{\"@id\":\"https:\\\/\\\/www.moedlareuth.de\\\/museum\\\/ueber-das-museum\\\/#breadcrumb\"},\"inLanguage\":\"cs\",\"potentialAction\":[{\"@type\":\"ReadAction\",\"target\":[\"https:\\\/\\\/www.moedlareuth.de\\\/museum\\\/ueber-das-museum\\\/\"]}]},{\"@type\":\"ImageObject\",\"inLanguage\":\"cs\",\"@id\":\"https:\\\/\\\/www.moedlareuth.de\\\/museum\\\/ueber-das-museum\\\/#primaryimage\",\"url\":\"https:\\\/\\\/www.moedlareuth.de\\\/wp-content\\\/uploads\\\/2022\\\/05\\\/museum_moedlareuth_logo_grau.svg\",\"contentUrl\":\"https:\\\/\\\/www.moedlareuth.de\\\/wp-content\\\/uploads\\\/2022\\\/05\\\/museum_moedlareuth_logo_grau.svg\",\"width\":1920,\"height\":1080},{\"@type\":\"BreadcrumbList\",\"@id\":\"https:\\\/\\\/www.moedlareuth.de\\\/museum\\\/ueber-das-museum\\\/#breadcrumb\",\"itemListElement\":[{\"@type\":\"ListItem\",\"position\":1,\"name\":\"Startseite\",\"item\":\"https:\\\/\\\/www.moedlareuth.de\\\/\"},{\"@type\":\"ListItem\",\"position\":2,\"name\":\"&#8230; \u00dcber das Museum &#8211; wahrscheinlich tot\",\"item\":\"https:\\\/\\\/www.moedlareuth.de\\\/?page_id=39\"},{\"@type\":\"ListItem\",\"position\":3,\"name\":\"\u00dcber das Museum\"}]},{\"@type\":\"WebSite\",\"@id\":\"https:\\\/\\\/moedlareuth.de\\\/preview\\\/#website\",\"url\":\"https:\\\/\\\/moedlareuth.de\\\/preview\\\/\",\"name\":\"Deutsch-Deutsches Museum M\u00f6dlareuth\",\"description\":\"Gedenkst\u00e4tte zur deutschen Teilung\",\"publisher\":{\"@id\":\"https:\\\/\\\/moedlareuth.de\\\/preview\\\/#organization\"},\"potentialAction\":[{\"@type\":\"SearchAction\",\"target\":{\"@type\":\"EntryPoint\",\"urlTemplate\":\"https:\\\/\\\/moedlareuth.de\\\/preview\\\/?s={search_term_string}\"},\"query-input\":{\"@type\":\"PropertyValueSpecification\",\"valueRequired\":true,\"valueName\":\"search_term_string\"}}],\"inLanguage\":\"cs\"},{\"@type\":\"Organization\",\"@id\":\"https:\\\/\\\/moedlareuth.de\\\/preview\\\/#organization\",\"name\":\"Deutsch-Deutsches Museum M\u00f6dlareuth\",\"url\":\"https:\\\/\\\/moedlareuth.de\\\/preview\\\/\",\"logo\":{\"@type\":\"ImageObject\",\"inLanguage\":\"cs\",\"@id\":\"https:\\\/\\\/moedlareuth.de\\\/preview\\\/#\\\/schema\\\/logo\\\/image\\\/\",\"url\":\"https:\\\/\\\/www.moedlareuth.de\\\/wp-content\\\/uploads\\\/2022\\\/02\\\/museum_moedlareuth_logo_hell_zusatz.svg\",\"contentUrl\":\"https:\\\/\\\/www.moedlareuth.de\\\/wp-content\\\/uploads\\\/2022\\\/02\\\/museum_moedlareuth_logo_hell_zusatz.svg\",\"width\":255,\"height\":62,\"caption\":\"Deutsch-Deutsches Museum M\u00f6dlareuth\"},\"image\":{\"@id\":\"https:\\\/\\\/moedlareuth.de\\\/preview\\\/#\\\/schema\\\/logo\\\/image\\\/\"}}]}<\/script>\n<!-- \/ Yoast SEO plugin. -->","yoast_head_json":{"title":"\u00dcber das Museum - Deutsch-Deutsches Museum M\u00f6dlareuth","robots":{"index":"index","follow":"follow","max-snippet":"max-snippet:-1","max-image-preview":"max-image-preview:large","max-video-preview":"max-video-preview:-1"},"canonical":"https:\/\/www.moedlareuth.de\/cs\/museum\/ueber-das-museum\/","og_locale":"cs_CZ","og_type":"article","og_title":"\u00dcber das Museum - Deutsch-Deutsches Museum M\u00f6dlareuth","og_description":"Das Museum M\u00f6dlareuth Das Museum M\u00f6dlareuth versteht sich als Museumsprojekt zur Geschichte der deutschen Teilung. Nach der Museumsgr\u00fcndung 1990 zeigte sich sehr bald die Notwendigkeit, das Gesamtprojekt \u00bbMuseum M\u00f6dlareuth\u00ab aus finanziellen und zeitlichen Erw\u00e4gungen heraus in \u00fcberschau- und realisierbare Projekteinheiten aufzugliedern, die aufeinander abgestimmt letztendlich Bausteine auf dem Weg zum Gesamtprojekt&nbsp;darstellen. Dementsprechend wurde zeitgleich mit...","og_url":"https:\/\/www.moedlareuth.de\/cs\/museum\/ueber-das-museum\/","og_site_name":"Deutsch-Deutsches Museum M\u00f6dlareuth","article_modified_time":"2026-01-30T07:28:02+00:00","twitter_card":"summary_large_image","twitter_misc":{"Odhadovan\u00e1 doba \u010dten\u00ed":"2 minuty"},"schema":{"@context":"https:\/\/schema.org","@graph":[{"@type":"WebPage","@id":"https:\/\/www.moedlareuth.de\/museum\/ueber-das-museum\/","url":"https:\/\/www.moedlareuth.de\/museum\/ueber-das-museum\/","name":"\u00dcber das Museum - Deutsch-Deutsches Museum M\u00f6dlareuth","isPartOf":{"@id":"https:\/\/moedlareuth.de\/preview\/#website"},"primaryImageOfPage":{"@id":"https:\/\/www.moedlareuth.de\/museum\/ueber-das-museum\/#primaryimage"},"image":{"@id":"https:\/\/www.moedlareuth.de\/museum\/ueber-das-museum\/#primaryimage"},"thumbnailUrl":"https:\/\/www.moedlareuth.de\/wp-content\/uploads\/2022\/05\/museum_moedlareuth_logo_grau.svg","datePublished":"2021-12-02T11:11:48+00:00","dateModified":"2026-01-30T07:28:02+00:00","breadcrumb":{"@id":"https:\/\/www.moedlareuth.de\/museum\/ueber-das-museum\/#breadcrumb"},"inLanguage":"cs","potentialAction":[{"@type":"ReadAction","target":["https:\/\/www.moedlareuth.de\/museum\/ueber-das-museum\/"]}]},{"@type":"ImageObject","inLanguage":"cs","@id":"https:\/\/www.moedlareuth.de\/museum\/ueber-das-museum\/#primaryimage","url":"https:\/\/www.moedlareuth.de\/wp-content\/uploads\/2022\/05\/museum_moedlareuth_logo_grau.svg","contentUrl":"https:\/\/www.moedlareuth.de\/wp-content\/uploads\/2022\/05\/museum_moedlareuth_logo_grau.svg","width":1920,"height":1080},{"@type":"BreadcrumbList","@id":"https:\/\/www.moedlareuth.de\/museum\/ueber-das-museum\/#breadcrumb","itemListElement":[{"@type":"ListItem","position":1,"name":"Startseite","item":"https:\/\/www.moedlareuth.de\/"},{"@type":"ListItem","position":2,"name":"&#8230; \u00dcber das Museum &#8211; wahrscheinlich tot","item":"https:\/\/www.moedlareuth.de\/?page_id=39"},{"@type":"ListItem","position":3,"name":"\u00dcber das Museum"}]},{"@type":"WebSite","@id":"https:\/\/moedlareuth.de\/preview\/#website","url":"https:\/\/moedlareuth.de\/preview\/","name":"Deutsch-Deutsches Museum M\u00f6dlareuth","description":"Pam\u00e1tn\u00edk rozd\u011blen\u00ed N\u011bmecka","publisher":{"@id":"https:\/\/moedlareuth.de\/preview\/#organization"},"potentialAction":[{"@type":"SearchAction","target":{"@type":"EntryPoint","urlTemplate":"https:\/\/moedlareuth.de\/preview\/?s={search_term_string}"},"query-input":{"@type":"PropertyValueSpecification","valueRequired":true,"valueName":"search_term_string"}}],"inLanguage":"cs"},{"@type":"Organization","@id":"https:\/\/moedlareuth.de\/preview\/#organization","name":"Deutsch-Deutsches Museum M\u00f6dlareuth","url":"https:\/\/moedlareuth.de\/preview\/","logo":{"@type":"ImageObject","inLanguage":"cs","@id":"https:\/\/moedlareuth.de\/preview\/#\/schema\/logo\/image\/","url":"https:\/\/www.moedlareuth.de\/wp-content\/uploads\/2022\/02\/museum_moedlareuth_logo_hell_zusatz.svg","contentUrl":"https:\/\/www.moedlareuth.de\/wp-content\/uploads\/2022\/02\/museum_moedlareuth_logo_hell_zusatz.svg","width":255,"height":62,"caption":"Deutsch-Deutsches Museum M\u00f6dlareuth"},"image":{"@id":"https:\/\/moedlareuth.de\/preview\/#\/schema\/logo\/image\/"}}]}},"_links":{"self":[{"href":"https:\/\/www.moedlareuth.de\/cs\/wp-json\/wp\/v2\/pages\/4386","targetHints":{"allow":["GET"]}}],"collection":[{"href":"https:\/\/www.moedlareuth.de\/cs\/wp-json\/wp\/v2\/pages"}],"about":[{"href":"https:\/\/www.moedlareuth.de\/cs\/wp-json\/wp\/v2\/types\/page"}],"author":[{"embeddable":true,"href":"https:\/\/www.moedlareuth.de\/cs\/wp-json\/wp\/v2\/users\/7"}],"replies":[{"embeddable":true,"href":"https:\/\/www.moedlareuth.de\/cs\/wp-json\/wp\/v2\/comments?post=4386"}],"version-history":[{"count":7,"href":"https:\/\/www.moedlareuth.de\/cs\/wp-json\/wp\/v2\/pages\/4386\/revisions"}],"predecessor-version":[{"id":16581,"href":"https:\/\/www.moedlareuth.de\/cs\/wp-json\/wp\/v2\/pages\/4386\/revisions\/16581"}],"up":[{"embeddable":true,"href":"https:\/\/www.moedlareuth.de\/cs\/wp-json\/wp\/v2\/pages\/39"}],"wp:featuredmedia":[{"embeddable":true,"href":"https:\/\/www.moedlareuth.de\/cs\/wp-json\/wp\/v2\/media\/11757"}],"wp:attachment":[{"href":"https:\/\/www.moedlareuth.de\/cs\/wp-json\/wp\/v2\/media?parent=4386"}],"wp:term":[{"taxonomy":"kategorien","embeddable":true,"href":"https:\/\/www.moedlareuth.de\/cs\/wp-json\/wp\/v2\/kategorien?post=4386"}],"curies":[{"name":"wp","href":"https:\/\/api.w.org\/{rel}","templated":true}]}}