{"id":319,"date":"2015-12-02T15:25:23","date_gmt":"2015-12-02T14:25:23","guid":{"rendered":"http:\/\/www.moedlareuth.de\/?page_id=319"},"modified":"2025-11-12T15:36:27","modified_gmt":"2025-11-12T14:36:27","slug":"besucherfuehrungen","status":"publish","type":"page","link":"https:\/\/www.moedlareuth.de\/cs\/museum\/besucherfuehrungen\/","title":{"rendered":"Komentovan\u00e9 prohl\u00eddky"},"content":{"rendered":"<style>.kb-row-layout-id319_5bdebe-d0 > .kt-row-column-wrap{align-content:start;}:where(.kb-row-layout-id319_5bdebe-d0 > .kt-row-column-wrap) > .wp-block-kadence-column{justify-content:start;}.kb-row-layout-id319_5bdebe-d0 > .kt-row-column-wrap{column-gap:var(--global-kb-gap-none, 0rem );row-gap:var(--global-kb-gap-none, 0rem );padding-top:var(--global-kb-spacing-sm, 1.5rem);padding-bottom:var(--global-kb-spacing-sm, 1.5rem);grid-template-columns:minmax(0, calc(30% - ((var(--global-kb-gap-none, 0rem ) * 2 )\/3)))minmax(0, calc(10% - ((var(--global-kb-gap-none, 0rem ) * 2 )\/3)))minmax(0, calc(60% - ((var(--global-kb-gap-none, 0rem ) * 2 )\/3)));}.kb-row-layout-id319_5bdebe-d0 > .kt-row-layout-overlay{opacity:0.30;}@media all and (max-width: 1024px){.kb-row-layout-id319_5bdebe-d0 > .kt-row-column-wrap > div:not(.added-for-specificity){grid-column:initial;}}@media all and (max-width: 1024px){.kb-row-layout-id319_5bdebe-d0 > .kt-row-column-wrap{grid-template-columns:repeat(3, minmax(0, 1fr));}}@media all and (max-width: 767px){.kb-row-layout-id319_5bdebe-d0 > .kt-row-column-wrap > div:not(.added-for-specificity){grid-column:initial;}.kb-row-layout-id319_5bdebe-d0 > .kt-row-column-wrap{grid-template-columns:minmax(0, 1fr);}}<\/style><article class=\"kb-row-layout-wrap kb-row-layout-id319_5bdebe-d0 alignnone wp-block-kadence-rowlayout\"><div class=\"kt-row-column-wrap kt-has-3-columns kt-row-layout-equal kt-tab-layout-inherit kt-mobile-layout-row kt-row-valign-top\">\n<style>.kadence-column319_948500-87 > .kt-inside-inner-col,.kadence-column319_948500-87 > .kt-inside-inner-col:before{border-top-left-radius:0px;border-top-right-radius:0px;border-bottom-right-radius:0px;border-bottom-left-radius:0px;}.kadence-column319_948500-87 > .kt-inside-inner-col{column-gap:var(--global-kb-gap-sm, 1rem);}.kadence-column319_948500-87 > .kt-inside-inner-col{flex-direction:column;}.kadence-column319_948500-87 > .kt-inside-inner-col > .aligncenter{width:100%;}.kadence-column319_948500-87 > .kt-inside-inner-col:before{opacity:0.3;}.kadence-column319_948500-87{position:relative;}@media all and (max-width: 1024px){.kadence-column319_948500-87 > .kt-inside-inner-col{flex-direction:column;justify-content:center;}}@media all and (max-width: 767px){.kadence-column319_948500-87 > .kt-inside-inner-col{flex-direction:column;justify-content:center;}}<\/style>\n<div class=\"wp-block-kadence-column kadence-column319_948500-87 inner-column-1\"><div class=\"kt-inside-inner-col\"><style>.wp-block-kadence-advancedgallery .kb-gallery-type-masonry.kb-gallery-id-319_3ec9f1-90{margin:-5px;}.kb-gallery-type-masonry.kb-gallery-id-319_3ec9f1-90 .kadence-blocks-gallery-item{padding:5px;}.kb-gallery-id-319_3ec9f1-90 .kadence-blocks-gallery-item .kb-gal-image-radius, .kb-gallery-id-319_3ec9f1-90 .kb-slide-item .kb-gal-image-radius img{border-radius:0px 0px 0px 0px;;}.kb-gallery-caption-style-cover-hover.kb-gallery-id-319_3ec9f1-90 .kadence-blocks-gallery-item .kadence-blocks-gallery-item-inner .kadence-blocks-gallery-item__caption, .kb-gallery-caption-style-below.kb-gallery-id-319_3ec9f1-90 .kadence-blocks-gallery-item .kadence-blocks-gallery-item-inner .kadence-blocks-gallery-item__caption{background:#cacaca;}<\/style><div class=\"kb-gallery-wrap-id-319_3ec9f1-90 alignnone wp-block-kadence-advancedgallery\"><ul class=\"kb-gallery-ul kb-gallery-non-static kb-gallery-type-masonry kb-masonry-init kb-gallery-id-319_3ec9f1-90 kb-gallery-caption-style-below kb-gallery-filter-none\" data-image-filter=\"none\" data-item-selector=\".kadence-blocks-gallery-item\" data-lightbox-caption=\"true\" data-columns-xxl=\"1\" data-columns-xl=\"1\" data-columns-md=\"1\" data-columns-sm=\"1\" data-columns-xs=\"1\" data-columns-ss=\"1\"><li class=\"kadence-blocks-gallery-item\"><div class=\"kadence-blocks-gallery-item-inner\"><figure class=\"kb-gallery-figure kadence-blocks-gallery-item-has-caption\" style=\"max-width:1024px;\"><div class=\"kb-gal-image-radius\" style=\"max-width:1024px;\"><div class=\"kb-gallery-image-contain kadence-blocks-gallery-intrinsic\" style=\"padding-bottom:75%;\"><img fetchpriority=\"high\" decoding=\"async\" src=\"https:\/\/www.moedlareuth.de\/wp-content\/uploads\/2022\/05\/IMG_0708-1024x768.jpg\" width=\"1024\" height=\"768\" alt=\"Besuchergruppe im Museum\" data-full-image=\"https:\/\/www.moedlareuth.de\/wp-content\/uploads\/2022\/05\/IMG_0708.jpg\" data-light-image=\"https:\/\/www.moedlareuth.de\/wp-content\/uploads\/2022\/05\/IMG_0708.jpg\" data-id=\"11506\" class=\"wp-image-11506\" srcset=\"https:\/\/www.moedlareuth.de\/wp-content\/uploads\/2022\/05\/IMG_0708-1024x768.jpg 1024w, https:\/\/www.moedlareuth.de\/wp-content\/uploads\/2022\/05\/IMG_0708-300x225.jpg 300w, https:\/\/www.moedlareuth.de\/wp-content\/uploads\/2022\/05\/IMG_0708-768x576.jpg 768w, https:\/\/www.moedlareuth.de\/wp-content\/uploads\/2022\/05\/IMG_0708-16x12.jpg 16w, https:\/\/www.moedlareuth.de\/wp-content\/uploads\/2022\/05\/IMG_0708.jpg 1400w\" sizes=\"(max-width: 1024px) 100vw, 1024px\" \/><\/div><\/div><figcaption class=\"kadence-blocks-gallery-item__caption\">Skupina n\u00e1v\u0161t\u011bvn\u00edk\u016f v muzeu<\/figcaption><\/figure><\/div><\/li><\/ul><\/div>\n\n\n<p><\/p>\n\n\n\n<p><\/p>\n\n\n<style>.wp-block-kadence-advancedgallery .kb-gallery-type-masonry.kb-gallery-id-319_006635-35{margin:-5px;}.kb-gallery-type-masonry.kb-gallery-id-319_006635-35 .kadence-blocks-gallery-item{padding:5px;}.kb-gallery-id-319_006635-35 .kadence-blocks-gallery-item .kb-gal-image-radius, .kb-gallery-id-319_006635-35 .kb-slide-item .kb-gal-image-radius img{border-radius:0px 0px 0px 0px;;}.kb-gallery-id-319_006635-35 .kadence-blocks-gallery-item .kadence-blocks-gallery-item-inner .kadence-blocks-gallery-item__caption{color:var(--global-palette9, #ffffff);}.kb-gallery-caption-style-cover-hover.kb-gallery-id-319_006635-35 .kadence-blocks-gallery-item .kadence-blocks-gallery-item-inner .kadence-blocks-gallery-item__caption, .kb-gallery-caption-style-below.kb-gallery-id-319_006635-35 .kadence-blocks-gallery-item .kadence-blocks-gallery-item-inner .kadence-blocks-gallery-item__caption{background:rgba(146, 144, 144, 0.34);}<\/style><div class=\"kb-gallery-wrap-id-319_006635-35 alignnone wp-block-kadence-advancedgallery\"><ul class=\"kb-gallery-ul kb-gallery-non-static kb-gallery-type-masonry kb-masonry-init kb-gallery-id-319_006635-35 kb-gallery-caption-style-below kb-gallery-filter-none\" data-image-filter=\"none\" data-item-selector=\".kadence-blocks-gallery-item\" data-lightbox-caption=\"true\" data-columns-xxl=\"1\" data-columns-xl=\"1\" data-columns-md=\"1\" data-columns-sm=\"1\" data-columns-xs=\"1\" data-columns-ss=\"1\"><li class=\"kadence-blocks-gallery-item\"><div class=\"kadence-blocks-gallery-item-inner\"><figure class=\"kb-gallery-figure kadence-blocks-gallery-item-has-caption\" style=\"max-width:1024px;\"><div class=\"kb-gal-image-radius\" style=\"max-width:1024px;\"><div class=\"kb-gallery-image-contain kadence-blocks-gallery-intrinsic\" style=\"padding-bottom:66%;\"><img decoding=\"async\" src=\"https:\/\/www.moedlareuth.de\/wp-content\/uploads\/2019\/02\/MM_2019-01-31_005-1024x683.jpg\" width=\"1024\" height=\"683\" alt=\"\" data-full-image=\"https:\/\/www.moedlareuth.de\/wp-content\/uploads\/2019\/02\/MM_2019-01-31_005-e1549019742455.jpg\" data-light-image=\"https:\/\/www.moedlareuth.de\/wp-content\/uploads\/2019\/02\/MM_2019-01-31_005-e1549019742455.jpg\" data-id=\"6960\" class=\"wp-image-6960\"\/><\/div><\/div><figcaption class=\"kadence-blocks-gallery-item__caption\">Prezentace v r\u00e1mci komentovan\u00e9 prohl\u00eddky<\/figcaption><\/figure><\/div><\/li><\/ul><\/div><\/div><\/div>\n\n\n<style>.kadence-column319_31ab4c-dd > .kt-inside-inner-col,.kadence-column319_31ab4c-dd > .kt-inside-inner-col:before{border-top-left-radius:0px;border-top-right-radius:0px;border-bottom-right-radius:0px;border-bottom-left-radius:0px;}.kadence-column319_31ab4c-dd > .kt-inside-inner-col{column-gap:var(--global-kb-gap-sm, 1rem);}.kadence-column319_31ab4c-dd > .kt-inside-inner-col{flex-direction:column;}.kadence-column319_31ab4c-dd > .kt-inside-inner-col > .aligncenter{width:100%;}.kadence-column319_31ab4c-dd > .kt-inside-inner-col:before{opacity:0.3;}.kadence-column319_31ab4c-dd{position:relative;}@media all and (max-width: 1024px){.kadence-column319_31ab4c-dd > .kt-inside-inner-col{flex-direction:column;justify-content:center;}}@media all and (max-width: 767px){.kadence-column319_31ab4c-dd > .kt-inside-inner-col{flex-direction:column;justify-content:center;}}<\/style>\n<div class=\"wp-block-kadence-column kadence-column319_31ab4c-dd inner-column-2\"><div class=\"kt-inside-inner-col\"><\/div><\/div>\n\n\n<style>.kadence-column319_4eb5bc-19 > .kt-inside-inner-col,.kadence-column319_4eb5bc-19 > .kt-inside-inner-col:before{border-top-left-radius:0px;border-top-right-radius:0px;border-bottom-right-radius:0px;border-bottom-left-radius:0px;}.kadence-column319_4eb5bc-19 > .kt-inside-inner-col{column-gap:var(--global-kb-gap-sm, 1rem);}.kadence-column319_4eb5bc-19 > .kt-inside-inner-col{flex-direction:column;}.kadence-column319_4eb5bc-19 > .kt-inside-inner-col > .aligncenter{width:100%;}.kadence-column319_4eb5bc-19 > .kt-inside-inner-col:before{opacity:0.3;}.kadence-column319_4eb5bc-19{position:relative;}@media all and (max-width: 1024px){.kadence-column319_4eb5bc-19 > .kt-inside-inner-col{flex-direction:column;justify-content:center;}}@media all and (max-width: 767px){.kadence-column319_4eb5bc-19 > .kt-inside-inner-col{flex-direction:column;justify-content:center;}}<\/style>\n<div class=\"wp-block-kadence-column kadence-column319_4eb5bc-19 inner-column-3\"><div class=\"kt-inside-inner-col\">\n<div id=\"pl-319\" class=\"panel-layout\">\n<div id=\"pg-319-0\" class=\"panel-grid panel-no-style\">\n<div id=\"pgc-319-0-0\" class=\"panel-grid-cell\" data-weight=\"1\">\n<div id=\"panel-319-0-0-0\" class=\"so-panel widget widget_sow-editor panel-first-child panel-last-child\" data-index=\"0\" data-style=\"{&quot;background_image_attachment&quot;:false,&quot;background_display&quot;:&quot;tile&quot;}\">\n<div class=\"so-widget-sow-editor so-widget-sow-editor-base\">\n<div class=\"siteorigin-widget-tinymce textwidget\">\n<p><strong>Prohl\u00eddky<\/strong><\/p>\n<table width=\"264\">\n<tbody>\n<tr>\n<td width=\"132\">\n<p>do 10 osob:<\/p>\n<\/td>\n<td width=\"132\">\n<p><strong>50,00 \u20ac<\/strong>\u00a0pau\u0161\u00e1ln\u00ed \u010d\u00e1stka<\/p>\n<\/td>\n<\/tr>\n<tr>\n<td width=\"132\">\n<p>od 11 osob:<\/p>\n<\/td>\n<td width=\"132\">\n<p><strong>6,00 \u20ac<\/strong>\u00a0\/ osoba<\/p>\n<\/td>\n<\/tr>\n<tr>\n<td width=\"132\">\n<p>\u0161koln\u00ed skupiny:<\/p>\n<\/td>\n<td width=\"132\">\n<p><strong>3,00 \u20ac<\/strong>\u00a0\/ \u017d\u00e1k\u016f<\/p>\n<\/td>\n<\/tr>\n<\/tbody>\n<\/table>\n<\/div>\n<div class=\"siteorigin-widget-tinymce textwidget\">\n<p>Krom\u011b toho lze zhl\u00e9dnout v\u00fdstavu \u201eZe\u010f, plot a ostnat\u00fd dr\u00e1t\u201c o historii rozd\u011blen\u00e9 vesnice M\u00f6dlareuth, v\u00fdstavu vozidel \u201eOmezen\u00e1 mobilita\u201c a m\u011bn\u00edc\u00ed se speci\u00e1ln\u00ed v\u00fdstavy.<\/p>\n<p>Venkovn\u00ed expozice se zachovalou \u010d\u00e1st\u00ed opevn\u011bn\u00ed v\u00fdchodon\u011bmeck\u00e9 hranice n\u00e1zorn\u011b ukazuje, jak totalitn\u00ed re\u017eim postupn\u011b uzav\u00edral a neprody\u0161n\u011b opev\u0148oval sv\u00e9 hranice a t\u00edm omezoval \u017eivot b\u011b\u017en\u00fdch lid\u00ed. Informace o historick\u00fdch souvislostech rozd\u011blen\u00ed N\u011bmecka nab\u00edz\u00ed ucelen\u00fd pohled na tuto problematiku.<\/p>\n<p><strong>Organiza\u010dn\u00ed pozn\u00e1mky:<\/strong><\/p>\n<p>V\u00a0p\u0159\u00edpad\u011b z\u00e1jmu o prohl\u00eddku doporu\u010dujeme v\u010dasnou rezervaci term\u00ednu (telefon, fax, e-mail), minim\u00e1ln\u011b dva t\u00fddny p\u0159edem.<\/p>\n<p>Pokud zm\u011bn\u00edte \u010das p\u0159\u00edjezdu, dejte n\u00e1m pros\u00edm v\u011bd\u011bt telefonicky.<br> \u017d\u00e1d\u00e1me o pochopen\u00ed, \u017ee v p\u0159\u00edpad\u011b zpo\u017ed\u011bn\u00ed nad 20 minut nelze v\u017edy z person\u00e1ln\u00edch a organiza\u010dn\u00edch d\u016fvod\u016f zaru\u010dit uskute\u010dn\u011bn\u00ed objednan\u00e9ho z\u00e1jezdu.<\/p>\n<\/div>\n<\/div>\n<\/div>\n<\/div>\n<\/div>\n<\/div>\n<\/div><\/div>\n\n<\/div><\/article>","protected":false},"excerpt":{"rendered":"<p>Preise bis 10 Personen: 50,00 \u20ac\u00a0pauschal ab 11 Personen: 6,00 \u20ac\u00a0\/ Person Sch\u00fclergruppen: 3,00 \u20ac\u00a0\/ Sch\u00fcler Zus\u00e4tzlich k\u00f6nnen auf Wunsch die Ausstellung \u00bbMauer, Zaun und Stacheldraht\u00ab \u00fcber die Geschichte des geteilten Dorfes M\u00f6dlareuth, die Fahrzeugausstellung \u00bbBegrenzte Mobilit\u00e4t\u00ab und wechselnde Sonderausstellungen besichtigt werden. Die Besucherf\u00fchrungen bieten durch die Grenzarchitektur des historischen Ortes und die vermittelten Hintergrundinformationen&#8230;<\/p>","protected":false},"author":1,"featured_media":7236,"parent":39,"menu_order":0,"comment_status":"closed","ping_status":"closed","template":"","meta":{"_acf_changed":false,"inline_featured_image":false,"_kad_post_transparent":"","_kad_post_title":"","_kad_post_layout":"","_kad_post_sidebar_id":"","_kad_post_content_style":"","_kad_post_vertical_padding":"","_kad_post_feature":"","_kad_post_feature_position":"","_kad_post_header":false,"_kad_post_footer":false,"_kad_post_classname":"","footnotes":""},"kategorien":[47],"class_list":["post-319","page","type-page","status-publish","has-post-thumbnail","hentry","kategorien-bildung"],"acf":[],"yoast_head":"<!-- This site is optimized with the Yoast SEO plugin v27.5 - https:\/\/yoast.com\/product\/yoast-seo-wordpress\/ -->\n<title>Besucherf\u00fchrungen - Deutsch-Deutsches Museum M\u00f6dlareuth<\/title>\n<meta name=\"robots\" content=\"index, follow, max-snippet:-1, max-image-preview:large, max-video-preview:-1\" \/>\n<link rel=\"canonical\" href=\"https:\/\/www.moedlareuth.de\/cs\/museum__trashed\/besucherfuehrungen\/\" \/>\n<meta property=\"og:locale\" content=\"cs_CZ\" \/>\n<meta property=\"og:type\" content=\"article\" \/>\n<meta property=\"og:title\" content=\"Besucherf\u00fchrungen - Deutsch-Deutsches Museum M\u00f6dlareuth\" \/>\n<meta property=\"og:description\" content=\"Preise bis 10 Personen: 50,00 \u20ac\u00a0pauschal ab 11 Personen: 6,00 \u20ac\u00a0\/ Person Sch\u00fclergruppen: 3,00 \u20ac\u00a0\/ Sch\u00fcler Zus\u00e4tzlich k\u00f6nnen auf Wunsch die Ausstellung \u00bbMauer, Zaun und Stacheldraht\u00ab \u00fcber die Geschichte des geteilten Dorfes M\u00f6dlareuth, die Fahrzeugausstellung \u00bbBegrenzte Mobilit\u00e4t\u00ab und wechselnde Sonderausstellungen besichtigt werden. Die Besucherf\u00fchrungen bieten durch die Grenzarchitektur des historischen Ortes und die vermittelten Hintergrundinformationen...\" \/>\n<meta property=\"og:url\" content=\"https:\/\/www.moedlareuth.de\/cs\/museum__trashed\/besucherfuehrungen\/\" \/>\n<meta property=\"og:site_name\" content=\"Deutsch-Deutsches Museum M\u00f6dlareuth\" \/>\n<meta property=\"article:modified_time\" content=\"2025-11-12T14:36:27+00:00\" \/>\n<meta property=\"og:image\" content=\"https:\/\/www.moedlareuth.de\/wp-content\/uploads\/2019\/07\/MM-2019-06-27-047-e1561982464528.jpg\" \/>\n\t<meta property=\"og:image:width\" content=\"1400\" \/>\n\t<meta property=\"og:image:height\" content=\"933\" \/>\n\t<meta property=\"og:image:type\" content=\"image\/jpeg\" \/>\n<meta name=\"twitter:card\" content=\"summary_large_image\" \/>\n<meta name=\"twitter:label1\" content=\"Odhadovan\u00e1 doba \u010dten\u00ed\" \/>\n\t<meta name=\"twitter:data1\" content=\"1 minuta\" \/>\n<script type=\"application\/ld+json\" class=\"yoast-schema-graph\">{\"@context\":\"https:\\\/\\\/schema.org\",\"@graph\":[{\"@type\":\"WebPage\",\"@id\":\"https:\\\/\\\/www.moedlareuth.de\\\/museum__trashed\\\/besucherfuehrungen\\\/\",\"url\":\"https:\\\/\\\/www.moedlareuth.de\\\/museum__trashed\\\/besucherfuehrungen\\\/\",\"name\":\"Besucherf\u00fchrungen - Deutsch-Deutsches Museum M\u00f6dlareuth\",\"isPartOf\":{\"@id\":\"https:\\\/\\\/moedlareuth.de\\\/preview\\\/#website\"},\"primaryImageOfPage\":{\"@id\":\"https:\\\/\\\/www.moedlareuth.de\\\/museum__trashed\\\/besucherfuehrungen\\\/#primaryimage\"},\"image\":{\"@id\":\"https:\\\/\\\/www.moedlareuth.de\\\/museum__trashed\\\/besucherfuehrungen\\\/#primaryimage\"},\"thumbnailUrl\":\"https:\\\/\\\/www.moedlareuth.de\\\/wp-content\\\/uploads\\\/2019\\\/07\\\/MM-2019-06-27-047-e1561982464528.jpg\",\"datePublished\":\"2015-12-02T14:25:23+00:00\",\"dateModified\":\"2025-11-12T14:36:27+00:00\",\"breadcrumb\":{\"@id\":\"https:\\\/\\\/www.moedlareuth.de\\\/museum__trashed\\\/besucherfuehrungen\\\/#breadcrumb\"},\"inLanguage\":\"cs\",\"potentialAction\":[{\"@type\":\"ReadAction\",\"target\":[\"https:\\\/\\\/www.moedlareuth.de\\\/museum__trashed\\\/besucherfuehrungen\\\/\"]}]},{\"@type\":\"ImageObject\",\"inLanguage\":\"cs\",\"@id\":\"https:\\\/\\\/www.moedlareuth.de\\\/museum__trashed\\\/besucherfuehrungen\\\/#primaryimage\",\"url\":\"https:\\\/\\\/www.moedlareuth.de\\\/wp-content\\\/uploads\\\/2019\\\/07\\\/MM-2019-06-27-047-e1561982464528.jpg\",\"contentUrl\":\"https:\\\/\\\/www.moedlareuth.de\\\/wp-content\\\/uploads\\\/2019\\\/07\\\/MM-2019-06-27-047-e1561982464528.jpg\",\"width\":1400,\"height\":933,\"caption\":\"Gruppenf\u00fchrung\"},{\"@type\":\"BreadcrumbList\",\"@id\":\"https:\\\/\\\/www.moedlareuth.de\\\/museum__trashed\\\/besucherfuehrungen\\\/#breadcrumb\",\"itemListElement\":[{\"@type\":\"ListItem\",\"position\":1,\"name\":\"Startseite\",\"item\":\"https:\\\/\\\/www.moedlareuth.de\\\/\"},{\"@type\":\"ListItem\",\"position\":2,\"name\":\"&#8230; \u00dcber das Museum &#8211; wahrscheinlich tot\",\"item\":\"https:\\\/\\\/www.moedlareuth.de\\\/?page_id=39\"},{\"@type\":\"ListItem\",\"position\":3,\"name\":\"Besucherf\u00fchrungen\"}]},{\"@type\":\"WebSite\",\"@id\":\"https:\\\/\\\/moedlareuth.de\\\/preview\\\/#website\",\"url\":\"https:\\\/\\\/moedlareuth.de\\\/preview\\\/\",\"name\":\"Deutsch-Deutsches Museum M\u00f6dlareuth\",\"description\":\"Gedenkst\u00e4tte zur deutschen Teilung\",\"publisher\":{\"@id\":\"https:\\\/\\\/moedlareuth.de\\\/preview\\\/#organization\"},\"potentialAction\":[{\"@type\":\"SearchAction\",\"target\":{\"@type\":\"EntryPoint\",\"urlTemplate\":\"https:\\\/\\\/moedlareuth.de\\\/preview\\\/?s={search_term_string}\"},\"query-input\":{\"@type\":\"PropertyValueSpecification\",\"valueRequired\":true,\"valueName\":\"search_term_string\"}}],\"inLanguage\":\"cs\"},{\"@type\":\"Organization\",\"@id\":\"https:\\\/\\\/moedlareuth.de\\\/preview\\\/#organization\",\"name\":\"Deutsch-Deutsches Museum M\u00f6dlareuth\",\"url\":\"https:\\\/\\\/moedlareuth.de\\\/preview\\\/\",\"logo\":{\"@type\":\"ImageObject\",\"inLanguage\":\"cs\",\"@id\":\"https:\\\/\\\/moedlareuth.de\\\/preview\\\/#\\\/schema\\\/logo\\\/image\\\/\",\"url\":\"https:\\\/\\\/www.moedlareuth.de\\\/wp-content\\\/uploads\\\/2022\\\/02\\\/museum_moedlareuth_logo_hell_zusatz.svg\",\"contentUrl\":\"https:\\\/\\\/www.moedlareuth.de\\\/wp-content\\\/uploads\\\/2022\\\/02\\\/museum_moedlareuth_logo_hell_zusatz.svg\",\"width\":255,\"height\":62,\"caption\":\"Deutsch-Deutsches Museum M\u00f6dlareuth\"},\"image\":{\"@id\":\"https:\\\/\\\/moedlareuth.de\\\/preview\\\/#\\\/schema\\\/logo\\\/image\\\/\"}}]}<\/script>\n<!-- \/ Yoast SEO plugin. -->","yoast_head_json":{"title":"Besucherf\u00fchrungen - Deutsch-Deutsches Museum M\u00f6dlareuth","robots":{"index":"index","follow":"follow","max-snippet":"max-snippet:-1","max-image-preview":"max-image-preview:large","max-video-preview":"max-video-preview:-1"},"canonical":"https:\/\/www.moedlareuth.de\/cs\/museum__trashed\/besucherfuehrungen\/","og_locale":"cs_CZ","og_type":"article","og_title":"Besucherf\u00fchrungen - Deutsch-Deutsches Museum M\u00f6dlareuth","og_description":"Preise bis 10 Personen: 50,00 \u20ac\u00a0pauschal ab 11 Personen: 6,00 \u20ac\u00a0\/ Person Sch\u00fclergruppen: 3,00 \u20ac\u00a0\/ Sch\u00fcler Zus\u00e4tzlich k\u00f6nnen auf Wunsch die Ausstellung \u00bbMauer, Zaun und Stacheldraht\u00ab \u00fcber die Geschichte des geteilten Dorfes M\u00f6dlareuth, die Fahrzeugausstellung \u00bbBegrenzte Mobilit\u00e4t\u00ab und wechselnde Sonderausstellungen besichtigt werden. Die Besucherf\u00fchrungen bieten durch die Grenzarchitektur des historischen Ortes und die vermittelten Hintergrundinformationen...","og_url":"https:\/\/www.moedlareuth.de\/cs\/museum__trashed\/besucherfuehrungen\/","og_site_name":"Deutsch-Deutsches Museum M\u00f6dlareuth","article_modified_time":"2025-11-12T14:36:27+00:00","og_image":[{"width":1400,"height":933,"url":"https:\/\/www.moedlareuth.de\/wp-content\/uploads\/2019\/07\/MM-2019-06-27-047-e1561982464528.jpg","type":"image\/jpeg"}],"twitter_card":"summary_large_image","twitter_misc":{"Odhadovan\u00e1 doba \u010dten\u00ed":"1 minuta"},"schema":{"@context":"https:\/\/schema.org","@graph":[{"@type":"WebPage","@id":"https:\/\/www.moedlareuth.de\/museum__trashed\/besucherfuehrungen\/","url":"https:\/\/www.moedlareuth.de\/museum__trashed\/besucherfuehrungen\/","name":"Besucherf\u00fchrungen - Deutsch-Deutsches Museum M\u00f6dlareuth","isPartOf":{"@id":"https:\/\/moedlareuth.de\/preview\/#website"},"primaryImageOfPage":{"@id":"https:\/\/www.moedlareuth.de\/museum__trashed\/besucherfuehrungen\/#primaryimage"},"image":{"@id":"https:\/\/www.moedlareuth.de\/museum__trashed\/besucherfuehrungen\/#primaryimage"},"thumbnailUrl":"https:\/\/www.moedlareuth.de\/wp-content\/uploads\/2019\/07\/MM-2019-06-27-047-e1561982464528.jpg","datePublished":"2015-12-02T14:25:23+00:00","dateModified":"2025-11-12T14:36:27+00:00","breadcrumb":{"@id":"https:\/\/www.moedlareuth.de\/museum__trashed\/besucherfuehrungen\/#breadcrumb"},"inLanguage":"cs","potentialAction":[{"@type":"ReadAction","target":["https:\/\/www.moedlareuth.de\/museum__trashed\/besucherfuehrungen\/"]}]},{"@type":"ImageObject","inLanguage":"cs","@id":"https:\/\/www.moedlareuth.de\/museum__trashed\/besucherfuehrungen\/#primaryimage","url":"https:\/\/www.moedlareuth.de\/wp-content\/uploads\/2019\/07\/MM-2019-06-27-047-e1561982464528.jpg","contentUrl":"https:\/\/www.moedlareuth.de\/wp-content\/uploads\/2019\/07\/MM-2019-06-27-047-e1561982464528.jpg","width":1400,"height":933,"caption":"Gruppenf\u00fchrung"},{"@type":"BreadcrumbList","@id":"https:\/\/www.moedlareuth.de\/museum__trashed\/besucherfuehrungen\/#breadcrumb","itemListElement":[{"@type":"ListItem","position":1,"name":"Startseite","item":"https:\/\/www.moedlareuth.de\/"},{"@type":"ListItem","position":2,"name":"&#8230; \u00dcber das Museum &#8211; wahrscheinlich tot","item":"https:\/\/www.moedlareuth.de\/?page_id=39"},{"@type":"ListItem","position":3,"name":"Besucherf\u00fchrungen"}]},{"@type":"WebSite","@id":"https:\/\/moedlareuth.de\/preview\/#website","url":"https:\/\/moedlareuth.de\/preview\/","name":"Deutsch-Deutsches Museum M\u00f6dlareuth","description":"Pam\u00e1tn\u00edk rozd\u011blen\u00ed N\u011bmecka","publisher":{"@id":"https:\/\/moedlareuth.de\/preview\/#organization"},"potentialAction":[{"@type":"SearchAction","target":{"@type":"EntryPoint","urlTemplate":"https:\/\/moedlareuth.de\/preview\/?s={search_term_string}"},"query-input":{"@type":"PropertyValueSpecification","valueRequired":true,"valueName":"search_term_string"}}],"inLanguage":"cs"},{"@type":"Organization","@id":"https:\/\/moedlareuth.de\/preview\/#organization","name":"Deutsch-Deutsches Museum M\u00f6dlareuth","url":"https:\/\/moedlareuth.de\/preview\/","logo":{"@type":"ImageObject","inLanguage":"cs","@id":"https:\/\/moedlareuth.de\/preview\/#\/schema\/logo\/image\/","url":"https:\/\/www.moedlareuth.de\/wp-content\/uploads\/2022\/02\/museum_moedlareuth_logo_hell_zusatz.svg","contentUrl":"https:\/\/www.moedlareuth.de\/wp-content\/uploads\/2022\/02\/museum_moedlareuth_logo_hell_zusatz.svg","width":255,"height":62,"caption":"Deutsch-Deutsches Museum M\u00f6dlareuth"},"image":{"@id":"https:\/\/moedlareuth.de\/preview\/#\/schema\/logo\/image\/"}}]}},"_links":{"self":[{"href":"https:\/\/www.moedlareuth.de\/cs\/wp-json\/wp\/v2\/pages\/319","targetHints":{"allow":["GET"]}}],"collection":[{"href":"https:\/\/www.moedlareuth.de\/cs\/wp-json\/wp\/v2\/pages"}],"about":[{"href":"https:\/\/www.moedlareuth.de\/cs\/wp-json\/wp\/v2\/types\/page"}],"author":[{"embeddable":true,"href":"https:\/\/www.moedlareuth.de\/cs\/wp-json\/wp\/v2\/users\/1"}],"replies":[{"embeddable":true,"href":"https:\/\/www.moedlareuth.de\/cs\/wp-json\/wp\/v2\/comments?post=319"}],"version-history":[{"count":9,"href":"https:\/\/www.moedlareuth.de\/cs\/wp-json\/wp\/v2\/pages\/319\/revisions"}],"predecessor-version":[{"id":15561,"href":"https:\/\/www.moedlareuth.de\/cs\/wp-json\/wp\/v2\/pages\/319\/revisions\/15561"}],"up":[{"embeddable":true,"href":"https:\/\/www.moedlareuth.de\/cs\/wp-json\/wp\/v2\/pages\/39"}],"wp:featuredmedia":[{"embeddable":true,"href":"https:\/\/www.moedlareuth.de\/cs\/wp-json\/wp\/v2\/media\/7236"}],"wp:attachment":[{"href":"https:\/\/www.moedlareuth.de\/cs\/wp-json\/wp\/v2\/media?parent=319"}],"wp:term":[{"taxonomy":"kategorien","embeddable":true,"href":"https:\/\/www.moedlareuth.de\/cs\/wp-json\/wp\/v2\/kategorien?post=319"}],"curies":[{"name":"wp","href":"https:\/\/api.w.org\/{rel}","templated":true}]}}