{"id":15072,"date":"2025-07-18T08:40:36","date_gmt":"2025-07-18T06:40:36","guid":{"rendered":"https:\/\/www.moedlareuth.de\/?page_id=15072"},"modified":"2026-03-05T09:33:32","modified_gmt":"2026-03-05T08:33:32","slug":"vr-rundgaenge","status":"publish","type":"page","link":"https:\/\/www.moedlareuth.de\/cs\/museum\/vr-rundgaenge\/","title":{"rendered":"Guided VR tours"},"content":{"rendered":"<style>.kb-row-layout-id15072_b2ba0f-d9 > .kt-row-column-wrap{align-content:start;}:where(.kb-row-layout-id15072_b2ba0f-d9 > .kt-row-column-wrap) > .wp-block-kadence-column{justify-content:start;}.kb-row-layout-id15072_b2ba0f-d9 > .kt-row-column-wrap{column-gap:var(--global-kb-gap-md, 2rem);row-gap:var(--global-kb-gap-md, 2rem);padding-top:var(--global-kb-spacing-sm, 1.5rem);padding-bottom:var(--global-kb-spacing-sm, 1.5rem);}.kb-row-layout-id15072_b2ba0f-d9 > .kt-row-column-wrap > div:not(.added-for-specificity){grid-column:initial;}.kb-row-layout-id15072_b2ba0f-d9 > .kt-row-column-wrap{grid-template-columns:minmax(0, 1fr) minmax(0, 3fr) minmax(0, 1fr);}.kb-row-layout-id15072_b2ba0f-d9 > .kt-row-layout-overlay{opacity:0.30;}@media all and (max-width: 1024px){.kb-row-layout-id15072_b2ba0f-d9 > .kt-row-column-wrap > div:not(.added-for-specificity){grid-column:initial;}}@media all and (max-width: 1024px){.kb-row-layout-id15072_b2ba0f-d9 > .kt-row-column-wrap{grid-template-columns:minmax(0, 1fr) minmax(0, 3fr) minmax(0, 1fr);}}@media all and (max-width: 767px){.kb-row-layout-id15072_b2ba0f-d9 > .kt-row-column-wrap > div:not(.added-for-specificity){grid-column:initial;}.kb-row-layout-id15072_b2ba0f-d9 > .kt-row-column-wrap{grid-template-columns:minmax(0, 1fr);}}<\/style><div class=\"kb-row-layout-wrap kb-row-layout-id15072_b2ba0f-d9 alignnone wp-block-kadence-rowlayout\"><div class=\"kt-row-column-wrap kt-has-3-columns kt-row-layout-center-wide kt-tab-layout-inherit kt-mobile-layout-row kt-row-valign-top\">\n<style>.kadence-column15072_3405ac-83 > .kt-inside-inner-col,.kadence-column15072_3405ac-83 > .kt-inside-inner-col:before{border-top-left-radius:0px;border-top-right-radius:0px;border-bottom-right-radius:0px;border-bottom-left-radius:0px;}.kadence-column15072_3405ac-83 > .kt-inside-inner-col{column-gap:var(--global-kb-gap-sm, 1rem);}.kadence-column15072_3405ac-83 > .kt-inside-inner-col{flex-direction:column;}.kadence-column15072_3405ac-83 > .kt-inside-inner-col > .aligncenter{width:100%;}.kadence-column15072_3405ac-83 > .kt-inside-inner-col:before{opacity:0.3;}.kadence-column15072_3405ac-83{position:relative;}@media all and (max-width: 1024px){.kadence-column15072_3405ac-83 > .kt-inside-inner-col{flex-direction:column;justify-content:center;}}@media all and (max-width: 767px){.kadence-column15072_3405ac-83 > .kt-inside-inner-col{flex-direction:column;justify-content:center;}}<\/style>\n<div class=\"wp-block-kadence-column kadence-column15072_3405ac-83\"><div class=\"kt-inside-inner-col\"><\/div><\/div>\n\n\n<style>.kadence-column15072_6a7e3c-93 > .kt-inside-inner-col,.kadence-column15072_6a7e3c-93 > .kt-inside-inner-col:before{border-top-left-radius:0px;border-top-right-radius:0px;border-bottom-right-radius:0px;border-bottom-left-radius:0px;}.kadence-column15072_6a7e3c-93 > .kt-inside-inner-col{column-gap:var(--global-kb-gap-sm, 1rem);}.kadence-column15072_6a7e3c-93 > .kt-inside-inner-col{flex-direction:column;}.kadence-column15072_6a7e3c-93 > .kt-inside-inner-col > .aligncenter{width:100%;}.kadence-column15072_6a7e3c-93 > .kt-inside-inner-col:before{opacity:0.3;}.kadence-column15072_6a7e3c-93{position:relative;}@media all and (max-width: 1024px){.kadence-column15072_6a7e3c-93 > .kt-inside-inner-col{flex-direction:column;justify-content:center;}}@media all and (max-width: 767px){.kadence-column15072_6a7e3c-93 > .kt-inside-inner-col{flex-direction:column;justify-content:center;}}<\/style>\n<div class=\"wp-block-kadence-column kadence-column15072_6a7e3c-93\"><div class=\"kt-inside-inner-col\">\n<h5 class=\"wp-block-heading\">-<\/h5>\n\n\n\n<ul class=\"wp-block-list\">\n<li>-<\/li>\n\n\n\n<li>-<\/li>\n\n\n\n<li>-<\/li>\n\n\n\n<li>- <strong>-<\/strong> durch das Au\u00dfengel\u00e4nde des Museums<\/li>\n\n\n\n<li>-<\/li>\n\n\n\n<li>Kosten (<strong>Museumseintritt im Preis enthalten<\/strong>):<\/li>\n<\/ul>\n\n\n\n<figure class=\"wp-block-table\"><table class=\"has-fixed-layout\"><tbody><tr><td><strong>-<\/strong><\/td><td><strong>-<\/strong><\/td><\/tr><tr><td>-<\/td><td>-<\/td><\/tr><tr><td>-<\/td><td>-<\/td><\/tr><\/tbody><\/table><\/figure>\n\n\n\n<figure class=\"wp-block-image size-large\"><a href=\"https:\/\/www.moedlareuth.de\/wp-content\/uploads\/2025\/07\/moedlareuth-vr054-Kopie-2-scaled.jpg\"><img fetchpriority=\"high\" decoding=\"async\" width=\"1024\" height=\"683\" src=\"https:\/\/www.moedlareuth.de\/wp-content\/uploads\/2025\/07\/moedlareuth-vr054-Kopie-2-1024x683.jpg\" alt=\"\" class=\"wp-image-15075\" srcset=\"https:\/\/www.moedlareuth.de\/wp-content\/uploads\/2025\/07\/moedlareuth-vr054-Kopie-2-1024x683.jpg 1024w, https:\/\/www.moedlareuth.de\/wp-content\/uploads\/2025\/07\/moedlareuth-vr054-Kopie-2-300x200.jpg 300w, https:\/\/www.moedlareuth.de\/wp-content\/uploads\/2025\/07\/moedlareuth-vr054-Kopie-2-768x512.jpg 768w, https:\/\/www.moedlareuth.de\/wp-content\/uploads\/2025\/07\/moedlareuth-vr054-Kopie-2-1536x1024.jpg 1536w, https:\/\/www.moedlareuth.de\/wp-content\/uploads\/2025\/07\/moedlareuth-vr054-Kopie-2-2048x1365.jpg 2048w, https:\/\/www.moedlareuth.de\/wp-content\/uploads\/2025\/07\/moedlareuth-vr054-Kopie-2-18x12.jpg 18w\" sizes=\"(max-width: 1024px) 100vw, 1024px\" \/><\/a><\/figure>\n\n\n\n<p><\/p>\n\n\n\n<h5 class=\"wp-block-heading\">-<\/h5>\n\n\n\n<ul class=\"wp-block-list\">\n<li>-<\/li>\n\n\n\n<li>-<\/li>\n\n\n\n<li>-<\/li>\n\n\n\n<li>- <strong>-<\/strong> -<\/li>\n\n\n\n<li>-<\/li>\n\n\n\n<li><strong>-<\/strong> -<\/li>\n\n\n\n<li>Kosten (<strong>Museumseintritt im Preis enthalten<\/strong>):<\/li>\n<\/ul>\n\n\n\n<figure class=\"wp-block-table\"><table class=\"has-fixed-layout\"><tbody><tr><td><strong>-<\/strong><\/td><td><strong>-<\/strong><\/td><\/tr><tr><td>-<\/td><td>-<\/td><\/tr><\/tbody><\/table><\/figure>\n<\/div><\/div>\n\n\n<style>.kadence-column15072_c56ab0-8b > .kt-inside-inner-col,.kadence-column15072_c56ab0-8b > .kt-inside-inner-col:before{border-top-left-radius:0px;border-top-right-radius:0px;border-bottom-right-radius:0px;border-bottom-left-radius:0px;}.kadence-column15072_c56ab0-8b > .kt-inside-inner-col{column-gap:var(--global-kb-gap-sm, 1rem);}.kadence-column15072_c56ab0-8b > .kt-inside-inner-col{flex-direction:column;}.kadence-column15072_c56ab0-8b > .kt-inside-inner-col > .aligncenter{width:100%;}.kadence-column15072_c56ab0-8b > .kt-inside-inner-col:before{opacity:0.3;}.kadence-column15072_c56ab0-8b{position:relative;}@media all and (max-width: 1024px){.kadence-column15072_c56ab0-8b > .kt-inside-inner-col{flex-direction:column;justify-content:center;}}@media all and (max-width: 767px){.kadence-column15072_c56ab0-8b > .kt-inside-inner-col{flex-direction:column;justify-content:center;}}<\/style>\n<div class=\"wp-block-kadence-column kadence-column15072_c56ab0-8b\"><div class=\"kt-inside-inner-col\"><\/div><\/div>\n\n<\/div><\/div>\n\n\n<p><\/p>","protected":false},"excerpt":{"rendered":"<p>F\u00fcr Individualbesucher und Gruppen Gruppengr\u00f6\u00dfe Preis bis 5 Personen 75,00- \u20ac pauschal ab 6 Personen 15,00- \u20ac \/ Person F\u00fcr Schulklassen Gruppengr\u00f6\u00dfe Preis bis max. 15 Personen 8,00- \u20ac \/ Sch\u00fcler<\/p>","protected":false},"author":10,"featured_media":15074,"parent":39,"menu_order":0,"comment_status":"closed","ping_status":"closed","template":"","meta":{"_acf_changed":false,"inline_featured_image":false,"_kad_post_transparent":"","_kad_post_title":"","_kad_post_layout":"","_kad_post_sidebar_id":"","_kad_post_content_style":"","_kad_post_vertical_padding":"","_kad_post_feature":"","_kad_post_feature_position":"","_kad_post_header":false,"_kad_post_footer":false,"_kad_post_classname":"","footnotes":""},"kategorien":[],"class_list":["post-15072","page","type-page","status-publish","has-post-thumbnail","hentry"],"acf":[],"yoast_head":"<!-- This site is optimized with the Yoast SEO plugin v27.4 - https:\/\/yoast.com\/product\/yoast-seo-wordpress\/ -->\n<title>VR-F\u00fchrungen - Deutsch-Deutsches Museum M\u00f6dlareuth<\/title>\n<meta name=\"robots\" content=\"index, follow, max-snippet:-1, max-image-preview:large, max-video-preview:-1\" \/>\n<link rel=\"canonical\" href=\"https:\/\/www.moedlareuth.de\/cs\/museum\/vr-rundgaenge\/\" \/>\n<meta property=\"og:locale\" content=\"cs_CZ\" \/>\n<meta property=\"og:type\" content=\"article\" \/>\n<meta property=\"og:title\" content=\"VR-F\u00fchrungen - Deutsch-Deutsches Museum M\u00f6dlareuth\" \/>\n<meta property=\"og:description\" content=\"F\u00fcr Individualbesucher und Gruppen Gruppengr\u00f6\u00dfe Preis bis 5 Personen 75,00- \u20ac pauschal ab 6 Personen 15,00- \u20ac \/ Person F\u00fcr Schulklassen Gruppengr\u00f6\u00dfe Preis bis max. 15 Personen 8,00- \u20ac \/ Sch\u00fcler\" \/>\n<meta property=\"og:url\" content=\"https:\/\/www.moedlareuth.de\/cs\/museum\/vr-rundgaenge\/\" \/>\n<meta property=\"og:site_name\" content=\"Deutsch-Deutsches Museum M\u00f6dlareuth\" \/>\n<meta property=\"article:modified_time\" content=\"2026-03-05T08:33:32+00:00\" \/>\n<meta property=\"og:image\" content=\"https:\/\/www.moedlareuth.de\/wp-content\/uploads\/2025\/07\/S_02_A_Marketing-Kopie-scaled.jpg\" \/>\n\t<meta property=\"og:image:width\" content=\"2560\" \/>\n\t<meta property=\"og:image:height\" content=\"1440\" \/>\n\t<meta property=\"og:image:type\" content=\"image\/jpeg\" \/>\n<meta name=\"twitter:card\" content=\"summary_large_image\" \/>\n<meta name=\"twitter:label1\" content=\"Odhadovan\u00e1 doba \u010dten\u00ed\" \/>\n\t<meta name=\"twitter:data1\" content=\"2 minuty\" \/>\n<script type=\"application\/ld+json\" class=\"yoast-schema-graph\">{\"@context\":\"https:\\\/\\\/schema.org\",\"@graph\":[{\"@type\":\"WebPage\",\"@id\":\"https:\\\/\\\/www.moedlareuth.de\\\/museum\\\/vr-rundgaenge\\\/\",\"url\":\"https:\\\/\\\/www.moedlareuth.de\\\/museum\\\/vr-rundgaenge\\\/\",\"name\":\"VR-F\u00fchrungen - Deutsch-Deutsches Museum M\u00f6dlareuth\",\"isPartOf\":{\"@id\":\"https:\\\/\\\/moedlareuth.de\\\/preview\\\/#website\"},\"primaryImageOfPage\":{\"@id\":\"https:\\\/\\\/www.moedlareuth.de\\\/museum\\\/vr-rundgaenge\\\/#primaryimage\"},\"image\":{\"@id\":\"https:\\\/\\\/www.moedlareuth.de\\\/museum\\\/vr-rundgaenge\\\/#primaryimage\"},\"thumbnailUrl\":\"https:\\\/\\\/www.moedlareuth.de\\\/wp-content\\\/uploads\\\/2025\\\/07\\\/S_02_A_Marketing-Kopie-scaled.jpg\",\"datePublished\":\"2025-07-18T06:40:36+00:00\",\"dateModified\":\"2026-03-05T08:33:32+00:00\",\"breadcrumb\":{\"@id\":\"https:\\\/\\\/www.moedlareuth.de\\\/museum\\\/vr-rundgaenge\\\/#breadcrumb\"},\"inLanguage\":\"cs\",\"potentialAction\":[{\"@type\":\"ReadAction\",\"target\":[\"https:\\\/\\\/www.moedlareuth.de\\\/museum\\\/vr-rundgaenge\\\/\"]}]},{\"@type\":\"ImageObject\",\"inLanguage\":\"cs\",\"@id\":\"https:\\\/\\\/www.moedlareuth.de\\\/museum\\\/vr-rundgaenge\\\/#primaryimage\",\"url\":\"https:\\\/\\\/www.moedlareuth.de\\\/wp-content\\\/uploads\\\/2025\\\/07\\\/S_02_A_Marketing-Kopie-scaled.jpg\",\"contentUrl\":\"https:\\\/\\\/www.moedlareuth.de\\\/wp-content\\\/uploads\\\/2025\\\/07\\\/S_02_A_Marketing-Kopie-scaled.jpg\",\"width\":2560,\"height\":1440},{\"@type\":\"BreadcrumbList\",\"@id\":\"https:\\\/\\\/www.moedlareuth.de\\\/museum\\\/vr-rundgaenge\\\/#breadcrumb\",\"itemListElement\":[{\"@type\":\"ListItem\",\"position\":1,\"name\":\"Startseite\",\"item\":\"https:\\\/\\\/www.moedlareuth.de\\\/\"},{\"@type\":\"ListItem\",\"position\":2,\"name\":\"&#8230; \u00dcber das Museum &#8211; wahrscheinlich tot\",\"item\":\"https:\\\/\\\/www.moedlareuth.de\\\/?page_id=39\"},{\"@type\":\"ListItem\",\"position\":3,\"name\":\"VR-F\u00fchrungen\"}]},{\"@type\":\"WebSite\",\"@id\":\"https:\\\/\\\/moedlareuth.de\\\/preview\\\/#website\",\"url\":\"https:\\\/\\\/moedlareuth.de\\\/preview\\\/\",\"name\":\"Deutsch-Deutsches Museum M\u00f6dlareuth\",\"description\":\"Gedenkst\u00e4tte zur deutschen Teilung\",\"publisher\":{\"@id\":\"https:\\\/\\\/moedlareuth.de\\\/preview\\\/#organization\"},\"potentialAction\":[{\"@type\":\"SearchAction\",\"target\":{\"@type\":\"EntryPoint\",\"urlTemplate\":\"https:\\\/\\\/moedlareuth.de\\\/preview\\\/?s={search_term_string}\"},\"query-input\":{\"@type\":\"PropertyValueSpecification\",\"valueRequired\":true,\"valueName\":\"search_term_string\"}}],\"inLanguage\":\"cs\"},{\"@type\":\"Organization\",\"@id\":\"https:\\\/\\\/moedlareuth.de\\\/preview\\\/#organization\",\"name\":\"Deutsch-Deutsches Museum M\u00f6dlareuth\",\"url\":\"https:\\\/\\\/moedlareuth.de\\\/preview\\\/\",\"logo\":{\"@type\":\"ImageObject\",\"inLanguage\":\"cs\",\"@id\":\"https:\\\/\\\/moedlareuth.de\\\/preview\\\/#\\\/schema\\\/logo\\\/image\\\/\",\"url\":\"https:\\\/\\\/www.moedlareuth.de\\\/wp-content\\\/uploads\\\/2022\\\/02\\\/museum_moedlareuth_logo_hell_zusatz.svg\",\"contentUrl\":\"https:\\\/\\\/www.moedlareuth.de\\\/wp-content\\\/uploads\\\/2022\\\/02\\\/museum_moedlareuth_logo_hell_zusatz.svg\",\"width\":255,\"height\":62,\"caption\":\"Deutsch-Deutsches Museum M\u00f6dlareuth\"},\"image\":{\"@id\":\"https:\\\/\\\/moedlareuth.de\\\/preview\\\/#\\\/schema\\\/logo\\\/image\\\/\"}}]}<\/script>\n<!-- \/ Yoast SEO plugin. -->","yoast_head_json":{"title":"VR-F\u00fchrungen - Deutsch-Deutsches Museum M\u00f6dlareuth","robots":{"index":"index","follow":"follow","max-snippet":"max-snippet:-1","max-image-preview":"max-image-preview:large","max-video-preview":"max-video-preview:-1"},"canonical":"https:\/\/www.moedlareuth.de\/cs\/museum\/vr-rundgaenge\/","og_locale":"cs_CZ","og_type":"article","og_title":"VR-F\u00fchrungen - Deutsch-Deutsches Museum M\u00f6dlareuth","og_description":"F\u00fcr Individualbesucher und Gruppen Gruppengr\u00f6\u00dfe Preis bis 5 Personen 75,00- \u20ac pauschal ab 6 Personen 15,00- \u20ac \/ Person F\u00fcr Schulklassen Gruppengr\u00f6\u00dfe Preis bis max. 15 Personen 8,00- \u20ac \/ Sch\u00fcler","og_url":"https:\/\/www.moedlareuth.de\/cs\/museum\/vr-rundgaenge\/","og_site_name":"Deutsch-Deutsches Museum M\u00f6dlareuth","article_modified_time":"2026-03-05T08:33:32+00:00","og_image":[{"width":2560,"height":1440,"url":"https:\/\/www.moedlareuth.de\/wp-content\/uploads\/2025\/07\/S_02_A_Marketing-Kopie-scaled.jpg","type":"image\/jpeg"}],"twitter_card":"summary_large_image","twitter_misc":{"Odhadovan\u00e1 doba \u010dten\u00ed":"2 minuty"},"schema":{"@context":"https:\/\/schema.org","@graph":[{"@type":"WebPage","@id":"https:\/\/www.moedlareuth.de\/museum\/vr-rundgaenge\/","url":"https:\/\/www.moedlareuth.de\/museum\/vr-rundgaenge\/","name":"VR-F\u00fchrungen - Deutsch-Deutsches Museum M\u00f6dlareuth","isPartOf":{"@id":"https:\/\/moedlareuth.de\/preview\/#website"},"primaryImageOfPage":{"@id":"https:\/\/www.moedlareuth.de\/museum\/vr-rundgaenge\/#primaryimage"},"image":{"@id":"https:\/\/www.moedlareuth.de\/museum\/vr-rundgaenge\/#primaryimage"},"thumbnailUrl":"https:\/\/www.moedlareuth.de\/wp-content\/uploads\/2025\/07\/S_02_A_Marketing-Kopie-scaled.jpg","datePublished":"2025-07-18T06:40:36+00:00","dateModified":"2026-03-05T08:33:32+00:00","breadcrumb":{"@id":"https:\/\/www.moedlareuth.de\/museum\/vr-rundgaenge\/#breadcrumb"},"inLanguage":"cs","potentialAction":[{"@type":"ReadAction","target":["https:\/\/www.moedlareuth.de\/museum\/vr-rundgaenge\/"]}]},{"@type":"ImageObject","inLanguage":"cs","@id":"https:\/\/www.moedlareuth.de\/museum\/vr-rundgaenge\/#primaryimage","url":"https:\/\/www.moedlareuth.de\/wp-content\/uploads\/2025\/07\/S_02_A_Marketing-Kopie-scaled.jpg","contentUrl":"https:\/\/www.moedlareuth.de\/wp-content\/uploads\/2025\/07\/S_02_A_Marketing-Kopie-scaled.jpg","width":2560,"height":1440},{"@type":"BreadcrumbList","@id":"https:\/\/www.moedlareuth.de\/museum\/vr-rundgaenge\/#breadcrumb","itemListElement":[{"@type":"ListItem","position":1,"name":"Startseite","item":"https:\/\/www.moedlareuth.de\/"},{"@type":"ListItem","position":2,"name":"&#8230; \u00dcber das Museum &#8211; wahrscheinlich tot","item":"https:\/\/www.moedlareuth.de\/?page_id=39"},{"@type":"ListItem","position":3,"name":"VR-F\u00fchrungen"}]},{"@type":"WebSite","@id":"https:\/\/moedlareuth.de\/preview\/#website","url":"https:\/\/moedlareuth.de\/preview\/","name":"Deutsch-Deutsches Museum M\u00f6dlareuth","description":"Pam\u00e1tn\u00edk rozd\u011blen\u00ed N\u011bmecka","publisher":{"@id":"https:\/\/moedlareuth.de\/preview\/#organization"},"potentialAction":[{"@type":"SearchAction","target":{"@type":"EntryPoint","urlTemplate":"https:\/\/moedlareuth.de\/preview\/?s={search_term_string}"},"query-input":{"@type":"PropertyValueSpecification","valueRequired":true,"valueName":"search_term_string"}}],"inLanguage":"cs"},{"@type":"Organization","@id":"https:\/\/moedlareuth.de\/preview\/#organization","name":"Deutsch-Deutsches Museum M\u00f6dlareuth","url":"https:\/\/moedlareuth.de\/preview\/","logo":{"@type":"ImageObject","inLanguage":"cs","@id":"https:\/\/moedlareuth.de\/preview\/#\/schema\/logo\/image\/","url":"https:\/\/www.moedlareuth.de\/wp-content\/uploads\/2022\/02\/museum_moedlareuth_logo_hell_zusatz.svg","contentUrl":"https:\/\/www.moedlareuth.de\/wp-content\/uploads\/2022\/02\/museum_moedlareuth_logo_hell_zusatz.svg","width":255,"height":62,"caption":"Deutsch-Deutsches Museum M\u00f6dlareuth"},"image":{"@id":"https:\/\/moedlareuth.de\/preview\/#\/schema\/logo\/image\/"}}]}},"_links":{"self":[{"href":"https:\/\/www.moedlareuth.de\/cs\/wp-json\/wp\/v2\/pages\/15072","targetHints":{"allow":["GET"]}}],"collection":[{"href":"https:\/\/www.moedlareuth.de\/cs\/wp-json\/wp\/v2\/pages"}],"about":[{"href":"https:\/\/www.moedlareuth.de\/cs\/wp-json\/wp\/v2\/types\/page"}],"author":[{"embeddable":true,"href":"https:\/\/www.moedlareuth.de\/cs\/wp-json\/wp\/v2\/users\/10"}],"replies":[{"embeddable":true,"href":"https:\/\/www.moedlareuth.de\/cs\/wp-json\/wp\/v2\/comments?post=15072"}],"version-history":[{"count":9,"href":"https:\/\/www.moedlareuth.de\/cs\/wp-json\/wp\/v2\/pages\/15072\/revisions"}],"predecessor-version":[{"id":16683,"href":"https:\/\/www.moedlareuth.de\/cs\/wp-json\/wp\/v2\/pages\/15072\/revisions\/16683"}],"up":[{"embeddable":true,"href":"https:\/\/www.moedlareuth.de\/cs\/wp-json\/wp\/v2\/pages\/39"}],"wp:featuredmedia":[{"embeddable":true,"href":"https:\/\/www.moedlareuth.de\/cs\/wp-json\/wp\/v2\/media\/15074"}],"wp:attachment":[{"href":"https:\/\/www.moedlareuth.de\/cs\/wp-json\/wp\/v2\/media?parent=15072"}],"wp:term":[{"taxonomy":"kategorien","embeddable":true,"href":"https:\/\/www.moedlareuth.de\/cs\/wp-json\/wp\/v2\/kategorien?post=15072"}],"curies":[{"name":"wp","href":"https:\/\/api.w.org\/{rel}","templated":true}]}}